{"id":12124,"date":"2020-06-23T22:11:42","date_gmt":"2020-06-23T22:11:42","guid":{"rendered":"https:\/\/mercatomisr.com\/history-of-egypt\/"},"modified":"2020-06-23T22:21:40","modified_gmt":"2020-06-23T22:21:40","slug":"history-of-egypt","status":"publish","type":"page","link":"https:\/\/www.exploreegypttours.com\/es\/history-of-egypt\/","title":{"rendered":"Historia de Egipto"},"content":{"rendered":"\n<p>Su nombre propio evoca im\u00e1gines ex\u00f3ticas de faraones, pir\u00e1mides, palmeras inclinadas, cleopatras esclavos y bailarinas; Egipto representa todo esto y mucho m\u00e1s. Se trata de un pa\u00eds con m\u00e1s de 10000 a\u00f1os de historia, su riqueza en el campo hist\u00f3rico no tiene par ni rival. Es el pa\u00eds m\u00e1s grande de \u00c1frica y el oriente medio que ocupa una superficie total de un mill\u00f3n 200 mil kil\u00f3metros cuadrados, situado en el extremo noroeste de \u00c1frica. De todo este territorio es habitual una peque\u00f1a proporci\u00f3n, casi 6%, y el resto es un desierto \u00e1rido. La parte f\u00e9rtil del pa\u00eds se compone del valle del Nilo y 5 oasis \u00e1ridos que est\u00e1n situados en el desierto occidental.<br>La historia egipcia documentada empieza en el a\u00f1o 3200 antes de Cristo (a.d.c.) con la primera Dinast\u00eda, es decir, una familia que gobernaba Egipto durante un per\u00edodo determinado. Dicha Dinast\u00eda empez\u00f3 en el a\u00f1o 3200 a.d.c.; despu\u00e9s de la unificaci\u00f3n de las dos partes Del pa\u00eds, porque el pa\u00eds originalmente fue separado en dos partes: el alto Egipto y el bajo Egipto, que fueron gobernados por dos reyes: el rey del Sur, Menes y el rey del Norte, recib\u00eda varios nombres, de los cuales era Escorpi\u00f3n. Pero el rey Menes no era contento viendo el pa\u00eds separado as\u00ed, por eso, fue luchando contra el rey del Norte y por final pudo ganar la guerra juntando las dos partes del pa\u00eds y fundando la primera capital del pa\u00eds que recib\u00eda varios nombres: Enbhg, Men Nefer, Menphis y Mit Rahina.<br>Este rey se considera el primer ray de la primera Dinast\u00eda. Y le siguieron otras 29 Dinast\u00edas. Pues la historia de Egipto se divide en XXX Dinast\u00edas, para otros egipt\u00f3logos son 31 Dinast\u00edas, subdivididas a su vez en varios per\u00edodos y imperios: el imperio antiguo, el imperio medio y el imperio nuevo. Este empez\u00f3 desde el a\u00f1o 1550: 1085 a.d.c. En respecto a la primera cronolog\u00eda de la historia del Egipto fara\u00f3nico, hay que agradecerle a Manet\u00f3n, un Sacerdote del siglo III a.d.c., quien escribi\u00f3 la Egiptiaca, una obra en griego, donde narraba la historia de Egipto para el Ptolomeo II (Filadelfo).<br>Y Se termina la \u00e9poca fara\u00f3nica con la conquista de Alejandro Magno en 332 a.d.c. Y despu\u00e9s de la muerte de \u00e9l, su virrey Ptolomeo I r\u00e1pidamente pudo formar la primera Dinast\u00eda Ptolomaica en Egipto que dur\u00f3 m\u00e1s de 3 siglos y se acab\u00f3 con la muerte de la famos\u00edsima Cleopatra en 30 a.d.c. Despu\u00e9s Egipto estaba viviendo otra \u00e9poca muy mala; pues despu\u00e9s de haber sido la capital del Imperio Ptolomaico, s\u00f3lo se form\u00f3 una parte del Imperio Romano.<br>En 641, los musulmanes conquistaron a Egipto. M\u00e1s tarde, Egipto fue conqistado por los Otomanos hasta la ocupaci\u00f3n francesa (1978-1801). Y despu\u00e9s, Egipto se invadi\u00f3 por los ingleses (1882-1952).<\/p>\n\n\n\n<p>El origen del egipcio<br>La mayor\u00eda de los egipcios descienden de la Poblaci\u00f3n nativa y premusulmana, es decir, de los antiguos egipcios y de los musulmanes que conquistaron a Egipto en el siglo VII. Tambi\u00e9n, hay una serie de caracter\u00edsticas f\u00edsicas en los habitantes del valle del Nilo.<\/p>\n","protected":false},"excerpt":{"rendered":"<p>Su nombre propio evoca im\u00e1gines ex\u00f3ticas de faraones, pir\u00e1mides, palmeras inclinadas, cleopatras esclavos y bailarinas; Egipto representa todo esto y mucho m\u00e1s. Se trata de un pa\u00eds con m\u00e1s de 10000 a\u00f1os de historia, su riqueza en el campo hist\u00f3rico no tiene par ni rival. Es el pa\u00eds m\u00e1s grande de \u00c1frica y el oriente [&hellip;]<\/p>\n","protected":false},"author":1,"featured_media":48631,"parent":0,"menu_order":0,"comment_status":"closed","ping_status":"closed","template":"template-home-modern.php","meta":{"_acf_changed":false,"footnotes":""},"class_list":["post-12124","page","type-page","status-publish","has-post-thumbnail","hentry"],"acf":[],"_links":{"self":[{"href":"https:\/\/www.exploreegypttours.com\/es\/wp-json\/wp\/v2\/pages\/12124","targetHints":{"allow":["GET"]}}],"collection":[{"href":"https:\/\/www.exploreegypttours.com\/es\/wp-json\/wp\/v2\/pages"}],"about":[{"href":"https:\/\/www.exploreegypttours.com\/es\/wp-json\/wp\/v2\/types\/page"}],"author":[{"embeddable":true,"href":"https:\/\/www.exploreegypttours.com\/es\/wp-json\/wp\/v2\/users\/1"}],"replies":[{"embeddable":true,"href":"https:\/\/www.exploreegypttours.com\/es\/wp-json\/wp\/v2\/comments?post=12124"}],"version-history":[{"count":0,"href":"https:\/\/www.exploreegypttours.com\/es\/wp-json\/wp\/v2\/pages\/12124\/revisions"}],"wp:featuredmedia":[{"embeddable":true,"href":"https:\/\/www.exploreegypttours.com\/es\/wp-json\/wp\/v2\/media\/48631"}],"wp:attachment":[{"href":"https:\/\/www.exploreegypttours.com\/es\/wp-json\/wp\/v2\/media?parent=12124"}],"curies":[{"name":"wp","href":"https:\/\/api.w.org\/{rel}","templated":true}]}}