{"id":13259,"date":"2020-06-25T12:00:33","date_gmt":"2020-06-25T12:00:33","guid":{"rendered":"https:\/\/mercatomisr.com\/egypt-holiday-calendar\/"},"modified":"2020-06-26T13:20:37","modified_gmt":"2020-06-26T13:20:37","slug":"egypt-holiday-calendar","status":"publish","type":"page","link":"https:\/\/www.exploreegypttours.com\/es\/cruceros-internacionales\/","title":{"rendered":"Cruceros Internacionales"},"content":{"rendered":"\n<p>Viajes por l\u00edneas de cruceros se est\u00e1n haciendo tan populares entre los viajeros de todos los d\u00edas. Con las l\u00edneas de cruceros se puede llegar a muchos destinos maravillosos sin tener que mover un hotel en cada lugar que vas. Es realmente incre\u00edble la cantidad de diversi\u00f3n que puede tener a bordo de estas l\u00edneas de cruceros con numerosos servicios e instalaciones que superan los l\u00edmites de cualquier hotel en tierra pueden ofrecer los hoteles. Disfruta de su viaje con hermosos paisajes. Es un turismo de muchos destinos tur\u00edsticos en r\u00e9gimen de pensi\u00f3n completa.<\/p>\n","protected":false},"excerpt":{"rendered":"<p>Viajes por l\u00edneas de cruceros se est\u00e1n haciendo tan populares entre los viajeros de todos los d\u00edas. Con las l\u00edneas de cruceros se puede llegar a muchos destinos maravillosos sin tener que mover un hotel en cada lugar que vas. Es realmente incre\u00edble la cantidad de diversi\u00f3n que puede tener a bordo de estas l\u00edneas [&hellip;]<\/p>\n","protected":false},"author":1,"featured_media":0,"parent":0,"menu_order":0,"comment_status":"closed","ping_status":"closed","template":"template-home-modern.php","meta":{"_acf_changed":false,"footnotes":""},"class_list":["post-13259","page","type-page","status-publish","has-post-thumbnail","hentry"],"acf":[],"_links":{"self":[{"href":"https:\/\/www.exploreegypttours.com\/es\/wp-json\/wp\/v2\/pages\/13259","targetHints":{"allow":["GET"]}}],"collection":[{"href":"https:\/\/www.exploreegypttours.com\/es\/wp-json\/wp\/v2\/pages"}],"about":[{"href":"https:\/\/www.exploreegypttours.com\/es\/wp-json\/wp\/v2\/types\/page"}],"author":[{"embeddable":true,"href":"https:\/\/www.exploreegypttours.com\/es\/wp-json\/wp\/v2\/users\/1"}],"replies":[{"embeddable":true,"href":"https:\/\/www.exploreegypttours.com\/es\/wp-json\/wp\/v2\/comments?post=13259"}],"version-history":[{"count":0,"href":"https:\/\/www.exploreegypttours.com\/es\/wp-json\/wp\/v2\/pages\/13259\/revisions"}],"wp:attachment":[{"href":"https:\/\/www.exploreegypttours.com\/es\/wp-json\/wp\/v2\/media?parent=13259"}],"curies":[{"name":"wp","href":"https:\/\/api.w.org\/{rel}","templated":true}]}}