{"id":13263,"date":"2020-06-25T12:01:37","date_gmt":"2020-06-25T12:01:37","guid":{"rendered":"https:\/\/mercatomisr.com\/egypt-travel-info\/"},"modified":"2020-07-26T11:50:02","modified_gmt":"2020-07-26T11:50:02","slug":"egypt-travel-info","status":"publish","type":"page","link":"https:\/\/www.exploreegypttours.com\/es\/egipto-viajes-info\/","title":{"rendered":"Egipto Sincategorizar"},"content":{"rendered":"<p>Para otros usos de este t\u00e9rmino, v\u00e9ase Egipto (desambiguaci\u00f3n).<br \/>\n\u00abEgipcio\u00bb redirige aqu\u00ed. Para el idioma, v\u00e9ase Lenguas egipcias.<br \/>\n\u062c\u0645\u0647\u0648\u0631\u064a\u0651\u0629 \u0645\u0635\u0631\u0627\u0644\u0639\u0631\u0628\u064a\u0651\u0629<br \/>\nGumh\u016briyyat Ma\u1e63r Al-\u02bfArabiyyah<br \/>\nRep\u00fablica \u00c1rabe de Egipto<\/p>\n<p>Bandera<\/p>\n<p>Escudo<\/p>\n<p>Himno: \u0628\u0644\u0627\u062f\u064a \u0628\u0644\u0627\u062f\u064a \u0628\u0644\u0627\u062f\u064a<br \/>\nBilady, Bilady, Bilady<br \/>\n(\u00e1rabe: &#8216;Mi pa\u00eds, Mi pa\u00eds, Mi pa\u00eds&#8217;)<\/p>\n<p>0:00<br \/>\n\u00bfProblemas al reproducir Este archivo?&nbsp;<\/p>\n<p>Capital<br \/>\n(y ciudad m\u00e1s poblada)<br \/>\nEl Cairo<\/p>\n<p>30\u00b05\u2032 N 31\u00b025\u2032 E&nbsp;<br \/>\nIdiomas oficiales<br \/>\n\u00c1rabe egipcio&nbsp;<br \/>\nGentilicio<br \/>\nEgipcio, -a<br \/>\nForma de gobierno<br \/>\nRep\u00fablicasemipresidencialista<br \/>\nBajo gobierno interino&nbsp;<br \/>\nPresidente<br \/>\nPrimer ministro<br \/>\nAdli Mansur<br \/>\nIbrahim Mahlab&nbsp;<br \/>\nIndependencia<br \/>\n\u2022 Parcial<br \/>\n\u2022 Total del Reino Unido<br \/>\n28 de febrero de 1922<br \/>\n26 de agosto de 1936&nbsp;<br \/>\nSuperficie<br \/>\nPuesto 30.\u00ba&nbsp;<br \/>\n\u2022 Total 1 001 459 km\u00b2&nbsp;<br \/>\n\u2022 % agua 0,6<br \/>\nFronteras<br \/>\n2 689 km&nbsp;<br \/>\nPoblaci\u00f3n total<br \/>\nPuesto 15.\u00ba&nbsp;<br \/>\n\u2022 Censo 83 082 869 hab. (2009)<br \/>\n\u2022 Densidad<br \/>\n84,963 hab.\/km\u00b2<br \/>\nPIB (PPA)<br \/>\nPuesto 27.\u00ba&nbsp;<br \/>\n\u2022 Total (2007) US$ 403 961 mill.&nbsp;<br \/>\nPIB (nominal)<br \/>\nPuesto 53.\u00ba&nbsp;<br \/>\n\u2022 Total (2007) US$ 127 930 889 008 432 mill.&nbsp;<br \/>\n\u2022 PIB per c\u00e1pita<br \/>\nUS$ 1738 (2007)&nbsp;<br \/>\nIDH (2012)<br \/>\n0,6621 (112.\u00ba) \u2013 Medio&nbsp;<br \/>\nMoneda<br \/>\nLibra egipcia (LE, \u062c.\u0645,EGP)&nbsp;<br \/>\nHuso horario<br \/>\nEET (UTC +2)&nbsp;<br \/>\n\u2022 en verano<br \/>\nEEST (UTC +3)&nbsp;<br \/>\nC\u00f3digo ISO<br \/>\n818 \/ EGY \/ EG<br \/>\nDominio Internet<br \/>\n.eg, Q914712<br \/>\nPrefijo telef\u00f3nico<br \/>\n+20<br \/>\nPrefijo radiof\u00f3nico<br \/>\n6AA-6BZ, SSA-SSM, SUA-SUZ<br \/>\nSiglas pa\u00eds para aviones<br \/>\nSU<br \/>\nSiglas pa\u00eds para autom\u00f3viles<br \/>\nET<br \/>\nMiembro de: COMESA, Liga \u00c1rabe, ONU,Unesco&nbsp;<br \/>\nEgipto, Es la Rep\u00fablica \u00c1rabe de Egipto (en \u00e1rabe: \u062c\u0645\u0647\u0648\u0631\u064a\u0651\u0629 \u0645\u0635\u0631\u0627\u0644\u0639\u0631\u0628\u064a\u0651\u0629 \u0176umh\u016briyyat Mi\u1e63r Al-\u02bfArabiyyah, pronunciado endialecto egipcio: [Ma\u1e63r]), es un pa\u00eds soberano de Oriente Pr\u00f3ximo en la parte m\u00e1s occidental del M\u00e1shrek. Es un pa\u00eds transcontinental, est\u00e1 ubicado tanto en el extremo noreste de \u00c1frica como en Asia, en la pen\u00ednsula del<strong><a class=\"keywordLink\" href=\"http:\/\/www.exploreegypttours.com\/viajes\/wiki-viajeros\/egipto-informaci%C3%B3n-turistica\/sina%C3%AD-gu%C3%ADa-de-viaje\" style=\"border: 0px; margin: 0px; padding: 0px; text-decoration: none; color: rgb(249, 157, 29) !important;\" target=\"_blank\" title=\"Sina\u00ed\" rel=\"noopener noreferrer\">Sina\u00ed<\/a><\/strong>. Limita con Sud\u00e1n al sur, con Libia al oeste y con Israel al noreste. Al norte limita con el Mar Mediterr\u00e1neo y al sureste con el&nbsp;<strong><a class=\"keywordLink\" href=\"http:\/\/www.exploreegypttours.com\/viajes\/wiki-viajeros\/egipto-informaci%C3%B3n-turistica\/mar-rojo-gu%C3%ADa-de-viaje\" style=\"border: 0px; margin: 0px; padding: 0px; text-decoration: none; color: rgb(249, 157, 29) !important;\" target=\"_blank\" title=\"Mar Rojo\" rel=\"noopener noreferrer\">Mar Rojo<\/a><\/strong>.<br \/>\nLa mayor parte de su superficie la integra el desierto del Sahara. El r\u00edo Nilo cruza el desierto de norte a sur, formando un estrechovalle y un gran delta en su desembocadura en el Mediterr\u00e1neo. Estas tierras f\u00e9rtiles se hallan densamente pobladas, concentrando la mayor poblaci\u00f3n nacional de \u00c1frica y Oriente Medio. Casi la mitad de los egipcios viven en \u00e1reas urbanas, sobre todo en los centros densamente poblados de El&nbsp;<strong><a class=\"keywordLink\" href=\"http:\/\/touregyptclub.com\/travel\/travelers-wiki\/egypt-holiday-attractions\/cairo-travel-guide\" style=\"border: 0px; margin: 0px; padding: 0px; text-decoration: none; color: rgb(249, 157, 29) !important;\" target=\"_blank\" title=\"Cairo\" rel=\"noopener noreferrer\">Cairo<\/a><\/strong>&nbsp;y Alejandr\u00eda.<br \/>\nEgipto es famoso por su civilizaci\u00f3n antigua y sus monumentos, como las pir\u00e1mides y la gran&nbsp;<strong><a class=\"keywordLink\" href=\"http:\/\/touregyptclub.com\/viajes\/wiki-viajeros\/egipto-informaci%C3%B3n-turistica\/guiza-gu%C3%ADa-de-viaje\/la-gran-esfinge-de-guiza\" style=\"border: 0px; margin: 0px; padding: 0px; text-decoration: none; color: rgb(249, 157, 29) !important;\" target=\"_blank\" title=\"Esfinge\" rel=\"noopener noreferrer\">Esfinge<\/a><\/strong>; la ciudad meridional deL\u00faxor contiene un gran n\u00famero de restos antiguos, tales como el templo de Karnak y el Valle de los Reyes. Hoy, Egipto es un centro pol\u00edtico y cultural importante del Oriente Pr\u00f3ximo.&nbsp;<br \/>\n\u00cdndice<br \/>\n[ocultar]&nbsp;<br \/>\n\u2022 1 Etimolog\u00eda<br \/>\n\u2022 2 Historia<br \/>\no 2.1 Antiguo Egipto<br \/>\no 2.2 Del Egipto Medieval a la formaci\u00f3n del Estado moderno<br \/>\no 2.3 Rep\u00fablica<br \/>\n\u2022 3 Gobierno y pol\u00edtica<br \/>\no 3.1 Proyecto de nueva Constituci\u00f3n<br \/>\no 3.2 Derechos humanos<br \/>\n\u2022 4 Organizaci\u00f3n territorial<br \/>\n\u2022 5 Geograf\u00eda<br \/>\no 5.1 Hidrograf\u00eda<br \/>\no 5.2 Flora y fauna<br \/>\no 5.3 Clima<br \/>\no 5.4 Ecolog\u00eda<br \/>\n\u2022 6 Econom\u00eda<br \/>\no 6.1 Turismo<br \/>\no 6.2 Agricultura<br \/>\no 6.3 Industria y miner\u00eda<br \/>\n\u2022 7 Infraestructura<br \/>\no 7.1 Transportes<br \/>\no 7.2 Medios de comunicaci\u00f3n<br \/>\n\u2022 8 Demograf\u00eda<br \/>\no 8.1 Grupos \u00e9tnicos<br \/>\no 8.2 Idioma<br \/>\no 8.3 Religi\u00f3n<br \/>\no 8.4 Nivel de vida<br \/>\no 8.5 Educaci\u00f3n<br \/>\n\uf0a7 8.5.1 Estad\u00edsticas<br \/>\no 8.6 Sanidad<br \/>\n\u2022 9 Cultura<br \/>\no 9.1 Antiguo Egipto<br \/>\no 9.2 Egipto bizantino (395 &#8211; 642)<br \/>\no 9.3 Egipto isl\u00e1mico<br \/>\n\uf0a7 9.3.1 Arquitectura<br \/>\n\uf0a7 9.3.2 M\u00fasica<br \/>\n\uf0a7 9.3.3 Cine<br \/>\n\uf0a7 9.3.4 Gastronom\u00eda<br \/>\n\u2022 10 Deportes<br \/>\n\u2022 11 V\u00e9ase tambi\u00e9n<br \/>\n\u2022 12 Referencias<br \/>\n\u2022 13 Bibliograf\u00eda<br \/>\n\u2022 14 Enlaces externos<br \/>\nEtimolog\u00eda[editar]<br \/>\nKeemett Es El antiguo nombre de la parte f\u00e9rtil del pa\u00eds, (km.t), o \u2018tierra negra\u2019, el nombre esta derivado de los f\u00e9rtiles limos negros depositados por las inundaciones del Nilo, distintos de la \u2018tierra roja\u2019 (dsr.t) del desierto. El nombre se transform\u00f3 en k\u012bmi y k\u012bm\u0259 en la etapa copta de la lengua egipcia, y fue traducido al primitivo griego como \u03a7\u03b7\u03bc\u03af\u03b1 (Jem\u00eda).<br \/>\nMi\u1e63r, el nombre oficial \u00e1rabe (\u0645\u0635\u0631) de Egipto es de origen sem\u00edtico lo que significa \u00abestrecho\u00bb. El nombre hebreo para Egipto es \u05de\u05b4\u05e6\u05b0\u05e8\u05b7\u05d9\u05b4\u05dd (mitzr\u00e1yim), que significa literalmente \u2018dos estrechos\u2019, por una referencia a la separaci\u00f3n hist\u00f3rica en el Alto y Bajo Egipto. Mi\u1e63r significaba originalmente \u2018metr\u00f3poli\u2019, \u2018civilizaci\u00f3n\u2019 y tambi\u00e9n \u2018pa\u00eds\u2019 o \u2018tierra fronteriza\u2019. El nombre \u0645\u0635\u0631 deriva de la ra\u00edz sem\u00edtica \u0635\u0627\u0631 (\u1e63r), que indica angostura. Algunos dicen que la etimolog\u00eda de la palabra hebrea \u05de\u05b7\u05e6\u05b5\u05e8 (metzar) deriva de la ra\u00edz \u05e6\u05d5\u05e8 (\u1e63r, \u0635\u0627\u0631) y el prefijo \u05de\u05b5 (me). \u05de\u05b7\u05e6\u05b5\u05e8 tambi\u00e9n es escrita \u05de\u05b5\u05d9\u05e6\u05b7\u05e8 (meytzar). Otros dicen que deriva de \u05de\u05b5\u05d9 (mey), agua, y \u05e6\u05b5\u05e8 (tzar), angosto.<br \/>\nEl nombre del pais en espa\u00f1ol, es Egipto, proviene del lat\u00edn Aegyptus, derivado a su vez de la palabra griega \u0391\u03af\u03b3\u03c5\u03c0\u03c4\u03bf\u03c2 (Aigyptos). El t\u00e9rmino fue adoptado en copto como Gyptios, y pas\u00f3 al \u00e1rabe como Qubt. Se ha sugerido que la palabra es una corrupci\u00f3n de la frase egipcia \u1e25wt-k3-pt\u1e25, que significa \u2018casa del esp\u00edritu (ka) de Ptah\u2019, el nombre de un templo al diosPtah en&nbsp;<strong><a class=\"keywordLink\" href=\"http:\/\/touregyptclub.com\/viajes\/wiki-viajeros\/egipto-informaci%C3%B3n-turistica\/guiza-gu%C3%ADa-de-viaje\/menfis-de-egipto-memphis\" style=\"border: 0px; margin: 0px; padding: 0px; text-decoration: none; color: rgb(249, 157, 29) !important;\" target=\"_blank\" title=\"Menfis\" rel=\"noopener noreferrer\">Menfis<\/a><\/strong>. Seg\u00fan Estrab\u00f3n, el t\u00e9rmino griego Aigyptos significaba \u2018m\u00e1s all\u00e1 del Egeo\u2019 (A\u1f30\u03b3\u03b1\u03af\u03bf\u03c5 \u1f51\u03c0\u03c4\u03af\u03c9\u03c2, Aegaeon upti\u014ds).<\/p>\n<div style=\"direction: ltr;\">&nbsp;<\/div>\n","protected":false},"excerpt":{"rendered":"<p>Para otros usos de este t\u00e9rmino, v\u00e9ase Egipto (desambiguaci\u00f3n). \u00abEgipcio\u00bb redirige aqu\u00ed. Para el idioma, v\u00e9ase Lenguas egipcias. \u062c\u0645\u0647\u0648\u0631\u064a\u0651\u0629 \u0645\u0635\u0631\u0627\u0644\u0639\u0631\u0628\u064a\u0651\u0629 Gumh\u016briyyat Ma\u1e63r Al-\u02bfArabiyyah Rep\u00fablica \u00c1rabe de Egipto Bandera Escudo Himno: \u0628\u0644\u0627\u062f\u064a \u0628\u0644\u0627\u062f\u064a \u0628\u0644\u0627\u062f\u064a Bilady, Bilady, Bilady (\u00e1rabe: &#8216;Mi pa\u00eds, Mi pa\u00eds, Mi pa\u00eds&#8217;) 0:00 \u00bfProblemas al reproducir Este archivo?&nbsp; Capital (y ciudad m\u00e1s poblada) El [&hellip;]<\/p>\n","protected":false},"author":1,"featured_media":0,"parent":0,"menu_order":0,"comment_status":"closed","ping_status":"closed","template":"template-home-modern.php","meta":{"_acf_changed":false,"footnotes":""},"class_list":["post-13263","page","type-page","status-publish","has-post-thumbnail","hentry"],"acf":[],"_links":{"self":[{"href":"https:\/\/www.exploreegypttours.com\/es\/wp-json\/wp\/v2\/pages\/13263","targetHints":{"allow":["GET"]}}],"collection":[{"href":"https:\/\/www.exploreegypttours.com\/es\/wp-json\/wp\/v2\/pages"}],"about":[{"href":"https:\/\/www.exploreegypttours.com\/es\/wp-json\/wp\/v2\/types\/page"}],"author":[{"embeddable":true,"href":"https:\/\/www.exploreegypttours.com\/es\/wp-json\/wp\/v2\/users\/1"}],"replies":[{"embeddable":true,"href":"https:\/\/www.exploreegypttours.com\/es\/wp-json\/wp\/v2\/comments?post=13263"}],"version-history":[{"count":0,"href":"https:\/\/www.exploreegypttours.com\/es\/wp-json\/wp\/v2\/pages\/13263\/revisions"}],"wp:attachment":[{"href":"https:\/\/www.exploreegypttours.com\/es\/wp-json\/wp\/v2\/media?parent=13263"}],"curies":[{"name":"wp","href":"https:\/\/api.w.org\/{rel}","templated":true}]}}