{"id":13269,"date":"2020-06-25T12:06:35","date_gmt":"2020-06-25T12:06:35","guid":{"rendered":"https:\/\/mercatomisr.com\/survival-in-desert-safari\/"},"modified":"2020-06-26T13:25:08","modified_gmt":"2020-06-26T13:25:08","slug":"survival-in-desert-safari","status":"publish","type":"page","link":"https:\/\/www.exploreegypttours.com\/es\/supervivencia-del-viajero\/","title":{"rendered":"Supervivencia del Viajero"},"content":{"rendered":"\n<p>Egipto es uno de los pa\u00edses modernos y sofisticados, y la mayor\u00eda de cualquier cosa que usted necesite se puede comprar en Egipto., hay una lista de algunos de los elementos m\u00e1s importantes que tal vez desee llevar con usted en su viaje a Egipto. Esta lista puede parecer rudimentaria para el viajero experimentado, pero para muchos que hacen un viaje por primera vez a Egipto, puede prevenir problemas.<br \/>\n<br \/>\nLidiar con Sol y Calor<\/p>\n\n<p><strong>Sombreros y otros:<\/strong><br \/>\nLos Sombreros grandes de ala ancha que no s\u00f3lo ofrecen una cubierta para la cabeza, sino tambi\u00e9n una cierta cantidad de sombra vendr\u00e1n en muy pr\u00e1ctico en el sol egipcio caliente. Adem\u00e1s, las mujeres ser\u00e1n m\u00e1s aceptables cuando visiten antiguas iglesias y mezquitas si est\u00e1n usando alg\u00fan tipo de cubrecabezas. Adem\u00e1s, bufandas u otras prendas de vestir tambi\u00e9n se deben llevar para cubrir los hombros y los brazos, y de nuevo, no s\u00f3lo son importantes para visitar los lugares religiosos, sino tambi\u00e9n para protegerse del sol durante las caminatas. En un clima muy caliente, un sombrero de pa\u00f1o o pa\u00f1uelo que puedan ser remojados tambi\u00e9n ayudar\u00e1n mantener la cabeza fresca.<br \/>\n<br \/>\n<strong>Bloqueador solar:<\/strong><br \/>\nLos bloqueadores de sol pueden ser comprados en Egipto, y es posible que prefiera traer su marca favorita, pero aseg\u00farese de traer alg\u00fan tipo de bloqueador solar. Casi siempre todos los turistas se ven con quemaduras dolorosas despu\u00e9s de todo un d\u00eda de turismo. Gafas de sol son otro elemento que puede ser comprado en Egipto, pero una vez m\u00e1s, muchas personas prefieren traerlos por su propia cuenta. Habr\u00e1 muchas veces donde los turistas se encontrar\u00e1n en un panorama de mucha arena y desierto y no hay nada mejor que un buen par de gafas de sol, con la calificaci\u00f3n m\u00e1s alta rayos UV que pueda encontrar.<\/p>\n\n<p><strong>Sostenedor de cantina o agua:<\/strong><br \/>\nTenerte hidratado significar\u00e1 la diferencia entre un viaje c\u00f3modo y una que podr\u00eda terminar con problemas. La mayor\u00eda de las personas aprenden r\u00e1pidamente a llevar una botella de agua con ellos, y el agua embotellada es f\u00e1cilmente accesible. Sin embargo, cargar una botella de agua en la mano puede ser tedioso. Es mucho mejor llevar consigo o una cantina, o alg\u00fan otro utensilio que le permitir\u00e1 llevar la botella de agua en la cintura o alrededor de su hombro. Ri\u00f1oneras o mochilas con soportes para botellas de agua, y para las mujeres, incluso un tipo de bolso har\u00e1 esto m\u00e1s conveniente.<\/p>\n\n<p><br \/>\n<strong>Otras Necesidades<\/strong><br \/>\nMuy buenos, c\u00f3modos zapatos para caminar en Arena y Piedras<br \/>\nEs probablemente una de las primeras cosas que la mayor\u00eda de la gente le dir\u00e1 que traiga a Egipto. La mayor\u00eda de los turistas har\u00e1n una considerable cantidad de caminatas, y los zapatos no deben ser s\u00f3lo c\u00f3modos, sino c\u00f3modos para caminar largas distancias. A diferencia de los zapatos de cuero para paseos por la monta\u00f1a y tal, tambi\u00e9n es preferible que los zapatos sean transpirables y quiz\u00e1s hechos de un nil\u00f3n liviano o de una tela similar. Las \u00abzapatillas de tenis\u00bb u otro tipo de zapatos deportivos son buenos para esto. Adem\u00e1s, tenga en cuenta que hay un mont\u00f3n de escalones en Egipto.<\/p>\n\n<p><br \/>\n<strong>Adaptares de Corriente:<\/strong><br \/>\nLos Adaptadores de corriente vienen en dos variedades diferentes. Algunos equipos electr\u00f3nicos tienen interruptores que permiten cambiar el tipo de entrada de energ\u00eda. Para estos, un adaptador de pared simple es todo lo que se requiere. Sin embargo, otros dispositivos electr\u00f3nicos no tienen tales interruptores y en este caso, no s\u00f3lo se necesita un adaptador de pared, sino tambi\u00e9n un convertidor de energ\u00eda. Egipto utiliza 220 voltios y Enchufes de dos patas redondeadas<br \/>\n<br \/>\nAdaptador AC\/DC<br \/>\n<br \/>\nConvertidor AC de 1600 W&nbsp;<br \/>\nConvertidor AC de 50 W<br \/>\n<br \/>\nEnchufe sin conversar<br \/>\n<br \/>\n<strong>Medicaci\u00f3n:<\/strong><br \/>\nCualquiera que viaje deber\u00eda traer su medicamento recetado. Es probable que cualquier medicamento que necesite estar\u00e1 disponible en una farmacia en Egipto, aunque probablemente aparecer\u00e1 bajo un nombre diferente, por lo que podr\u00eda ser dif\u00edcil encontrar su medicamento exacto. No hay ning\u00fan problema con traer medicamentos recetados a Egipto. Sin embargo, tambi\u00e9n es m\u00e1s conveniente traer con usted sus medicamentos favoritos sin recetas. Aunque puede encontrar dicho medicamento en Egipto, como medicamento para el ardor estomacal y c\u00e1psulas contra el dolor, es posible que tenga problemas para encontrar sus marcas favoritas. Adem\u00e1s, muchos turistas que son parte de un viaje organizado alojar\u00e1n en hoteles grandes, que pueden carecer de un inventario completo de dicho medicamento, y salir para encontrar una variedad de medicamentos de venta libre puede ser inconveniente. No olvide su Imodium. Mientras nadie quisiera conseguir el Trote de Tut o la Panza de la Momia, puede ser pr\u00e1ctico tener alg\u00fan Imodium u otro anti-diarreico con usted. La marca de com\u00fan de agua embotellada, Baraka, contiene un poco de magnesio y por lo tanto puede actuar como un laxante suave. Otra marca para probar es el agua embotellada Siwa.<\/p>\n\n<p><br \/>\n<strong>C\u00e1mara:<\/strong><br \/>\nCasi toda la gente no va a olvidar de traer sus c\u00e1maras en un tour de Egipto. Sin embargo, hay un par de cosas que se\u00f1alar. En primer lugar, mientras que usted puede tomar fotos como desee desde el exterior de la mayor\u00eda de los monumentos, muchos de ellos requieren que no utilice flash al tomar fotograf\u00edas en el interior. Si tiene intenci\u00f3n de tomar fotograf\u00edas dentro de las tumbas, por ejemplo, tendr\u00e1 que llevar la pel\u00edcula de alta velocidad. La mayor\u00eda de la gente utiliza la pel\u00edcula ASA 800 que empujan a 1600. En general, esto requiere una buena c\u00e1mara r\u00e9flex de 35 mm. Adem\u00e1s, los monumentos en Egipto son verdaderamente monumentales, y los turistas a menudo se sentir\u00e1n decepcionados con lentes regulares. Si es posible, un buen lente gran angular ser\u00e1 bueno traer. Una c\u00e1mara de v\u00eddeo tambi\u00e9n le proporcionar\u00e1 im\u00e1genes con agradables recuerdos de su viaje, sin embargo, tenga en cuenta que filmar dentro de muchos de los museos, monumentos y tumbas est\u00e1 prohibido.<br \/>\n<br \/>\n<strong>Despertador de Viaje:<\/strong><br \/>\nLa mayor\u00eda de los hoteles cuentan con servicio de despertador, pero para muchos, no cuente con ello. Un despertador de viaje es quiz\u00e1 menos importante en un tour organizado, ya que tendr\u00e1 la gente que tome el cuidado de usted. Pero particularmente para el viajero independiente, un despertador de viaje le ser\u00e1 muy \u00fatil. Esto ayudar\u00e1 a asegurarse de que usted despierte cuando lo desee en Egipto. Pero muchas veces he utilizado el m\u00edo para asegurarme de tomar una peque\u00f1a siesta en los aeropuertos a lo largo del camino, y a\u00fan tomar mi vuelo.<br \/>\n<br \/>\n<strong>Libros de Gu\u00eda:<\/strong><br \/>\nDisfruta con un libro de gu\u00eda egipcio, tal como el \u00abLonely Planet\u00bb o \u00abRough Guide\u00bb o cualquier otra buena gu\u00eda. Mientras que usted puede estar en un tour guiado, tal libro le dar\u00e1 tiempo para orientarse antes y despu\u00e9s de los tours a varios lugares. Adem\u00e1s, los libros de gu\u00edas extranjeros pueden ser algo m\u00e1s costosos en Egipto, aunque est\u00e1n disponibles. Usted tambi\u00e9n puede desear mirar alrededor en Egipto para otros libros de gu\u00edas.<br \/>\n<br \/>\n<strong>Una bolsa adicional:<\/strong><br \/>\nUna bolsa, buena preferiblemente suave, que pueda ser crujida y llevada a Egipto dentro de otra bolsa ser\u00e1 muy \u00fatil para la mayor\u00eda de la gente. La bolsa ser\u00e1 utilizada para llevar recuerdos de vuelta. Alternativamente, muchas personas de negocios o clientes de los egipcios traen regalos a Egipto con frecuencia, y una vez vaciada, la bolsa se utiliza para traer recuerdos de vuelta. Una vez m\u00e1s, las bolsas pueden ser f\u00e1cilmente adquiridas en Egipto, pero es probable que sean menos costosas comprarlas en casa y traerlas a Egipto.<br \/>\n<br \/>\n<strong>Kits de costura:<\/strong><br \/>\nUnos de los hoteles m\u00e1s grandes, as\u00ed como algunos de los hoteles m\u00e1s peque\u00f1os mejor equipados (el Longchamps) pueden suministrar un kit de costura en su habitaci\u00f3n. Pero no cuente con ello. La mayor\u00eda de los tours de Egipto son relativamente largos, y no es inusual perder un bot\u00f3n de vez en cuando escalando a trav\u00e9s de tumbas y pir\u00e1mides.<\/p>\n\n<p><br \/>\n<strong>Bebidas alcoh\u00f3licas:<\/strong><br \/>\nHay cervezas buenas y vinos adecuados en Egipto, que son muy econ\u00f3micos, y no es necesario traer tales art\u00edculos a menos que usted tenga un gusto muy agudo para una marca en particular. De hecho, considero que la cerveza egipcia es excelente. Sin embargo, las bebidas alcoh\u00f3licas m\u00e1s fuertes como whiskys y borbones son pueden ser extremadamente dif\u00edciles de encontrar y extremadamente costosas cuando lo haga. Usted puede traer hasta dos litros de licor, y puede comprar licor adicional a un precio razonable en la tienda libre de impuestos antes de salir del aeropuerto. Para darle una indicaci\u00f3n de por qu\u00e9 deber\u00eda hacer esto, no es poco com\u00fan pagar tanto o m\u00e1s de $ 13.00 para un solo shot de Jack Daniels, un borb\u00f3n bien conocido de los EE.UU.<\/p>\n\n<p><br \/>\n<strong>Cigarrillos:<\/strong><br \/>\nLos egipcios fuman, mucho y los cigarrillos no son costosos en Egipto. Sin embargo, usted encontrar\u00e1 variedades de cigarrillos en general. Por ejemplo, los Marlboro Light est\u00e1n f\u00e1cilmente disponibles, pero no los 100s. De hecho, no muchos cigarrillos \u00ablargos\u00bb lo est\u00e1n. Adem\u00e1s, mientras que usted puede comprar cigarrillos \u00abamericanos\u00bb por un precio en algunos de los mejores hoteles, normalmente est\u00e1 consigui\u00e9ndose un cigarrillo manufacturado en Egipto que es algo m\u00e1s \u00e1spero que la variedad \u00abamericana\u00bb. S\u00f3lo porque est\u00e1 comprando Marlboro no lo hacer ser el mismo Marlboro que usted comprar\u00eda en los EE.UU., por ejemplo.<\/p>\n\n<p><br \/>\nLo \u00faltimo, traiga consigo humor y una buena actitud. Para muchos, e incluso aquellos que han hecho muchos viajes en los EE.UU. o Europa, Egipto ser\u00e1 muy diferente. Usted encontrar\u00e1 a menudo actitudes m\u00e1s \u00abrelajadas\u00bb, el tiempo menos importante e incluso molestoso algunos de los egipcios vendiendo sus productos o sus servicios en los sitios tur\u00edsticos. Egipto es un lugar en donde usted aprende a dejar caer de sus hombros los problemas m\u00e1s peque\u00f1os que pueden surgir, y simplemente gozar de esto, la m\u00e1s antigua de todas.<\/p>\n\n<p>&nbsp;<\/p>\n\n","protected":false},"excerpt":{"rendered":"<p>Egipto es uno de los pa\u00edses modernos y sofisticados, y la mayor\u00eda de cualquier cosa que usted necesite se puede comprar en Egipto., hay una lista de algunos de los elementos m\u00e1s importantes que tal vez desee llevar con usted en su viaje a Egipto. Esta lista puede parecer rudimentaria para el viajero experimentado, pero [&hellip;]<\/p>\n","protected":false},"author":1,"featured_media":48631,"parent":0,"menu_order":0,"comment_status":"closed","ping_status":"closed","template":"template-home-modern.php","meta":{"_acf_changed":false,"footnotes":""},"class_list":["post-13269","page","type-page","status-publish","has-post-thumbnail","hentry"],"acf":[],"_links":{"self":[{"href":"https:\/\/www.exploreegypttours.com\/es\/wp-json\/wp\/v2\/pages\/13269","targetHints":{"allow":["GET"]}}],"collection":[{"href":"https:\/\/www.exploreegypttours.com\/es\/wp-json\/wp\/v2\/pages"}],"about":[{"href":"https:\/\/www.exploreegypttours.com\/es\/wp-json\/wp\/v2\/types\/page"}],"author":[{"embeddable":true,"href":"https:\/\/www.exploreegypttours.com\/es\/wp-json\/wp\/v2\/users\/1"}],"replies":[{"embeddable":true,"href":"https:\/\/www.exploreegypttours.com\/es\/wp-json\/wp\/v2\/comments?post=13269"}],"version-history":[{"count":0,"href":"https:\/\/www.exploreegypttours.com\/es\/wp-json\/wp\/v2\/pages\/13269\/revisions"}],"wp:featuredmedia":[{"embeddable":true,"href":"https:\/\/www.exploreegypttours.com\/es\/wp-json\/wp\/v2\/media\/48631"}],"wp:attachment":[{"href":"https:\/\/www.exploreegypttours.com\/es\/wp-json\/wp\/v2\/media?parent=13269"}],"curies":[{"name":"wp","href":"https:\/\/api.w.org\/{rel}","templated":true}]}}