{"id":37615,"date":"2022-07-20T08:26:30","date_gmt":"2022-07-20T08:26:30","guid":{"rendered":"https:\/\/2022.exploreegypttours.com\/nile-cruise-dahabyia\/"},"modified":"2022-11-16T10:23:51","modified_gmt":"2022-11-16T10:23:51","slug":"cruceros-por-el-nilo-dahabiya","status":"publish","type":"page","link":"https:\/\/www.exploreegypttours.com\/es\/mejores-cruceros-por-el-nilo-dahabiya-crucero-lago-asser\/","title":{"rendered":"Cruceros por el Nilo y Dahabiya"},"content":{"rendered":"\n<p>Emb\u00e1rquese en una gran aventura por el Rio Nilo, mientras visita los templos m\u00e1s hermosos de Egipto. El Nilo desde la antig\u00fcedad ha sido una de las principales fuentes de ingresos de&nbsp; la poblaci\u00f3n pero adem\u00e1s ha sido protagonista de la historia en grandes e importantes acontecimientos hist\u00f3ricos de la humanidad, a lo que se debe su gran importancia.<\/p>\n\n\n\n<p>Explore Egypt Tours cuenta con <strong>recorridos en Faluca,<\/strong> una experiencia \u00fanica, rodeada del mejor ambiente egipcio y local. Un medio de transporte de gran importancia y que con el pasar del tiempo se ha convertido en el favorito de los turistas para disfrutar del Rio Nilo y otras actividades de entretenimiento. Desde asuan<\/p>\n\n\n\n<p>Tambi\u00e9n contamos con <strong>Cruceros<\/strong> tipo Est\u00e1ndar, Plata y Oro desde Asu\u00e1n a Luxor por 4 d\u00edas o desde Luxor a Asu\u00e1n por 5 d\u00edas, los cuales incluyen recorridos en los templos m\u00e1s famosos e importantes de Egipto.<\/p>\n\n\n\n<p>Por ultimo recorridos <strong>en Dahabeya <\/strong>una opci\u00f3n \u00fanica, exclusiva y lujosa. Podr\u00e1s navegar el Nilo como un digno miembro de la realeza egipcia, esta opci\u00f3n te brinda la oportunidad de experimentar un recorrido diferente, ya que esta es movida solo por la fuerza del viento y te permite disfrutar de mayor tranquilidad y comodidad junto con un servicio 5 estrellas. Las salidas generalmente son desde luxor o Esna.<\/p>\n\n\n\n<p><strong>Cruceros largos desde Cairo<\/strong> si desea vivir una experiencia exclusiva y rodeada de todas las comodidades y lujo que espera, esta opci\u00f3n est\u00e1 adaptada justamente a sus necesidades, ya que podr\u00e1 recorrer desde Cairo<\/p>\n\n\n\n<p>Todas las opciones incluyen alimentaci\u00f3n, gu\u00eda y un excelente servicio. Contamos con otras visitas y recorridos complementarios como el Nago Nasser, Abu Imbel, Globo, o simplemente pensando en sus&nbsp; requerimientos nos adaptamos y organizamos planes personalizados.<\/p>\n","protected":false},"excerpt":{"rendered":"<p>Emb\u00e1rquese en una gran aventura por el Rio Nilo, mientras visita los templos m\u00e1s hermosos de Egipto. El Nilo desde la antig\u00fcedad ha sido una de las principales fuentes de ingresos de&nbsp; la poblaci\u00f3n pero adem\u00e1s ha sido protagonista de la historia en grandes e importantes acontecimientos hist\u00f3ricos de la humanidad, a lo que se [&hellip;]<\/p>\n","protected":false},"author":1,"featured_media":0,"parent":0,"menu_order":0,"comment_status":"closed","ping_status":"closed","template":"template-tour-search.php","meta":{"_acf_changed":false,"footnotes":""},"class_list":["post-37615","page","type-page","status-publish","has-post-thumbnail","hentry"],"acf":[],"_links":{"self":[{"href":"https:\/\/www.exploreegypttours.com\/es\/wp-json\/wp\/v2\/pages\/37615","targetHints":{"allow":["GET"]}}],"collection":[{"href":"https:\/\/www.exploreegypttours.com\/es\/wp-json\/wp\/v2\/pages"}],"about":[{"href":"https:\/\/www.exploreegypttours.com\/es\/wp-json\/wp\/v2\/types\/page"}],"author":[{"embeddable":true,"href":"https:\/\/www.exploreegypttours.com\/es\/wp-json\/wp\/v2\/users\/1"}],"replies":[{"embeddable":true,"href":"https:\/\/www.exploreegypttours.com\/es\/wp-json\/wp\/v2\/comments?post=37615"}],"version-history":[{"count":0,"href":"https:\/\/www.exploreegypttours.com\/es\/wp-json\/wp\/v2\/pages\/37615\/revisions"}],"wp:attachment":[{"href":"https:\/\/www.exploreegypttours.com\/es\/wp-json\/wp\/v2\/media?parent=37615"}],"curies":[{"name":"wp","href":"https:\/\/api.w.org\/{rel}","templated":true}]}}