{"id":37616,"date":"2022-07-20T08:26:15","date_gmt":"2022-07-20T08:26:15","guid":{"rendered":"https:\/\/2022.exploreegypttours.com\/shore-excursion\/"},"modified":"2022-11-16T09:45:46","modified_gmt":"2022-11-16T09:45:46","slug":"shore-excursion","status":"publish","type":"page","link":"https:\/\/www.exploreegypttours.com\/es\/mejores-excursiones-para-cruceros-de-egipto\/","title":{"rendered":"Excursiones para Cruceros"},"content":{"rendered":"<div class=\"wpb-content-wrapper\"><p>[vc_row][vc_column][vc_column_text]<strong>EXCURSIONES PARA CRUCEROS<\/strong><\/p>\n<p>Si usted ya ha contratado su crucero para recorrer Egipto, pero a\u00fan no ha elegido las excursiones, Explore Egypt Tours le brinda un servicio completo, los cuales incluyen la recogida hasta su puerto.<\/p>\n<p><strong>Puerto Alejandr\u00eda (Excursi\u00f3n en Alejandr\u00eda y Cairo)<\/strong><\/p>\n<p><strong>\u00a0Port Said (Excursi\u00f3n en Cairo)<\/strong><\/p>\n<p><strong>Safaga (Excursi\u00f3n en Hurghada y Luxor) <\/strong><\/p>\n<p><strong>Sokhna (Excursi\u00f3n en Cairo). <\/strong><\/p>\n<p>No pierda la oportunidad de recorrer las joyas del antiguo Egipto acompa\u00f1ado de un excelente servicio.[\/vc_column_text][\/vc_column][\/vc_row]<\/p>\n<\/div>","protected":false},"excerpt":{"rendered":"<p>[vc_row][vc_column][vc_column_text]EXCURSIONES PARA CRUCEROS Si usted ya ha contratado su crucero para recorrer Egipto, pero a\u00fan no ha elegido las excursiones, Explore Egypt Tours le brinda un servicio completo, los cuales incluyen la recogida hasta su puerto. Puerto Alejandr\u00eda (Excursi\u00f3n en Alejandr\u00eda y Cairo) \u00a0Port Said (Excursi\u00f3n en Cairo) Safaga (Excursi\u00f3n en Hurghada y Luxor) Sokhna [&hellip;]<\/p>\n","protected":false},"author":1,"featured_media":0,"parent":0,"menu_order":0,"comment_status":"closed","ping_status":"closed","template":"template-tour-search.php","meta":{"_acf_changed":false,"footnotes":""},"class_list":["post-37616","page","type-page","status-publish","has-post-thumbnail","hentry"],"acf":[],"_links":{"self":[{"href":"https:\/\/www.exploreegypttours.com\/es\/wp-json\/wp\/v2\/pages\/37616","targetHints":{"allow":["GET"]}}],"collection":[{"href":"https:\/\/www.exploreegypttours.com\/es\/wp-json\/wp\/v2\/pages"}],"about":[{"href":"https:\/\/www.exploreegypttours.com\/es\/wp-json\/wp\/v2\/types\/page"}],"author":[{"embeddable":true,"href":"https:\/\/www.exploreegypttours.com\/es\/wp-json\/wp\/v2\/users\/1"}],"replies":[{"embeddable":true,"href":"https:\/\/www.exploreegypttours.com\/es\/wp-json\/wp\/v2\/comments?post=37616"}],"version-history":[{"count":0,"href":"https:\/\/www.exploreegypttours.com\/es\/wp-json\/wp\/v2\/pages\/37616\/revisions"}],"wp:attachment":[{"href":"https:\/\/www.exploreegypttours.com\/es\/wp-json\/wp\/v2\/media?parent=37616"}],"curies":[{"name":"wp","href":"https:\/\/api.w.org\/{rel}","templated":true}]}}