{"id":37619,"date":"2022-07-20T08:26:58","date_gmt":"2022-07-20T08:26:58","guid":{"rendered":"https:\/\/2022.exploreegypttours.com\/special-tours\/"},"modified":"2022-11-16T10:11:18","modified_gmt":"2022-11-16T10:11:18","slug":"special-tours","status":"publish","type":"page","link":"https:\/\/www.exploreegypttours.com\/es\/mejores-tours-especiales-ofertas-de-viajes\/","title":{"rendered":"Tours especiales y Ofertas de viajes"},"content":{"rendered":"<p><strong>TOURS ESPECIALES Y OFERTAS DE VIAJES<\/strong><\/p>\n<p>Pensando en usted, Explore Egypt Tours cuenta con paquetes especiales para Navidad, Semana Santa, verano, entre otros. As\u00ed mismo contamos con<\/p>\n<p><strong>Paquetes VIP<\/strong>, los cuales incluyen, el ingreso en horario exclusivo a las pir\u00e1mides de Egipto, en un horario extraordinario de 6pm a 7am, donde podr\u00e1s disfrutar tranquilamente de una de las 7 maravillas del mundo. As\u00ed mismo la visita en el templo de Luxor, donde incluso podr\u00e1s tomar la cena mientras contemplas la majestuosidad de este lugar.<\/p>\n<p><strong>Ofertas especiales,<\/strong> con precios competitivos y servicios de la mejor calidad del mercado. Ofrecemos viajes especiales en temporada Navide\u00f1a, Semana santa, entre otras.<\/p>\n","protected":false},"excerpt":{"rendered":"<p>TOURS ESPECIALES Y OFERTAS DE VIAJES Pensando en usted, Explore Egypt Tours cuenta con paquetes especiales para Navidad, Semana Santa, verano, entre otros. As\u00ed mismo contamos con Paquetes VIP, los cuales incluyen, el ingreso en horario exclusivo a las pir\u00e1mides de Egipto, en un horario extraordinario de 6pm a 7am, donde podr\u00e1s disfrutar tranquilamente de [&hellip;]<\/p>\n","protected":false},"author":1,"featured_media":0,"parent":0,"menu_order":0,"comment_status":"closed","ping_status":"closed","template":"template-tour-search.php","meta":{"_acf_changed":false,"footnotes":""},"class_list":["post-37619","page","type-page","status-publish","has-post-thumbnail","hentry"],"acf":[],"_links":{"self":[{"href":"https:\/\/www.exploreegypttours.com\/es\/wp-json\/wp\/v2\/pages\/37619","targetHints":{"allow":["GET"]}}],"collection":[{"href":"https:\/\/www.exploreegypttours.com\/es\/wp-json\/wp\/v2\/pages"}],"about":[{"href":"https:\/\/www.exploreegypttours.com\/es\/wp-json\/wp\/v2\/types\/page"}],"author":[{"embeddable":true,"href":"https:\/\/www.exploreegypttours.com\/es\/wp-json\/wp\/v2\/users\/1"}],"replies":[{"embeddable":true,"href":"https:\/\/www.exploreegypttours.com\/es\/wp-json\/wp\/v2\/comments?post=37619"}],"version-history":[{"count":0,"href":"https:\/\/www.exploreegypttours.com\/es\/wp-json\/wp\/v2\/pages\/37619\/revisions"}],"wp:attachment":[{"href":"https:\/\/www.exploreegypttours.com\/es\/wp-json\/wp\/v2\/media?parent=37619"}],"curies":[{"name":"wp","href":"https:\/\/api.w.org\/{rel}","templated":true}]}}