{"id":45405,"date":"2022-11-29T12:00:28","date_gmt":"2022-11-29T12:00:28","guid":{"rendered":"https:\/\/2022.exploreegypttours.com\/?page_id=45405"},"modified":"2022-12-03T13:31:49","modified_gmt":"2022-12-03T13:31:49","slug":"crucero-por-el-nilo-dahabiya-y-faluca","status":"publish","type":"page","link":"https:\/\/www.exploreegypttours.com\/es\/mejores-cruceros-por-el-nilo-dahabiya-crucero-lago-nasser-faluca-egipcia\/","title":{"rendered":"Crucero por el Nilo, Dahabiya y Faluca"},"content":{"rendered":"<p><strong>Crucero por el Nilo, Dahabiya y Faluca<\/strong><br \/>\nPaquetes vacacionales que superan todas tus expectativas, acompanados de los mejores precios, calidad y talento humano. En tu paso por Egipto podras disfrutar los tesoros\u00a0 historicos del antiguo Egipto ,atractivos naturales, como Hurghada, Siwa, Oasis de Bahareya y rincones desconocidos que te dejaran atrapar por su belleza. Tambien te brindamos amplias posibilidades para tu viaje de ensueno, contamos con planes que incluyen destinos de Oriente Medio (Turqu\u00eda, Dubai, jordania, Israel). Nuestra mayor satisfaccion es brindarte experiencias llenas de aventura cultura e historia.<\/p>\n<p>Experimente una experiencia unica por el Rio Nilo, mientras recorre lo m\u00e1s hermoso de la Region de Asuan y Luxor. El Nilo desde la antig\u00fcedad ha sido una de las principales fuentes de ingresos de la poblaci\u00f3n pero adem\u00e1s ha sido protagonista de la historia en grandes e importantes acontecimientos hist\u00f3ricos de la humanidad, a lo que se debe su gran importancia.<\/p>\n<p><strong>Faluca Egipcia<\/strong><br \/>\nExplore Egypt Tours cuenta con\u00a0<strong>recorridos en Faluca,<\/strong> donde podras vivir de cerca lo m\u00e1s local y vibrante de Egipto. La Faluca ha sido el medio de ingresos y de transporte para muchos egipcios, y cons el pasar del tiempo tambien ha pasado a ser una herramienta para el turismo, ofreciento recorridos economicos por del Rio Nilo y otras actividades de entretenimiento.<\/p>\n<p>Tambi\u00e9n contamos con\u00a0<strong>Cruceros<\/strong> tipo Est\u00e1ndar, Plata y Oro desde Asu\u00e1n a Luxor los cuales\u00a0 duran alrededor de 4 d\u00edas, y desde Luxor a Asu\u00e1n\u00a0 \u00a05 d\u00edas, los cuales incluyen la visita a templos y vestigios de gran intereses historico y religioso, ademas de un servicio completo a bordo.<\/p>\n<p>Recorridos <strong>en Dahabeya\u00a0CRUCEROS <\/strong>una inovadora ,exclusiva y lujosa opcion. Navegar a bordo de un Dahabeya es toda una aventura ancestral, esta opci\u00f3n te brinda un recorrido diferente, llena de tranquilidad,ya que es movida solo por la fuerza natural del viento ,con un servicio 5 estrellas que te hara sentir como un faraon de la epoca antigua. Las salidas generalmente son desde luxor o Esna.<\/p>\n<p><strong>Lago Nasser<br \/>\nCruceros largos desde Cairo<\/strong> si planea conocer Egipto de una manera exclusiva y rodeada de todas las comodidades y lujo que espera, esta opci\u00f3n es la ideal, ya que podr\u00e1 recorrer desde Cairo los atractivos tur\u00edsticos m\u00e1s emblematical de la region.<\/p>\n<p>Todas estas opciones incluyen alimentaci\u00f3n, gu\u00eda y un excelente servicio. Contamos con otras visitas y recorridos complementarios como el Nago Nasser, Abu Imbel, Globo, o simplemente pensando en sus\u00a0 requerimientos nos adaptamos y organizamos planes personalizados.<\/p>\n","protected":false},"excerpt":{"rendered":"<p>Crucero por el Nilo, Dahabiya y Faluca Paquetes vacacionales que superan todas tus expectativas, acompanados de los mejores precios, calidad y talento humano. En tu paso por Egipto podras disfrutar los tesoros\u00a0 historicos del antiguo Egipto ,atractivos naturales, como Hurghada, Siwa, Oasis de Bahareya y rincones desconocidos que te dejaran atrapar por su belleza. Tambien [&hellip;]<\/p>\n","protected":false},"author":28,"featured_media":0,"parent":0,"menu_order":0,"comment_status":"closed","ping_status":"closed","template":"template-tour-search.php","meta":{"_acf_changed":false,"footnotes":""},"class_list":["post-45405","page","type-page","status-publish","has-post-thumbnail","hentry"],"acf":[],"_links":{"self":[{"href":"https:\/\/www.exploreegypttours.com\/es\/wp-json\/wp\/v2\/pages\/45405","targetHints":{"allow":["GET"]}}],"collection":[{"href":"https:\/\/www.exploreegypttours.com\/es\/wp-json\/wp\/v2\/pages"}],"about":[{"href":"https:\/\/www.exploreegypttours.com\/es\/wp-json\/wp\/v2\/types\/page"}],"author":[{"embeddable":true,"href":"https:\/\/www.exploreegypttours.com\/es\/wp-json\/wp\/v2\/users\/28"}],"replies":[{"embeddable":true,"href":"https:\/\/www.exploreegypttours.com\/es\/wp-json\/wp\/v2\/comments?post=45405"}],"version-history":[{"count":0,"href":"https:\/\/www.exploreegypttours.com\/es\/wp-json\/wp\/v2\/pages\/45405\/revisions"}],"wp:attachment":[{"href":"https:\/\/www.exploreegypttours.com\/es\/wp-json\/wp\/v2\/media?parent=45405"}],"curies":[{"name":"wp","href":"https:\/\/api.w.org\/{rel}","templated":true}]}}