{"id":45406,"date":"2022-11-29T12:57:12","date_gmt":"2022-11-29T12:57:12","guid":{"rendered":"https:\/\/2022.exploreegypttours.com\/?page_id=45406"},"modified":"2022-12-07T12:43:23","modified_gmt":"2022-12-07T12:43:23","slug":"excursiones-en-egipto","status":"publish","type":"page","link":"https:\/\/www.exploreegypttours.com\/es\/mejores-tours-excursiones-de-un-dia-de-egipto\/","title":{"rendered":"Excursiones en Egipto"},"content":{"rendered":"<p><strong>Excursiones en Egipto<\/strong><br \/>\nExplore Egypt Tours\u00a0 cuenta con una gran variedad de pasad\u00edas adaptados a tus necesidades, los cuales de llevaras a recorrer los sitios m\u00e1s incre\u00edbles y desconocidos de Egipto, <strong>Tours en Egipto un\u00a0<\/strong><b>d\u00eda<\/b> desde las pir\u00e1mides de Guiza, el Museo Egipcio, Khan el Khalili, hasta la ciudad de Alejandr\u00eda, el desierto blanco y negro, y muchos mas destinos de inter\u00e9s de los cuales podr\u00e1s disfrutar junto con un gran servicio.<\/p>\n","protected":false},"excerpt":{"rendered":"<p>Excursiones en Egipto Explore Egypt Tours\u00a0 cuenta con una gran variedad de pasad\u00edas adaptados a tus necesidades, los cuales de llevaras a recorrer los sitios m\u00e1s incre\u00edbles y desconocidos de Egipto, Tours en Egipto un\u00a0d\u00eda desde las pir\u00e1mides de Guiza, el Museo Egipcio, Khan el Khalili, hasta la ciudad de Alejandr\u00eda, el desierto blanco y [&hellip;]<\/p>\n","protected":false},"author":28,"featured_media":0,"parent":0,"menu_order":0,"comment_status":"closed","ping_status":"closed","template":"template-tour-search.php","meta":{"_acf_changed":false,"footnotes":""},"class_list":["post-45406","page","type-page","status-publish","has-post-thumbnail","hentry"],"acf":[],"_links":{"self":[{"href":"https:\/\/www.exploreegypttours.com\/es\/wp-json\/wp\/v2\/pages\/45406","targetHints":{"allow":["GET"]}}],"collection":[{"href":"https:\/\/www.exploreegypttours.com\/es\/wp-json\/wp\/v2\/pages"}],"about":[{"href":"https:\/\/www.exploreegypttours.com\/es\/wp-json\/wp\/v2\/types\/page"}],"author":[{"embeddable":true,"href":"https:\/\/www.exploreegypttours.com\/es\/wp-json\/wp\/v2\/users\/28"}],"replies":[{"embeddable":true,"href":"https:\/\/www.exploreegypttours.com\/es\/wp-json\/wp\/v2\/comments?post=45406"}],"version-history":[{"count":0,"href":"https:\/\/www.exploreegypttours.com\/es\/wp-json\/wp\/v2\/pages\/45406\/revisions"}],"wp:attachment":[{"href":"https:\/\/www.exploreegypttours.com\/es\/wp-json\/wp\/v2\/media?parent=45406"}],"curies":[{"name":"wp","href":"https:\/\/api.w.org\/{rel}","templated":true}]}}