{"id":45407,"date":"2022-11-29T12:23:39","date_gmt":"2022-11-29T12:23:39","guid":{"rendered":"https:\/\/2022.exploreegypttours.com\/?page_id=45407"},"modified":"2022-12-03T13:09:24","modified_gmt":"2022-12-03T13:09:24","slug":"excursiones-en-tierra","status":"publish","type":"page","link":"https:\/\/www.exploreegypttours.com\/es\/mejores-excursiones-en-tierra-excursiones-para-crucero-de-egipto-puerto\/","title":{"rendered":"Excursiones en Tierra"},"content":{"rendered":"<p><strong>Excursiones en Tierra en Egipto\u00a0<\/strong><br \/>\nSi ya tiene reservado su crucero , pero a\u00fan no ha elegido\u00a0<strong>Excursiones para Cruceros<\/strong> los maravillosos destinos tur\u00edsticos de Egipto,<br \/>\n<strong>Explore Egypt Tours<\/strong> le ofrece varias <strong>Tours para Cruceros<\/strong> para hacer sus visitas, los cuales incluyen recogida hasta su puerto.<\/p>\n<p><strong>Puerto Alejandr\u00eda (Excursi\u00f3n en Alejandr\u00eda y Cairo)<\/strong><\/p>\n<p><strong>\u00a0Port Said (Excursi\u00f3n en Cairo)<\/strong><\/p>\n<p><strong>Safaga (Excursi\u00f3n en Hurghada y Luxor)<\/strong><\/p>\n<p><strong>Sokhna (Excursi\u00f3n en Cairo).<\/strong><\/p>\n<p>Recorra con nosotros las joyas del antiguo Egipto y guarde las mejores memorias.<\/p>\n<p>No pierda la oportunidad de recorrer las joyas del antiguo Egipto acompa\u00f1ado de un excelente servicio.<\/p>\n","protected":false},"excerpt":{"rendered":"<p>Excursiones en Tierra en Egipto\u00a0 Si ya tiene reservado su crucero , pero a\u00fan no ha elegido\u00a0Excursiones para Cruceros los maravillosos destinos tur\u00edsticos de Egipto, Explore Egypt Tours le ofrece varias Tours para Cruceros para hacer sus visitas, los cuales incluyen recogida hasta su puerto. Puerto Alejandr\u00eda (Excursi\u00f3n en Alejandr\u00eda y Cairo) \u00a0Port Said (Excursi\u00f3n [&hellip;]<\/p>\n","protected":false},"author":28,"featured_media":0,"parent":0,"menu_order":0,"comment_status":"closed","ping_status":"closed","template":"template-tour-search.php","meta":{"_acf_changed":false,"footnotes":""},"class_list":["post-45407","page","type-page","status-publish","has-post-thumbnail","hentry"],"acf":[],"_links":{"self":[{"href":"https:\/\/www.exploreegypttours.com\/es\/wp-json\/wp\/v2\/pages\/45407","targetHints":{"allow":["GET"]}}],"collection":[{"href":"https:\/\/www.exploreegypttours.com\/es\/wp-json\/wp\/v2\/pages"}],"about":[{"href":"https:\/\/www.exploreegypttours.com\/es\/wp-json\/wp\/v2\/types\/page"}],"author":[{"embeddable":true,"href":"https:\/\/www.exploreegypttours.com\/es\/wp-json\/wp\/v2\/users\/28"}],"replies":[{"embeddable":true,"href":"https:\/\/www.exploreegypttours.com\/es\/wp-json\/wp\/v2\/comments?post=45407"}],"version-history":[{"count":0,"href":"https:\/\/www.exploreegypttours.com\/es\/wp-json\/wp\/v2\/pages\/45407\/revisions"}],"wp:attachment":[{"href":"https:\/\/www.exploreegypttours.com\/es\/wp-json\/wp\/v2\/media?parent=45407"}],"curies":[{"name":"wp","href":"https:\/\/api.w.org\/{rel}","templated":true}]}}