{"id":28611,"date":"2022-01-14T08:30:48","date_gmt":"2022-01-14T08:30:48","guid":{"rendered":"https:\/\/touregyptclub.com\/about-egypt\/"},"modified":"2024-02-01T08:22:56","modified_gmt":"2024-02-01T08:22:56","slug":"a-propos-de-nous","status":"publish","type":"page","link":"https:\/\/www.exploreegypttours.com\/fr\/a-propos-de-nous\/","title":{"rendered":"\u00c0 propos de nous"},"content":{"rendered":"<section class=\"col-md-9\">\n<div id=\"main\" class=\"clearfix \">\n<div id=\"content-wrapper\">\n<div class=\"region region-content\">\n<div id=\"block-system-main\" class=\"block block-system clearfix\">\n<div class=\"content\">\n<article id=\"node-40\" class=\"node node-page clearfix\">\n<div class=\"content\">\n<div class=\"field field-name-body field-type-text-with-summary field-label-hidden\">\n<div class=\"field-items\">\n<div class=\"field-item even\">\n<p>\u00c9gypte (R\u00e9publique arabe d&rsquo;\u00c9gypte)<\/p>\n<p>Fond:<\/p>\n<p>La r\u00e9gularit\u00e9 et la richesse de la crue annuelle du Nil, associ\u00e9es au semi-isolement fourni par les d\u00e9serts \u00e0 l&rsquo;est et \u00e0 l&rsquo;ouest, ont permis le d\u00e9veloppement de l&rsquo;une des plus grandes civilisations du monde. Un royaume unifi\u00e9 est n\u00e9 vers 3200 av. et une s\u00e9rie de dynasties ont r\u00e9gn\u00e9 en \u00c9gypte pendant les trois mill\u00e9naires suivants. La derni\u00e8re dynastie indig\u00e8ne est tomb\u00e9e aux mains des Perses en 341 av. qui \u00e0 leur tour ont \u00e9t\u00e9 remplac\u00e9s par les Grecs, les Romains et les Byzantins. Ce sont les Arabes qui ont introduit l&rsquo;islam et la langue arabe au 7\u00e8me si\u00e8cle et qui ont r\u00e9gn\u00e9 pendant les six si\u00e8cles suivants. Caste militaire locale, les Mamelouks ont pris le contr\u00f4le vers 1250 et ont continu\u00e9 \u00e0 gouverner apr\u00e8s la conqu\u00eate de l&rsquo;\u00c9gypte par les Turcs ottomans en 1517. Apr\u00e8s l&rsquo;ach\u00e8vement du canal de Suez en 1869, l&rsquo;\u00c9gypte est devenue une importante plaque tournante du transport mondial, mais est \u00e9galement tomb\u00e9e fortement dans dette. La Grande-Bretagne a pris le contr\u00f4le du gouvernement \u00e9gyptien en 1882, mais l&rsquo;all\u00e9geance nominale \u00e0 l&rsquo;Empire ottoman s&rsquo;est poursuivie jusqu&rsquo;en 1914. Partiellement ind\u00e9pendante du Royaume-Uni en 1922, l&rsquo;\u00c9gypte a acquis la pleine souverainet\u00e9 avec le renversement de la monarchie soutenue par les Britanniques en 1952. Le barrage de 1971 et le lac Nasser qui en r\u00e9sulte ont modifi\u00e9 la place s\u00e9culaire du Nil dans l&rsquo;agriculture et l&rsquo;\u00e9cologie de l&rsquo;\u00c9gypte. Une population en croissance rapide (la plus importante du monde arabe), des terres arables limit\u00e9es et une d\u00e9pendance vis-\u00e0-vis du Nil continuent de surtaxer les ressources et de stresser la soci\u00e9t\u00e9. Le gouvernement a eu du mal \u00e0 r\u00e9pondre aux demandes de la population croissante de l&rsquo;\u00c9gypte par le biais de r\u00e9formes \u00e9conomiques et d&rsquo;investissements massifs dans les communications et les infrastructures physiques.<\/p>\n<p>G\u00e9ographie:<\/p>\n<p>Emplacement:<\/p>\n<p>L&rsquo;Afrique du Nord, bordant la mer M\u00e9diterran\u00e9e, entre la Libye et la bande de Gaza, et la mer Rouge au nord du Soudan et comprend la p\u00e9ninsule asiatique du Sina\u00ef.<\/p>\n<p>Les coordonn\u00e9es g\u00e9ographiques:<\/p>\n<p>27 00 N, 30 00 E<\/p>\n<p>Zone:<\/p>\n<p>Le total:<\/p>\n<p>1 001 450 km\u00b2<\/p>\n<p>Terre:<\/p>\n<p>995 450 km\u00b2<\/p>\n<p>L&rsquo;eau:<\/p>\n<p>6 000 km\u00b2<\/p>\n<p>Fronti\u00e8res terrestres:<\/p>\n<p>Le total:<\/p>\n<p>2 665 kilom\u00e8tres<\/p>\n<p>Pays frontaliers:<\/p>\n<p>Bande de Gaza 11 km, Isra\u00ebl 266 km, Libye 1 115 km, Soudan 1 273 km.<\/p>\n<p>Littoral:<\/p>\n<p>2 450 kilom\u00e8tres<\/p>\n<p>Climat:<\/p>\n<p>D\u00e9sert; \u00e9t\u00e9s chauds et secs avec des hivers mod\u00e9r\u00e9s.<\/p>\n<p>Terrain:<\/p>\n<p>Vaste plateau d\u00e9sertique interrompu par la vall\u00e9e et le delta du Nil.<\/p>\n<p>Altitudes extr\u00eames\u00a0:<\/p>\n<p>Le point le plus bas:<\/p>\n<p>D\u00e9pression de Qattara -133 m<\/p>\n<p>Le point le plus haut:<\/p>\n<p>Mont Catherine 2 629 m<\/p>\n<p>Ressources naturelles:<\/p>\n<p>P\u00e9trole, gaz naturel, minerai de fer, phosphates, mangan\u00e8se, calcaire, gypse, talc, amiante, plomb, zinc.<\/p>\n<p>Environnement \u2013Probl\u00e8mes actuels\u00a0:<\/p>\n<p>Les terres agricoles sont perdues \u00e0 cause de l&rsquo;urbanisation et des sables emport\u00e9s par le vent\u00a0; augmentation de la salinisation du sol sous le haut barrage d&rsquo;Assouan\u00a0; d\u00e9sertification; la pollution par les hydrocarbures mena\u00e7ant les r\u00e9cifs coralliens, les plages et les habitats marins\u00a0; autres pollutions de l&rsquo;eau par les pesticides agricoles, les eaux us\u00e9es brutes et les effluents industriels\u00a0; ressources naturelles limit\u00e9es en eau douce loin du Nil, qui est la seule ressource en eau p\u00e9renne\u00a0; croissance rapide de la population surmenant le Nil et les ressources naturelles.<\/p>\n<p>Environnement \u2013 \u200b\u200baccords internationaux :<\/p>\n<p>Participer \u00e0\u00a0:<\/p>\n<p>Biodiversit\u00e9, Changement climatique, Changement climatique-Protocole de Kyoto, D\u00e9sertification, Esp\u00e8ces en voie de disparition, Modification de l&rsquo;environnement, D\u00e9chets dangereux, Loi de la mer, D\u00e9versement marin, Protection de la couche d&rsquo;ozone, Pollution par les navires, Bois tropicaux 83, Bois tropicaux 94, Zones humides.<\/p>\n<p>Gens:-<\/p>\n<p>Population:<\/p>\n<p>83 082 869 (juillet 2009 est.)<\/p>\n<p>Pyramide des ages:<\/p>\n<p>0-14 ans :<\/p>\n<p>31,4 % (homme 13 345 500\/femme 12 743 878)<\/p>\n<p>15-64 ans :<\/p>\n<p>63,8 % (homme 26 823 127\/femme 26 169 421)<\/p>\n<p>65 ans et plus :<\/p>\n<p>4,8 %( homme 1 701 068\/femme 2 299 875)<\/p>\n<p>(est. 2009)<\/p>\n<p>Taux de croissance de la population:<\/p>\n<p>1,642 % (estimation 2009)<\/p>\n<p>Taux de natalit\u00e9:<\/p>\n<p>22,12 naissances\/1 000 habitants (est. 2008)<\/p>\n<p>Taux de mortalit\u00e9:<\/p>\n<p>5,09 d\u00e9c\u00e8s\/1 000 habitants (est. 2008)<\/p>\n<p>Taux de migration nette\u00a0:<\/p>\n<p>-0,2 migrant(s)\/1 000 habitants (est. 2009)<\/p>\n<p>Urbanisation:<\/p>\n<p>Population urbaine:<\/p>\n<p>43 % de la population totale (2008)<\/p>\n<p>Taux d&rsquo;urbanisation\u00a0:<\/p>\n<p>Taux de variation annuel de 1,8 % (2005-2010)<\/p>\n<p>Sex-ratio\u00a0:<\/p>\n<p>\u00c0 la naissance:<\/p>\n<p>1.05 homme(s)\/femme<\/p>\n<p>Moins de 15 ans\u00a0: 1,05 homme(s)\/femme<\/p>\n<p>15-64 ans :<\/p>\n<p>1.02 homme(s)\/femme<\/p>\n<p>65 ans et plus :<\/p>\n<p>0,74 homme(s)\/femme<\/p>\n<p>Population totale:<\/p>\n<p>1.02 homme(s)\/femme (est. 2009)<\/p>\n<p>L&rsquo;esp\u00e9rance de vie \u00e0 la naissance:<\/p>\n<p>Population totale:<\/p>\n<p>72,12 ans<\/p>\n<p>Homme:<\/p>\n<p>69,56<\/p>\n<p>Femelle:<\/p>\n<p>74,81 ans (2009 est)<\/p>\n<p>Taux de f\u00e9condit\u00e9 total:<\/p>\n<p>2,66 enfants n\u00e9s \/ femme (est. 2009)<\/p>\n<p>Taux de pr\u00e9valence du VIH\/SIDA chez les adultes\u00a0:<\/p>\n<p>Moins de 0,1 % (est. 2001)<\/p>\n<p>VIH\/SIDA &#8211; personnes vivant avec le VIH\/SIDA\u00a0:<\/p>\n<p>9 200 (estimation 2007)<\/p>\n<p>Nationalit\u00e9:<\/p>\n<p>Nom:<\/p>\n<p>\u00c9gyptien(s)<\/p>\n<p>Adjectif:<\/p>\n<p>\u00e9gyptien<\/p>\n<p>Groupes ethniques:<\/p>\n<p>Egyptien 99,6%, autres 0,4% (recensement 2006)<\/p>\n<p>Culte\u00a0:<\/p>\n<p>Musulmans (principalement sunnites) 90 %, coptes 9 %, autres chr\u00e9tiens 1 %<\/p>\n<p>Langues\u00a0:<\/p>\n<p>Arabe (officiel), anglais et fran\u00e7ais largement compris par les classes instruites<\/p>\n<p>L&rsquo;alphab\u00e9tisation:<\/p>\n<p>D\u00e9finition:<\/p>\n<p>15 ans et plus savent lire et \u00e9crire.<\/p>\n<p>Population totale:<\/p>\n<p>71,4 %<\/p>\n<p>Homme:<\/p>\n<p>83%<\/p>\n<p>Femelle:<\/p>\n<p>59,4% (estimation 2005)<\/p>\n<p>D\u00e9penses d&rsquo;\u00e9ducation\u00a0:<\/p>\n<p>4,2 du PIB (2006)<\/p>\n<p>Gouvernement:-<\/p>\n<p>Nom du pays:<\/p>\n<p>Forme longue conventionnelle :<\/p>\n<p>R\u00e9publique Arabe d&rsquo;Egypte<\/p>\n<p>Forme abr\u00e9g\u00e9e conventionnelle\u00a0:<\/p>\n<p>Egypte<\/p>\n<p>Forme longue locale\u00a0:<\/p>\n<p>Jumhuriyat Misr al-Arabiyah<\/p>\n<p>Forme abr\u00e9g\u00e9e locale\u00a0:<\/p>\n<p>Monsieur<\/p>\n<p>Ancien:<\/p>\n<p>Unis A<\/p>\n<\/div>\n<\/div>\n<\/div>\n<\/div>\n<\/article>\n<\/div>\n<\/div>\n<\/div>\n<\/div>\n<\/div>\n<\/section>\n<p>En savoir plus sur ce texte sourceTexte source requis pour des informations suppl\u00e9mentaires sur la traduction<br \/>\nEnvoyer des commentaires<br \/>\nDes panneaux lat\u00e9raux<br \/>\nHistoire<br \/>\nEnregistr\u00e9<br \/>\nContribuer<br \/>\nLimite de 5 000 caract\u00e8res. Utilisez les fl\u00e8ches pour traduire plus.<\/p>\n<p>Type de gouvernement\u00a0:<\/p>\n<p>R\u00e9publique<\/p>\n<p>Capitale:<\/p>\n<p>Caire<\/p>\n<p>Les coordonn\u00e9es g\u00e9ographiques:<\/p>\n<p>30 03 N, 31 15 E<\/p>\n<p>Diff\u00e9rence de temps:<\/p>\n<p>UTC + 2 (1 heure d&rsquo;avance sur Londres pendant l&rsquo;heure standard)<\/p>\n<p>Heure d&rsquo;\u00e9t\u00e9\u00a0:<\/p>\n<p>+1h commence le dernier vendredi d&rsquo;avril ; se termine jeudi dernier de septembre.<\/p>\n<p>Ind\u00e9pendance:<\/p>\n<p>28 f\u00e9vrier 1922 (du Royaume-Uni)<\/p>\n<p>F\u00eate nationale:<\/p>\n<p>Jour de la R\u00e9volution, 23 juillet (1952)<\/p>\n<p>Syst\u00e8me l\u00e9gal:<\/p>\n<p>Bas\u00e9 sur le droit islamique et civil (en particulier les codes napol\u00e9oniens); contr\u00f4le judiciaire par la Cour supr\u00eame et le Conseil d&rsquo;\u00c9tat (surveille la validit\u00e9 des d\u00e9cisions administratives); accepte la juridiction obligatoire de la CIJ avec des r\u00e9serves.<\/p>\n<p>Droit de vote\u00a0:<\/p>\n<p>18 ans; universelle et obligatoire.<\/p>\n<p>Branche ex\u00e9cutive:<\/p>\n<p>Chef d&rsquo;\u00e9tat:<\/p>\n<p>Pr\u00e9sident Mohamed Hosni MOUBARAK (depuis le 14 Octobre 1981).<\/p>\n<p>Chef du gouvernement:<\/p>\n<p>Premier Ministre Ahmed Mohamed NAZIF (depuis le 9 Juillet 2004)<\/p>\n<p>Cabinet:<\/p>\n<p>Cabinet nomm\u00e9 par le pr\u00e9sident.<\/p>\n<p>Pouvoir l\u00e9gislatif :<\/p>\n<p>Le syst\u00e8me bicam\u00e9ral comprend l&rsquo;Assembl\u00e9e du peuple ou Majilis al Sha&rsquo;b (454 si\u00e8ges ; 444 \u00e9lus au suffrage universel, 10 nomm\u00e9s par le pr\u00e9sident ; les membres ont un mandat de cinq ans) et le Conseil consultatif ou Majilis al-Shura (Conseil de la Choura) ( 264 si\u00e8ges ; 176 \u00e9lus au suffrage universel, 88 nomm\u00e9s par le pr\u00e9sident ; les membres ont un mandat de 6 ans ; \u00e9lections \u00e0 mi-mandat pour la moiti\u00e9 des membres \u00e9lus).<\/p>\n<p>\u00c9conomie- Aper\u00e7u\u00a0:-<\/p>\n<p>Occupant le coin nord-est du continent africain, l&rsquo;\u00c9gypte est travers\u00e9e par la tr\u00e8s fertile vall\u00e9e du Nil, o\u00f9 se d\u00e9roule la plupart des activit\u00e9s \u00e9conomiques. L&rsquo;\u00e9conomie \u00e9gyptienne \u00e9tait fortement centralis\u00e9e sous le r\u00e8gne de l&rsquo;ancien pr\u00e9sident Gamal Abdel NASSER, mais s&rsquo;est consid\u00e9rablement ouverte sous l&rsquo;ancien pr\u00e9sident Anwar EL-SADAT et l&rsquo;actuel pr\u00e9sident Mohamed Hosni MUBARAK. Le Caire a poursuivi de mani\u00e8re agressive des r\u00e9formes \u00e9conomiques pour encourager les entr\u00e9es d&rsquo;investissements \u00e9trangers et faciliter la croissance du PIB. En 2005, le gouvernement du Premier ministre Ahmed NAZIF a r\u00e9duit les taux d&rsquo;imposition des particuliers et des soci\u00e9t\u00e9s, r\u00e9duit les subventions \u00e9nerg\u00e9tiques et privatis\u00e9 plusieurs entreprises. Le march\u00e9 boursier a explos\u00e9 et le PIB a augment\u00e9 d&rsquo;environ 7 % chaque ann\u00e9e depuis 2006. Malgr\u00e9 ces r\u00e9alisations, le gouvernement n&rsquo;a pas r\u00e9ussi \u00e0 \u00e9lever le niveau de vie de l&rsquo;\u00c9gyptien moyen et a d\u00fb continuer \u00e0 subventionner les produits de premi\u00e8re n\u00e9cessit\u00e9. Les subventions ont contribu\u00e9 \u00e0 un important d\u00e9ficit budg\u00e9taire &#8211; environ 7 % du PIB en 2007-08 et repr\u00e9sentent une ponction importante sur l&rsquo;\u00e9conomie. Les investissements directs \u00e9trangers ont augment\u00e9 de mani\u00e8re significative au cours des deux derni\u00e8res ann\u00e9es.<\/p>\n<p>PIB (parit\u00e9 de pouvoir d&rsquo;achat)<\/p>\n<p>442,6 milliards de dollars (estimation 2008) 414,1 milliards de dollars (2007) 386,6 milliards de dollars (2006)<\/p>\n<p>Force de travail:<\/p>\n<p>24,72 millions (estimation 2008)<\/p>\n<p>Agriculture:<\/p>\n<p>32%<\/p>\n<p>Industrie:<\/p>\n<p>17%<\/p>\n<p>Prestations de service:<\/p>\n<p>51%<\/p>\n<p>Taux de ch\u00f4mage:<\/p>\n<p>8,7% (estimation 2008)<\/p>\n<p>Agriculture &#8211; Produits\u00a0:<\/p>\n<p>Coton, riz, ma\u00efs, bl\u00e9, haricots, fruits, l\u00e9gumes, b\u00e9tail, buffles d&rsquo;eau, moutons, ch\u00e8vres.<\/p>\n<p>Les industries:<\/p>\n<p>Textile, agroalimentaire, tourisme, chimie, pharmacie, hydrocarbures, construction, ciment, m\u00e9taux, industrie l\u00e9g\u00e8re.<\/p>\n<p>La production d&rsquo;\u00e9lectricit\u00e9:<\/p>\n<p>109,1 milliards de KWh (estimation 2006).<\/p>\n<p>La plupart des zones 220 volts AC, 50Hz. certaines zones rurales utilisent encore 110 volts AC.<\/p>\n<p>Production d&rsquo;huile:<\/p>\n<p>664 000 bbl\/jour (est. 2007)<\/p>\n<p>Gaz naturel \u2013 Production :<\/p>\n<p>47,5 milliards m3 (est. 2007)<\/p>\n","protected":false},"excerpt":{"rendered":"<p>\u00c9gypte (R\u00e9publique arabe d&rsquo;\u00c9gypte) Fond: La r\u00e9gularit\u00e9 et la richesse de la crue annuelle du Nil, associ\u00e9es au semi-isolement fourni par les d\u00e9serts \u00e0 l&rsquo;est et \u00e0 l&rsquo;ouest, ont permis le d\u00e9veloppement de l&rsquo;une des plus grandes civilisations du monde. Un royaume unifi\u00e9 est n\u00e9 vers 3200 av. et une s\u00e9rie de dynasties ont r\u00e9gn\u00e9 [&hellip;]<\/p>\n","protected":false},"author":1,"featured_media":28537,"parent":0,"menu_order":0,"comment_status":"closed","ping_status":"closed","template":"template-home-modern.php","meta":{"_acf_changed":false,"footnotes":""},"class_list":["post-28611","page","type-page","status-publish","has-post-thumbnail","hentry"],"acf":[],"_links":{"self":[{"href":"https:\/\/www.exploreegypttours.com\/fr\/wp-json\/wp\/v2\/pages\/28611","targetHints":{"allow":["GET"]}}],"collection":[{"href":"https:\/\/www.exploreegypttours.com\/fr\/wp-json\/wp\/v2\/pages"}],"about":[{"href":"https:\/\/www.exploreegypttours.com\/fr\/wp-json\/wp\/v2\/types\/page"}],"author":[{"embeddable":true,"href":"https:\/\/www.exploreegypttours.com\/fr\/wp-json\/wp\/v2\/users\/1"}],"replies":[{"embeddable":true,"href":"https:\/\/www.exploreegypttours.com\/fr\/wp-json\/wp\/v2\/comments?post=28611"}],"version-history":[{"count":0,"href":"https:\/\/www.exploreegypttours.com\/fr\/wp-json\/wp\/v2\/pages\/28611\/revisions"}],"wp:featuredmedia":[{"embeddable":true,"href":"https:\/\/www.exploreegypttours.com\/fr\/wp-json\/wp\/v2\/media\/28537"}],"wp:attachment":[{"href":"https:\/\/www.exploreegypttours.com\/fr\/wp-json\/wp\/v2\/media?parent=28611"}],"curies":[{"name":"wp","href":"https:\/\/api.w.org\/{rel}","templated":true}]}}