{"id":28617,"date":"2022-01-14T08:31:19","date_gmt":"2022-01-14T08:31:19","guid":{"rendered":"https:\/\/touregyptclub.com\/sobre-nosotras\/"},"modified":"2025-12-29T09:47:53","modified_gmt":"2025-12-29T09:47:53","slug":"a-propos-de-nous-2","status":"publish","type":"page","link":"https:\/\/www.exploreegypttours.com\/fr\/%C3%80-propos-de-nous\/","title":{"rendered":"\u00e0 propos de nous"},"content":{"rendered":"<div class=\"wpb-content-wrapper\"><p>[vc_row][vc_column width=\u00a0\u00bb1\/2&Prime;][vc_column_text css=\u00a0\u00bb\u00a0\u00bb]<\/p>\n<p><span style=\"font-size: 14pt;\"><strong>Notre mission<\/strong><\/span><\/p>\n<p>[\/vc_column_text][vc_column_text css=\u00a0\u00bb\u00a0\u00bb]<\/p>\n<p><span style=\"color: #000000;\">Est d&rsquo;organiser des vacances m\u00e9morables en \u00c9gypte et de continuer \u00e0 \u00e9couter les demandes des clients, en apportant des suggestions et des conseils pour cr\u00e9er de la valeur et faire la diff\u00e9rence. Nos clients d\u00e9couvrent la riche histoire et la beaut\u00e9 de l&rsquo;\u00c9gypte, mais d\u00e9couvrent \u00e9galement la culture, la vie quotidienne des habitants et les avantages du tourisme pour les communaut\u00e9s locales.<\/span><\/p>\n<p>&nbsp;<\/p>\n<p>[\/vc_column_text][\/vc_column][vc_column width=\u00a0\u00bb1\/2&Prime;][vc_column_text css=\u00a0\u00bb\u00a0\u00bb]<\/p>\n<p><span style=\"font-size: 14pt;\"><strong>Notre vision<\/strong><\/span><\/p>\n<p>[\/vc_column_text][vc_column_text css=\u00a0\u00bb\u00a0\u00bb]<\/p>\n<p><span style=\"color: #000000;\">Il s&rsquo;agit d&rsquo;accomplir la croissance et la qualit\u00e9 pour l&rsquo;avenir, ce qui n\u00e9cessite ; une entreprise o\u00f9 les gens travaillent avec enthousiasme pour le tourisme en \u00c9gypte et un r\u00e9seau de fournisseurs passionn\u00e9s par le pays et les services d&rsquo;accueil pour offrir des services touristiques en \u00c9gypte plus pratiques avec des solutions toutes faites en r\u00e9pondant \u00e0 tous les int\u00e9r\u00eats.<\/span><\/p>\n<p><span style=\"color: #000000;\">Un voyagiste responsable qui fait la diff\u00e9rence en soutenant le tourisme durable et responsable pour contribuer \u00e0 la conservation des sites \u00e9gyptiens du patrimoine mondial.<\/span><\/p>\n<p>[\/vc_column_text][\/vc_column][\/vc_row][vc_row][vc_column][vc_column_text css=\u00a0\u00bb\u00a0\u00bb]<\/p>\n<p data-start=\"2035\" data-end=\"2332\"><span style=\"font-size: 14pt;\"><strong data-start=\"2035\" data-end=\"2058\">Travel Lovers Egypt<\/strong><\/span><\/p>\n<p data-start=\"2995\" data-end=\"3299\"><span style=\"color: #000000;\">L\u2019un des principaux tour-op\u00e9rateurs en \u00c9gypte. Nous sommes sp\u00e9cialis\u00e9s dans les circuits locaux \u00e0 travers la terre d\u2019\u00c9gypte et le reste du Moyen-Orient.<\/span><br data-start=\"3173\" data-end=\"3176\" \/><span style=\"color: #000000;\">Explore Egypt Tours est fi\u00e8rement op\u00e9r\u00e9 par Travel Lovers Egypt, une agence de voyages \u00e9gyptienne agr\u00e9\u00e9e (Licence n\u00b0 2390).<\/span><\/p>\n<p data-start=\"3301\" data-end=\"3753\"><span style=\"color: #000000;\">Travel Lovers Egypt est la soci\u00e9t\u00e9 m\u00e8re et le principal centre op\u00e9rationnel derri\u00e8re un groupe de sites de voyage sp\u00e9cialis\u00e9s, dont Explore Egypt Tours. En tant que soci\u00e9t\u00e9 m\u00e8re, Travel Lovers Egypt fournit l\u2019infrastructure professionnelle, les licences et l\u2019expertise n\u00e9cessaires pour permettre \u00e0 ses sites web d\u2019offrir des services touristiques de haute qualit\u00e9, des itin\u00e9raires sur mesure et des exp\u00e9riences exceptionnelles \u00e0 travers toute l\u2019\u00c9gypte.<\/span><\/p>\n<p data-start=\"3755\" data-end=\"3967\"><span style=\"color: #000000;\"><strong data-start=\"3755\" data-end=\"3784\">Contact \u2013 Bureau du Caire<\/strong><\/span><br data-start=\"3784\" data-end=\"3787\" \/><span style=\"color: #000000;\"><a class=\"decorated-link\" style=\"color: #000000;\" href=\"https:\/\/travelloversegypt.com\/\" target=\"_new\" rel=\"noopener\" data-start=\"3787\" data-end=\"3817\">https:\/\/travelloversegypt.com\/<\/a><\/span><br data-start=\"3817\" data-end=\"3820\" \/><span style=\"color: #000000;\"><a class=\"decorated-link cursor-pointer\" style=\"color: #000000;\" rel=\"noopener\" data-start=\"3820\" data-end=\"3847\">sales@travelloversegypt.com<\/a><\/span><br data-start=\"3847\" data-end=\"3850\" \/><span style=\"color: #000000;\">T\u00e9l\u00e9phone portable : +2 011 222 633 72<\/span><br data-start=\"3888\" data-end=\"3891\" \/><span style=\"color: #000000;\">T\u00e9l\u00e9phone fixe : +2 (02) 37723880<\/span><br data-start=\"3924\" data-end=\"3927\" \/><span style=\"color: #000000;\">Adresse : 120 El-Haram St, Giza \u2013 \u00c9gypte<\/span><\/p>\n<p>[\/vc_column_text][\/vc_column][\/vc_row]<\/p>\n<\/div>","protected":false},"excerpt":{"rendered":"<p>[vc_row][vc_column width=\u00a0\u00bb1\/2&Prime;][vc_column_text css=\u00a0\u00bb\u00a0\u00bb] Notre mission [\/vc_column_text][vc_column_text css=\u00a0\u00bb\u00a0\u00bb] Est d&rsquo;organiser des vacances m\u00e9morables en \u00c9gypte et de continuer \u00e0 \u00e9couter les demandes des clients, en apportant des suggestions et des conseils pour cr\u00e9er de la valeur et faire la diff\u00e9rence. Nos clients d\u00e9couvrent la riche histoire et la beaut\u00e9 de l&rsquo;\u00c9gypte, mais d\u00e9couvrent \u00e9galement la culture, [&hellip;]<\/p>\n","protected":false},"author":1,"featured_media":43585,"parent":0,"menu_order":0,"comment_status":"closed","ping_status":"closed","template":"template-home-modern.php","meta":{"_acf_changed":false,"footnotes":""},"class_list":["post-28617","page","type-page","status-publish","has-post-thumbnail","hentry"],"acf":[],"_links":{"self":[{"href":"https:\/\/www.exploreegypttours.com\/fr\/wp-json\/wp\/v2\/pages\/28617","targetHints":{"allow":["GET"]}}],"collection":[{"href":"https:\/\/www.exploreegypttours.com\/fr\/wp-json\/wp\/v2\/pages"}],"about":[{"href":"https:\/\/www.exploreegypttours.com\/fr\/wp-json\/wp\/v2\/types\/page"}],"author":[{"embeddable":true,"href":"https:\/\/www.exploreegypttours.com\/fr\/wp-json\/wp\/v2\/users\/1"}],"replies":[{"embeddable":true,"href":"https:\/\/www.exploreegypttours.com\/fr\/wp-json\/wp\/v2\/comments?post=28617"}],"version-history":[{"count":0,"href":"https:\/\/www.exploreegypttours.com\/fr\/wp-json\/wp\/v2\/pages\/28617\/revisions"}],"wp:featuredmedia":[{"embeddable":true,"href":"https:\/\/www.exploreegypttours.com\/fr\/wp-json\/wp\/v2\/media\/43585"}],"wp:attachment":[{"href":"https:\/\/www.exploreegypttours.com\/fr\/wp-json\/wp\/v2\/media?parent=28617"}],"curies":[{"name":"wp","href":"https:\/\/api.w.org\/{rel}","templated":true}]}}