{"id":28626,"date":"2022-01-14T08:32:23","date_gmt":"2022-01-14T08:32:23","guid":{"rendered":"https:\/\/touregyptclub.com\/egypt-holiday-calendar\/"},"modified":"2024-02-01T08:23:44","modified_gmt":"2024-02-01T08:23:44","slug":"calendrier-vacances-egypte","status":"publish","type":"page","link":"https:\/\/www.exploreegypttours.com\/fr\/calendrier-des-vacances-en-egypte\/","title":{"rendered":"Calendrier des vacances en Egypte"},"content":{"rendered":"\r\n<p>\u00ab\u00a0Mais pour comprendre d&rsquo;o\u00f9 est n\u00e9e toute cette erreur, j&rsquo;ouvrirai le tout au plaisir d&rsquo;accuser et de louer la douleur, et j&rsquo;expliquerai ces choses qui ont \u00e9t\u00e9 dites par cet inventeur de la v\u00e9rit\u00e9 et, pour ainsi dire, , l&rsquo;architecte de la vie bienheureuse. De grandes douleurs r\u00e9sultent de ceux qui ne savent pas comment le plaisir suit la raison : il n&rsquo;y a personne non plus qui d\u00e9sire obtenir du plaisir parce que la douleur elle-m\u00eame est la douleur elle-m\u00eame, augment\u00e9e, mais parce que des temps d&rsquo;une telle nature ne se produire, de sorte que par le labeur et la douleur, il peut rechercher un grand plaisir. \u00ab\u00a0Qui de nous entreprend un exercice physique laborieux, sauf pour en tirer quelque avantage? Et qui condamne \u00e0 juste titre ou celui qui souhaite \u00eatre dans ce plaisir mais n&rsquo;obtient , ou celui qui \u00e9chappe \u00e0 cette douleur par laquelle aucun plaisir ne peut \u00eatre obtenu ?\u00a0\u00bb<\/p>\r\n","protected":false},"excerpt":{"rendered":"<p>\u00ab\u00a0Mais pour comprendre d&rsquo;o\u00f9 est n\u00e9e toute cette erreur, j&rsquo;ouvrirai le tout au plaisir d&rsquo;accuser et de louer la douleur, et j&rsquo;expliquerai ces choses qui ont \u00e9t\u00e9 dites par cet inventeur de la v\u00e9rit\u00e9 et, pour ainsi dire, , l&rsquo;architecte de la vie bienheureuse. De grandes douleurs r\u00e9sultent de ceux qui ne savent pas comment [&hellip;]<\/p>\n","protected":false},"author":1,"featured_media":0,"parent":0,"menu_order":0,"comment_status":"closed","ping_status":"closed","template":"template-home-modern.php","meta":{"_acf_changed":false,"footnotes":""},"class_list":["post-28626","page","type-page","status-publish","has-post-thumbnail","hentry"],"acf":[],"_links":{"self":[{"href":"https:\/\/www.exploreegypttours.com\/fr\/wp-json\/wp\/v2\/pages\/28626","targetHints":{"allow":["GET"]}}],"collection":[{"href":"https:\/\/www.exploreegypttours.com\/fr\/wp-json\/wp\/v2\/pages"}],"about":[{"href":"https:\/\/www.exploreegypttours.com\/fr\/wp-json\/wp\/v2\/types\/page"}],"author":[{"embeddable":true,"href":"https:\/\/www.exploreegypttours.com\/fr\/wp-json\/wp\/v2\/users\/1"}],"replies":[{"embeddable":true,"href":"https:\/\/www.exploreegypttours.com\/fr\/wp-json\/wp\/v2\/comments?post=28626"}],"version-history":[{"count":0,"href":"https:\/\/www.exploreegypttours.com\/fr\/wp-json\/wp\/v2\/pages\/28626\/revisions"}],"wp:attachment":[{"href":"https:\/\/www.exploreegypttours.com\/fr\/wp-json\/wp\/v2\/media?parent=28626"}],"curies":[{"name":"wp","href":"https:\/\/api.w.org\/{rel}","templated":true}]}}