{"id":28654,"date":"2022-01-14T08:54:37","date_gmt":"2022-01-14T08:54:37","guid":{"rendered":"https:\/\/touregyptclub.com\/egypt-travel-info\/"},"modified":"2024-02-01T08:33:33","modified_gmt":"2024-02-01T08:33:33","slug":"informations-sur-le-voyage-en-egypte","status":"publish","type":"page","link":"https:\/\/www.exploreegypttours.com\/fr\/informations-sur-le-voyage-en-%C3%89gypte\/","title":{"rendered":"Informations sur le voyage en \u00c9gypte"},"content":{"rendered":"\r\n<p>L&rsquo;\u00c9gypte\u00a0arabe\u00a0(\u0645\u0635\u0631)\u00a0Mi\u1e63r,\u00a0officiellement la\u00a0R\u00e9publique arabe d&rsquo;\u00c9gypte, est un pays principalement en Afrique du Nord, la p\u00e9ninsule du Sina\u00ef formant un pont terrestre en Asie occidentale. L&rsquo;\u00c9gypte est bord\u00e9e par la mer M\u00e9diterran\u00e9e au nord, la bande de Gaza et Isra\u00ebl au nord-est, la mer Rouge \u00e0 l&rsquo;est, le Soudan au sud et la Libye \u00e0 l&rsquo;ouest.<\/p>\r\n\r\n\r\n\r\n<p>L&rsquo;\u00c9gypte est l&rsquo;un des pays les plus peupl\u00e9s d&rsquo;Afrique et du Moyen-Orient. Vivre pr\u00e8s des rives du Nil o\u00f9 se trouvent les seules terres agricoles arables. Les vastes zones du d\u00e9sert du Sahara sont peu habit\u00e9es. Environ la moiti\u00e9 des habitants de l&rsquo;\u00c9gypte vivent dans des zones urbaines, la majorit\u00e9 \u00e9tant r\u00e9partie dans les centres dens\u00e9ment peupl\u00e9s du Grand\u00a0Caire, d&rsquo;Alexandrie\u00a0et d&rsquo;autres grandes villes du delta du Nil.<\/p>\r\n\r\n\r\n\r\n<p>L&rsquo;\u00c9gypte est c\u00e9l\u00e8bre pour sa civilisation ancienne et certains des monuments les plus c\u00e9l\u00e8bres au monde ; L&rsquo;\u00c9gypte est largement consid\u00e9r\u00e9e comme une nation politique et culturelle importante du Moyen-Orient.<\/p>\r\n\r\n\r\n\r\n<p>L&rsquo;\u00c9gypte poss\u00e8de l&rsquo;une des \u00e9conomies les plus d\u00e9velopp\u00e9es du Moyen-Orient, avec des secteurs tels que le tourisme, l&rsquo;agriculture, l&rsquo;industrie, l&rsquo;\u00e9conomie \u00e9gyptienne se d\u00e9veloppe rapidement.<\/p>\r\n\r\n\r\n\r\n<p>Climat de l&rsquo;\u00c9gypte\u00a0: &#8211;<\/p>\r\n\r\n\r\n\r\n<p>L&rsquo;\u00c9gypte est un tr\u00e8s grand pays\u00a0: lorsqu&rsquo;il fait froid et humide \u00e0\u00a0Alexandrie, il peut d\u00e9j\u00e0 faire extr\u00eamement chaud \u00e0\u00a0Assouan.<\/p>\r\n\r\n\r\n\r\n<p>Le meilleur moment pour visiter la majorit\u00e9 des sites, y compris les pyramides et la Vall\u00e9e des Rois, est de f\u00e9vrier \u00e0 avril et d&rsquo;octobre \u00e0 novembre, lorsqu&rsquo;il fait assez chaud pour savoir que c&rsquo;est le \u00ab\u00a0pays du soleil\u00a0\u00bb, mais pas trop chaud \u00eatre agr\u00e9able. A cette \u00e9poque, le ciel et la mer sont d&rsquo;un bleu parfait. L&rsquo;inconv\u00e9nient est que la m\u00e9t\u00e9o est un secret mal gard\u00e9 et que ce sont les p\u00e9riodes les plus populaires de l&rsquo;ann\u00e9e pour les visiteurs.<\/p>\r\n\r\n\r\n\r\n<p>En avril, le vent chaud et poussi\u00e9reux de Khamsin souffle du Sahara, rendant la visite des sites g\u00eanante : lors d&rsquo;une temp\u00eate de sable intense, la vision peut \u00eatre r\u00e9duite \u00e0 quelques m\u00e8tres.<\/p>\r\n\r\n\r\n\r\n<p>Les \u00e9t\u00e9s extr\u00eamement chauds et secs portent la menace de la d\u00e9shydratation et de l&rsquo;\u00e9puisement par la chaleur, confinant le visiteur \u00e0 l&rsquo;int\u00e9rieur pendant une grande partie de la journ\u00e9e. L&rsquo;hiver, en revanche, est doux et souvent couvert, laissant le d\u00e9sert et ses monuments antiques ternes. Les pr\u00e9cipitations sont n\u00e9gligeables sauf sur la c\u00f4te.<\/p>\r\n\r\n\r\n\r\n<p>V\u00eatements requis<\/p>\r\n\r\n\r\n\r\n<p>Des cotons et des lins amples, l\u00e9gers et modestes avec des v\u00eatements plus chauds pour l&rsquo;hiver et des soir\u00e9es plus fra\u00eeches sont culturellement et climatiquement adapt\u00e9s.<\/p>\r\n","protected":false},"excerpt":{"rendered":"<p>L&rsquo;\u00c9gypte\u00a0arabe\u00a0(\u0645\u0635\u0631)\u00a0Mi\u1e63r,\u00a0officiellement la\u00a0R\u00e9publique arabe d&rsquo;\u00c9gypte, est un pays principalement en Afrique du Nord, la p\u00e9ninsule du Sina\u00ef formant un pont terrestre en Asie occidentale. L&rsquo;\u00c9gypte est bord\u00e9e par la mer M\u00e9diterran\u00e9e au nord, la bande de Gaza et Isra\u00ebl au nord-est, la mer Rouge \u00e0 l&rsquo;est, le Soudan au sud et la Libye \u00e0 l&rsquo;ouest. L&rsquo;\u00c9gypte [&hellip;]<\/p>\n","protected":false},"author":1,"featured_media":0,"parent":0,"menu_order":0,"comment_status":"closed","ping_status":"closed","template":"template-home-modern.php","meta":{"_acf_changed":false,"footnotes":""},"class_list":["post-28654","page","type-page","status-publish","has-post-thumbnail","hentry"],"acf":[],"_links":{"self":[{"href":"https:\/\/www.exploreegypttours.com\/fr\/wp-json\/wp\/v2\/pages\/28654","targetHints":{"allow":["GET"]}}],"collection":[{"href":"https:\/\/www.exploreegypttours.com\/fr\/wp-json\/wp\/v2\/pages"}],"about":[{"href":"https:\/\/www.exploreegypttours.com\/fr\/wp-json\/wp\/v2\/types\/page"}],"author":[{"embeddable":true,"href":"https:\/\/www.exploreegypttours.com\/fr\/wp-json\/wp\/v2\/users\/1"}],"replies":[{"embeddable":true,"href":"https:\/\/www.exploreegypttours.com\/fr\/wp-json\/wp\/v2\/comments?post=28654"}],"version-history":[{"count":0,"href":"https:\/\/www.exploreegypttours.com\/fr\/wp-json\/wp\/v2\/pages\/28654\/revisions"}],"wp:attachment":[{"href":"https:\/\/www.exploreegypttours.com\/fr\/wp-json\/wp\/v2\/media?parent=28654"}],"curies":[{"name":"wp","href":"https:\/\/api.w.org\/{rel}","templated":true}]}}