{"id":28693,"date":"2019-02-18T06:39:36","date_gmt":"2019-02-18T06:39:36","guid":{"rendered":"https:\/\/touregyptclub.com\/tours-in-egypt\/"},"modified":"2024-02-01T08:23:59","modified_gmt":"2024-02-01T08:23:59","slug":"circuit-l-egypte-voyage-en-egypte-et-les-vacances-d-egypte","status":"publish","type":"page","link":"https:\/\/www.exploreegypttours.com\/fr\/circuit-egypte-voyage-egypte-vacances-egypte\/","title":{"rendered":"Circuit L Egypte ,voyage en Egypte et les vacances d egypte"},"content":{"rendered":"<div class=\"wpb-content-wrapper\"><p>[vc_row][vc_column][vc_column_text]<strong>Circuit en Egypte :<\/strong><\/p>\n<p>D\u00e9couvrez le pays des pharaons parmi les plus beaux h\u00f4tels et des croisi\u00e8res sur le Nil \u00e0 petits prix. R\u00e9servez facilement tout en voyageant \u00e0 des prix de r\u00eave avec nous<\/p>\n<p><strong>\u00a0voyage en Egypte<\/strong> :<\/p>\n<p>Profitez\u00a0 d&rsquo;histoire de l&rsquo;egypte avec des forfaits croisi\u00e8res sur le Nil, tours , h\u00f4tels locaux etc. ces forfaits couvrent le site le plus important d\u2019\u00c9gypte en \u00e9conomiques prix vous ne le trouverez que chez nous<\/p>\n<p><strong>les vacances dans l\u2019Egypte :<\/strong><\/p>\n<p>passez des vacances de 2 jours ou plus pour visitez les attractions touristiques de tout l\u2019\u00c9gypte, nous proposons une large gamme de forfaits de voyage pour tous les go\u00fbts pour D\u00e9couvrez l\u2019histoire d\u2019Egypte ancienne et Moderne avec des visites locaux , des forfaits des croisi\u00e8res sur le Nil \u00e0 Assouan et louxor , un safari , camping dans les d\u00e9serts de l&rsquo;egypte pour voir la fantastique vues au d\u00e9sert et les montagne , faites de la plong\u00e9e en apn\u00e9e dans la mer Rouge ou la mer m\u00e9diterran\u00e9e<br \/>\na la fin Vous visiterez les endroits les plus passionnants d\u2019Egypte et en savoir plus sur le pays , les egyptiens , coutumes , traditions et culture locaux de l\u2019Egypte[\/vc_column_text][\/vc_column][\/vc_row]<\/p>\n<\/div>","protected":false},"excerpt":{"rendered":"<p>[vc_row][vc_column][vc_column_text]Circuit en Egypte : D\u00e9couvrez le pays des pharaons parmi les plus beaux h\u00f4tels et des croisi\u00e8res sur le Nil \u00e0 petits prix. R\u00e9servez facilement tout en voyageant \u00e0 des prix de r\u00eave avec nous \u00a0voyage en Egypte : Profitez\u00a0 d&rsquo;histoire de l&rsquo;egypte avec des forfaits croisi\u00e8res sur le Nil, tours , h\u00f4tels locaux etc. [&hellip;]<\/p>\n","protected":false},"author":1,"featured_media":47329,"parent":0,"menu_order":0,"comment_status":"closed","ping_status":"closed","template":"template-tour-search.php","meta":{"_acf_changed":false,"footnotes":""},"class_list":["post-28693","page","type-page","status-publish","has-post-thumbnail","hentry"],"acf":[],"_links":{"self":[{"href":"https:\/\/www.exploreegypttours.com\/fr\/wp-json\/wp\/v2\/pages\/28693","targetHints":{"allow":["GET"]}}],"collection":[{"href":"https:\/\/www.exploreegypttours.com\/fr\/wp-json\/wp\/v2\/pages"}],"about":[{"href":"https:\/\/www.exploreegypttours.com\/fr\/wp-json\/wp\/v2\/types\/page"}],"author":[{"embeddable":true,"href":"https:\/\/www.exploreegypttours.com\/fr\/wp-json\/wp\/v2\/users\/1"}],"replies":[{"embeddable":true,"href":"https:\/\/www.exploreegypttours.com\/fr\/wp-json\/wp\/v2\/comments?post=28693"}],"version-history":[{"count":0,"href":"https:\/\/www.exploreegypttours.com\/fr\/wp-json\/wp\/v2\/pages\/28693\/revisions"}],"wp:featuredmedia":[{"embeddable":true,"href":"https:\/\/www.exploreegypttours.com\/fr\/wp-json\/wp\/v2\/media\/47329"}],"wp:attachment":[{"href":"https:\/\/www.exploreegypttours.com\/fr\/wp-json\/wp\/v2\/media?parent=28693"}],"curies":[{"name":"wp","href":"https:\/\/api.w.org\/{rel}","templated":true}]}}