{"id":37609,"date":"2022-07-20T08:25:14","date_gmt":"2022-07-20T08:25:14","guid":{"rendered":"https:\/\/2022.exploreegypttours.com\/tour-package\/"},"modified":"2024-02-01T08:34:25","modified_gmt":"2024-02-01T08:34:25","slug":"best-egypt-travel-vacation-packages","status":"publish","type":"page","link":"https:\/\/www.exploreegypttours.com\/fr\/meilleures-sejour-egypte-vacances-voyage-organis%C3%A9-pas-cher\/","title":{"rendered":"voyage organis\u00e9 en Egypte"},"content":{"rendered":"<div class=\"wpb-content-wrapper\"><p>[vc_row][vc_column][vc_column_text]<span style=\"font-size: 14pt;\"><strong>voyage organis\u00e9 en Egypte<\/strong><\/span><\/p>\n<p>Nous aidons \u00e0 organiser des manifiques vacances pour Planifier l&rsquo;aventure au pays des pharaons. Visitez les pyramides qui est une des sept Merveilles du monde et naviguez \u00e0 travers la beaut\u00e9 croisireres du Nil<\/p>\n<p>vous pouvez voyagez en \u00c9gypte et passez une bonne vacance inoubliable avec nous[\/vc_column_text][\/vc_column][\/vc_row]<\/p>\n<\/div>","protected":false},"excerpt":{"rendered":"<p>[vc_row][vc_column][vc_column_text]voyage organis\u00e9 en Egypte Nous aidons \u00e0 organiser des manifiques vacances pour Planifier l&rsquo;aventure au pays des pharaons. Visitez les pyramides qui est une des sept Merveilles du monde et naviguez \u00e0 travers la beaut\u00e9 croisireres du Nil vous pouvez voyagez en \u00c9gypte et passez une bonne vacance inoubliable avec nous[\/vc_column_text][\/vc_column][\/vc_row]<\/p>\n","protected":false},"author":1,"featured_media":0,"parent":0,"menu_order":0,"comment_status":"closed","ping_status":"closed","template":"template-tour-search.php","meta":{"_acf_changed":false,"footnotes":""},"class_list":["post-37609","page","type-page","status-publish","has-post-thumbnail","hentry"],"acf":[],"_links":{"self":[{"href":"https:\/\/www.exploreegypttours.com\/fr\/wp-json\/wp\/v2\/pages\/37609","targetHints":{"allow":["GET"]}}],"collection":[{"href":"https:\/\/www.exploreegypttours.com\/fr\/wp-json\/wp\/v2\/pages"}],"about":[{"href":"https:\/\/www.exploreegypttours.com\/fr\/wp-json\/wp\/v2\/types\/page"}],"author":[{"embeddable":true,"href":"https:\/\/www.exploreegypttours.com\/fr\/wp-json\/wp\/v2\/users\/1"}],"replies":[{"embeddable":true,"href":"https:\/\/www.exploreegypttours.com\/fr\/wp-json\/wp\/v2\/comments?post=37609"}],"version-history":[{"count":0,"href":"https:\/\/www.exploreegypttours.com\/fr\/wp-json\/wp\/v2\/pages\/37609\/revisions"}],"wp:attachment":[{"href":"https:\/\/www.exploreegypttours.com\/fr\/wp-json\/wp\/v2\/media?parent=37609"}],"curies":[{"name":"wp","href":"https:\/\/api.w.org\/{rel}","templated":true}]}}