{"id":37614,"date":"2022-07-20T08:26:15","date_gmt":"2022-07-20T08:26:15","guid":{"rendered":"https:\/\/2022.exploreegypttours.com\/shore-excursion\/"},"modified":"2024-02-01T08:26:59","modified_gmt":"2024-02-01T08:26:59","slug":"shore-excursion","status":"publish","type":"page","link":"https:\/\/www.exploreegypttours.com\/fr\/meilleures-excursions-%C3%A0-terre-excursion-depuis-le-port-visite-guid%C3%A9e-activit%C3%A9-pas-cher\/","title":{"rendered":"Excursions \u00e0 terre en \u00c9gypte"},"content":{"rendered":"<p><strong>Excursions \u00e0 terre en \u00c9gypte <\/strong><\/p>\n<p>Des navires de croisi\u00e8re internationaux accostent dans plusieurs ports d\u2019\u00c9gypte<\/p>\n<p>Nous sommons pr\u00e9sent une large gamme d\u2019excursions portuaires et d\u2019excursions d\u2019une journ\u00e9e pour les passagers d\u00e9barquant en mer Rouge et en mer M\u00e9diterran\u00e9e<\/p>\n<p>Ne perdez pas votre temps \u00e0 penser aux choses que vous pourriez faire lorsque votre navire d\u00e9barquerait dans l\u2019un des ports \u00e9gyptiens, maintenant notre travail d\u2019\u00e9quipe vous fournira les meilleurs programmes d\u2019excursions. De plus, ces circuits insolites en \u00c9gypte sont presque abordables pour tous ceux qui s\u2019int\u00e9ressent \u00e0 l\u2019\u00c9gypte et \u00e0 sa culture, vous pouvez visiter des voyages rapides \u00e0 petit budget en \u00c9gypte ou des voyages de luxe en \u00c9gypte<\/p>\n<p>Pour voir tous les voyages dont vous pourriez profiter avec des prix d\u00e9cents et pas ch\u00e8re<\/p>\n","protected":false},"excerpt":{"rendered":"<p>Excursions \u00e0 terre en \u00c9gypte Des navires de croisi\u00e8re internationaux accostent dans plusieurs ports d\u2019\u00c9gypte Nous sommons pr\u00e9sent une large gamme d\u2019excursions portuaires et d\u2019excursions d\u2019une journ\u00e9e pour les passagers d\u00e9barquant en mer Rouge et en mer M\u00e9diterran\u00e9e Ne perdez pas votre temps \u00e0 penser aux choses que vous pourriez faire lorsque votre navire d\u00e9barquerait [&hellip;]<\/p>\n","protected":false},"author":1,"featured_media":0,"parent":0,"menu_order":0,"comment_status":"closed","ping_status":"closed","template":"template-tour-search.php","meta":{"_acf_changed":false,"footnotes":""},"class_list":["post-37614","page","type-page","status-publish","has-post-thumbnail","hentry"],"acf":[],"_links":{"self":[{"href":"https:\/\/www.exploreegypttours.com\/fr\/wp-json\/wp\/v2\/pages\/37614","targetHints":{"allow":["GET"]}}],"collection":[{"href":"https:\/\/www.exploreegypttours.com\/fr\/wp-json\/wp\/v2\/pages"}],"about":[{"href":"https:\/\/www.exploreegypttours.com\/fr\/wp-json\/wp\/v2\/types\/page"}],"author":[{"embeddable":true,"href":"https:\/\/www.exploreegypttours.com\/fr\/wp-json\/wp\/v2\/users\/1"}],"replies":[{"embeddable":true,"href":"https:\/\/www.exploreegypttours.com\/fr\/wp-json\/wp\/v2\/comments?post=37614"}],"version-history":[{"count":0,"href":"https:\/\/www.exploreegypttours.com\/fr\/wp-json\/wp\/v2\/pages\/37614\/revisions"}],"wp:attachment":[{"href":"https:\/\/www.exploreegypttours.com\/fr\/wp-json\/wp\/v2\/media?parent=37614"}],"curies":[{"name":"wp","href":"https:\/\/api.w.org\/{rel}","templated":true}]}}