{"id":37618,"date":"2022-07-20T08:26:58","date_gmt":"2022-07-20T08:26:58","guid":{"rendered":"https:\/\/2022.exploreegypttours.com\/special-tours\/"},"modified":"2024-02-01T08:29:39","modified_gmt":"2024-02-01T08:29:39","slug":"special-tours","status":"publish","type":"page","link":"https:\/\/www.exploreegypttours.com\/fr\/meilleures-visites-sp%C3%A9ciales-offres-de-voyages-en-egypte\/","title":{"rendered":"Forfait voyage en Egypte"},"content":{"rendered":"<p><span style=\"font-size: 14pt;\"><strong>Forfait voyage en Egypte <\/strong><\/span><\/p>\n<p>Profitez des plus grandes offres avec Nous! Et s\u00e9jour des vacances uniques de votre large choix<\/p>\n<p>Ce Forfait de Voyage \u00e9tait en couple, en famille ou entre amis, pour d\u00e9couvrir Plus de 150 destinations en \u00c9gypte qui se compose des forfaits croisi\u00e8res sur le Nil \u00e0 Assouan et Louxor, des vacances de d\u00e9tente et de loisirs, ou un safari, camper dans le d\u00e9sert pour voir le fantastique\u00a0\u00a0 vues au d\u00e9sert d\u2019Egypte et Vous pouvez plonger en apn\u00e9e dans la mer Rouge avec un temps magnifique toute l&rsquo;ann\u00e9e<\/p>\n","protected":false},"excerpt":{"rendered":"<p>Forfait voyage en Egypte Profitez des plus grandes offres avec Nous! Et s\u00e9jour des vacances uniques de votre large choix Ce Forfait de Voyage \u00e9tait en couple, en famille ou entre amis, pour d\u00e9couvrir Plus de 150 destinations en \u00c9gypte qui se compose des forfaits croisi\u00e8res sur le Nil \u00e0 Assouan et Louxor, des vacances [&hellip;]<\/p>\n","protected":false},"author":1,"featured_media":0,"parent":0,"menu_order":0,"comment_status":"closed","ping_status":"closed","template":"template-tour-search.php","meta":{"_acf_changed":false,"footnotes":""},"class_list":["post-37618","page","type-page","status-publish","has-post-thumbnail","hentry"],"acf":[],"_links":{"self":[{"href":"https:\/\/www.exploreegypttours.com\/fr\/wp-json\/wp\/v2\/pages\/37618","targetHints":{"allow":["GET"]}}],"collection":[{"href":"https:\/\/www.exploreegypttours.com\/fr\/wp-json\/wp\/v2\/pages"}],"about":[{"href":"https:\/\/www.exploreegypttours.com\/fr\/wp-json\/wp\/v2\/types\/page"}],"author":[{"embeddable":true,"href":"https:\/\/www.exploreegypttours.com\/fr\/wp-json\/wp\/v2\/users\/1"}],"replies":[{"embeddable":true,"href":"https:\/\/www.exploreegypttours.com\/fr\/wp-json\/wp\/v2\/comments?post=37618"}],"version-history":[{"count":0,"href":"https:\/\/www.exploreegypttours.com\/fr\/wp-json\/wp\/v2\/pages\/37618\/revisions"}],"wp:attachment":[{"href":"https:\/\/www.exploreegypttours.com\/fr\/wp-json\/wp\/v2\/media?parent=37618"}],"curies":[{"name":"wp","href":"https:\/\/api.w.org\/{rel}","templated":true}]}}