{"id":48943,"date":"2023-12-25T09:12:33","date_gmt":"2023-12-25T09:12:33","guid":{"rendered":"https:\/\/www.exploreegypttours.com\/?page_id=48943"},"modified":"2024-02-01T08:23:24","modified_gmt":"2024-02-01T08:23:24","slug":"blog-2","status":"publish","type":"page","link":"https:\/\/www.exploreegypttours.com\/fr\/blog-2\/","title":{"rendered":"Blog"},"content":{"rendered":"<div class=\"wpb-content-wrapper\"><p>[vc_row][vc_column]<div class=\"row row-wrap st_blog st_grid no_margin_inner style5 \">\r\n                 <div class=\"col-md-3 col-sm-6 col-xs-12\">\r\n    <div class=\"thumb text-center\">\r\n        <a class=\"hover-img curved\" href=\"https:\/\/www.exploreegypttours.com\/fr\/les-pyramides-de-gizeh\/\">\r\n            <img decoding=\"async\" width=\"740\" height=\"740\" src=\"https:\/\/www.exploreegypttours.com\/wp-content\/uploads\/2023\/07\/Les-Pyramides-de-Gizeh-Merveilles-de-lEgypte-Ancienne-740x740.jpg\" class=\"attachment-740x740 size-740x740 wp-post-image\" alt=\"Les Pyramides de Gizeh\" srcset=\"https:\/\/www.exploreegypttours.com\/wp-content\/uploads\/2023\/07\/Les-Pyramides-de-Gizeh-Merveilles-de-lEgypte-Ancienne-740x740.jpg 740w, https:\/\/www.exploreegypttours.com\/wp-content\/uploads\/2023\/07\/Les-Pyramides-de-Gizeh-Merveilles-de-lEgypte-Ancienne-300x300.jpg 300w, https:\/\/www.exploreegypttours.com\/wp-content\/uploads\/2023\/07\/Les-Pyramides-de-Gizeh-Merveilles-de-lEgypte-Ancienne-1024x1024.jpg 1024w, https:\/\/www.exploreegypttours.com\/wp-content\/uploads\/2023\/07\/Les-Pyramides-de-Gizeh-Merveilles-de-lEgypte-Ancienne-150x150.jpg 150w, https:\/\/www.exploreegypttours.com\/wp-content\/uploads\/2023\/07\/Les-Pyramides-de-Gizeh-Merveilles-de-lEgypte-Ancienne-1536x1536.jpg 1536w, https:\/\/www.exploreegypttours.com\/wp-content\/uploads\/2023\/07\/Les-Pyramides-de-Gizeh-Merveilles-de-lEgypte-Ancienne-2048x2048.jpg 2048w, https:\/\/www.exploreegypttours.com\/wp-content\/uploads\/2023\/07\/Les-Pyramides-de-Gizeh-Merveilles-de-lEgypte-Ancienne-266x266.jpg 266w\" sizes=\"(max-width: 740px) 100vw, 740px\" \/>        <\/a>\r\n    <\/div>\r\n    <div class=\"thumb-caption \">\r\n        <p class=\"title f18\"><a href=\"https:\/\/www.exploreegypttours.com\/fr\/les-pyramides-de-gizeh\/\">Les Pyramides de Gizeh<\/a><\/p>\r\n        <p class=\"date\"><\/p>\r\n    <\/div>\r\n<\/div><div class=\"col-md-3 col-sm-6 col-xs-12\">\r\n    <div class=\"thumb text-center\">\r\n        <a class=\"hover-img curved\" href=\"https:\/\/www.exploreegypttours.com\/fr\/le-temple-de-karnak-%C3%A0-louxor\/\">\r\n            <img decoding=\"async\" width=\"740\" height=\"740\" src=\"https:\/\/www.exploreegypttours.com\/wp-content\/uploads\/2023\/07\/Le-Temple-de-Karnak-a-Louxor-Un-Magnifique-Temoignage-de-lEgypte-Ancienne-740x740.jpg\" class=\"attachment-740x740 size-740x740 wp-post-image\" alt=\"le Temple de Karnak\" srcset=\"https:\/\/www.exploreegypttours.com\/wp-content\/uploads\/2023\/07\/Le-Temple-de-Karnak-a-Louxor-Un-Magnifique-Temoignage-de-lEgypte-Ancienne-740x740.jpg 740w, https:\/\/www.exploreegypttours.com\/wp-content\/uploads\/2023\/07\/Le-Temple-de-Karnak-a-Louxor-Un-Magnifique-Temoignage-de-lEgypte-Ancienne-300x300.jpg 300w, https:\/\/www.exploreegypttours.com\/wp-content\/uploads\/2023\/07\/Le-Temple-de-Karnak-a-Louxor-Un-Magnifique-Temoignage-de-lEgypte-Ancienne-1024x1024.jpg 1024w, https:\/\/www.exploreegypttours.com\/wp-content\/uploads\/2023\/07\/Le-Temple-de-Karnak-a-Louxor-Un-Magnifique-Temoignage-de-lEgypte-Ancienne-150x150.jpg 150w, https:\/\/www.exploreegypttours.com\/wp-content\/uploads\/2023\/07\/Le-Temple-de-Karnak-a-Louxor-Un-Magnifique-Temoignage-de-lEgypte-Ancienne-1536x1536.jpg 1536w, https:\/\/www.exploreegypttours.com\/wp-content\/uploads\/2023\/07\/Le-Temple-de-Karnak-a-Louxor-Un-Magnifique-Temoignage-de-lEgypte-Ancienne-2048x2048.jpg 2048w, https:\/\/www.exploreegypttours.com\/wp-content\/uploads\/2023\/07\/Le-Temple-de-Karnak-a-Louxor-Un-Magnifique-Temoignage-de-lEgypte-Ancienne-266x266.jpg 266w\" sizes=\"(max-width: 740px) 100vw, 740px\" \/>        <\/a>\r\n    <\/div>\r\n    <div class=\"thumb-caption \">\r\n        <p class=\"title f18\"><a href=\"https:\/\/www.exploreegypttours.com\/fr\/le-temple-de-karnak-%C3%A0-louxor\/\">Le Temple de Karnak \u00e0 Louxor<\/a><\/p>\r\n        <p class=\"date\"><\/p>\r\n    <\/div>\r\n<\/div><div class=\"col-md-3 col-sm-6 col-xs-12\">\r\n    <div class=\"thumb text-center\">\r\n        <a class=\"hover-img curved\" href=\"https:\/\/www.exploreegypttours.com\/fr\/le-mus%C3%A9em-egyptien-du-caire-en-egypte\/\">\r\n            <img decoding=\"async\" width=\"740\" height=\"740\" src=\"https:\/\/www.exploreegypttours.com\/wp-content\/uploads\/2023\/07\/Le-Musee-Egyptien-du-Caire-Un-Voyage-Captivant-a-Travers-lHistoire-de-lEgypte-740x740.jpg\" class=\"attachment-740x740 size-740x740 wp-post-image\" alt=\"Mus\u00e9e Egyptien du Caire en Egypte\" srcset=\"https:\/\/www.exploreegypttours.com\/wp-content\/uploads\/2023\/07\/Le-Musee-Egyptien-du-Caire-Un-Voyage-Captivant-a-Travers-lHistoire-de-lEgypte-740x740.jpg 740w, https:\/\/www.exploreegypttours.com\/wp-content\/uploads\/2023\/07\/Le-Musee-Egyptien-du-Caire-Un-Voyage-Captivant-a-Travers-lHistoire-de-lEgypte-300x300.jpg 300w, https:\/\/www.exploreegypttours.com\/wp-content\/uploads\/2023\/07\/Le-Musee-Egyptien-du-Caire-Un-Voyage-Captivant-a-Travers-lHistoire-de-lEgypte-1024x1024.jpg 1024w, https:\/\/www.exploreegypttours.com\/wp-content\/uploads\/2023\/07\/Le-Musee-Egyptien-du-Caire-Un-Voyage-Captivant-a-Travers-lHistoire-de-lEgypte-150x150.jpg 150w, https:\/\/www.exploreegypttours.com\/wp-content\/uploads\/2023\/07\/Le-Musee-Egyptien-du-Caire-Un-Voyage-Captivant-a-Travers-lHistoire-de-lEgypte-1536x1536.jpg 1536w, https:\/\/www.exploreegypttours.com\/wp-content\/uploads\/2023\/07\/Le-Musee-Egyptien-du-Caire-Un-Voyage-Captivant-a-Travers-lHistoire-de-lEgypte-2048x2048.jpg 2048w, https:\/\/www.exploreegypttours.com\/wp-content\/uploads\/2023\/07\/Le-Musee-Egyptien-du-Caire-Un-Voyage-Captivant-a-Travers-lHistoire-de-lEgypte-266x266.jpg 266w\" sizes=\"(max-width: 740px) 100vw, 740px\" \/>        <\/a>\r\n    <\/div>\r\n    <div class=\"thumb-caption \">\r\n        <p class=\"title f18\"><a href=\"https:\/\/www.exploreegypttours.com\/fr\/le-mus%C3%A9em-egyptien-du-caire-en-egypte\/\">Le Mus\u00e9e Egyptien du Caire en Egypte<\/a><\/p>\r\n        <p class=\"date\"><\/p>\r\n    <\/div>\r\n<\/div><div class=\"col-md-3 col-sm-6 col-xs-12\">\r\n    <div class=\"thumb text-center\">\r\n        <a class=\"hover-img curved\" href=\"https:\/\/www.exploreegypttours.com\/fr\/informations-que-vous-ne-connaissez-pas-assouan-en-egypte\/\">\r\n            <img decoding=\"async\" width=\"740\" height=\"740\" src=\"https:\/\/www.exploreegypttours.com\/wp-content\/uploads\/2023\/07\/Assouan-Le-Joyau-du-Nil-740x740.jpg\" class=\"attachment-740x740 size-740x740 wp-post-image\" alt=\"Assouan en Egypte\" srcset=\"https:\/\/www.exploreegypttours.com\/wp-content\/uploads\/2023\/07\/Assouan-Le-Joyau-du-Nil-740x740.jpg 740w, https:\/\/www.exploreegypttours.com\/wp-content\/uploads\/2023\/07\/Assouan-Le-Joyau-du-Nil-300x300.jpg 300w, https:\/\/www.exploreegypttours.com\/wp-content\/uploads\/2023\/07\/Assouan-Le-Joyau-du-Nil-1024x1024.jpg 1024w, https:\/\/www.exploreegypttours.com\/wp-content\/uploads\/2023\/07\/Assouan-Le-Joyau-du-Nil-150x150.jpg 150w, https:\/\/www.exploreegypttours.com\/wp-content\/uploads\/2023\/07\/Assouan-Le-Joyau-du-Nil-1536x1536.jpg 1536w, https:\/\/www.exploreegypttours.com\/wp-content\/uploads\/2023\/07\/Assouan-Le-Joyau-du-Nil-2048x2048.jpg 2048w, https:\/\/www.exploreegypttours.com\/wp-content\/uploads\/2023\/07\/Assouan-Le-Joyau-du-Nil-266x266.jpg 266w\" sizes=\"(max-width: 740px) 100vw, 740px\" \/>        <\/a>\r\n    <\/div>\r\n    <div class=\"thumb-caption \">\r\n        <p class=\"title f18\"><a href=\"https:\/\/www.exploreegypttours.com\/fr\/informations-que-vous-ne-connaissez-pas-assouan-en-egypte\/\">6 informations que vous ne connaissez pas sur Assouan en Egypte<\/a><\/p>\r\n        <p class=\"date\"><\/p>\r\n    <\/div>\r\n<\/div><div class=\"col-md-3 col-sm-6 col-xs-12\">\r\n    <div class=\"thumb text-center\">\r\n        <a class=\"hover-img curved\" href=\"https:\/\/www.exploreegypttours.com\/fr\/la-vall%C3%A9e-des-rois-%C3%A0-louxor\/\">\r\n            <img decoding=\"async\" width=\"740\" height=\"740\" src=\"https:\/\/www.exploreegypttours.com\/wp-content\/uploads\/2023\/07\/La-Vallee-des-Rois--740x740.jpg\" class=\"attachment-740x740 size-740x740 wp-post-image\" alt=\"La Vall\u00e9e des Rois \u00e0 Louxor\" srcset=\"https:\/\/www.exploreegypttours.com\/wp-content\/uploads\/2023\/07\/La-Vallee-des-Rois--740x740.jpg 740w, https:\/\/www.exploreegypttours.com\/wp-content\/uploads\/2023\/07\/La-Vallee-des-Rois--300x300.jpg 300w, https:\/\/www.exploreegypttours.com\/wp-content\/uploads\/2023\/07\/La-Vallee-des-Rois--1024x1024.jpg 1024w, https:\/\/www.exploreegypttours.com\/wp-content\/uploads\/2023\/07\/La-Vallee-des-Rois--150x150.jpg 150w, https:\/\/www.exploreegypttours.com\/wp-content\/uploads\/2023\/07\/La-Vallee-des-Rois--1536x1536.jpg 1536w, https:\/\/www.exploreegypttours.com\/wp-content\/uploads\/2023\/07\/La-Vallee-des-Rois--2048x2048.jpg 2048w, https:\/\/www.exploreegypttours.com\/wp-content\/uploads\/2023\/07\/La-Vallee-des-Rois--266x266.jpg 266w\" sizes=\"(max-width: 740px) 100vw, 740px\" \/>        <\/a>\r\n    <\/div>\r\n    <div class=\"thumb-caption \">\r\n        <p class=\"title f18\"><a href=\"https:\/\/www.exploreegypttours.com\/fr\/la-vall%C3%A9e-des-rois-%C3%A0-louxor\/\">La Vall\u00e9e des Rois \u00e0 Louxor<\/a><\/p>\r\n        <p class=\"date\"><\/p>\r\n    <\/div>\r\n<\/div><div class=\"col-md-3 col-sm-6 col-xs-12\">\r\n    <div class=\"thumb text-center\">\r\n        <a class=\"hover-img curved\" href=\"https:\/\/www.exploreegypttours.com\/fr\/sites-doivent-visiter-dans-alexandrie\/\">\r\n            <img decoding=\"async\" width=\"740\" height=\"740\" src=\"https:\/\/www.exploreegypttours.com\/wp-content\/uploads\/2023\/07\/Alexandrie-La-Perle-de-la-Mediterranee-740x740.jpg\" class=\"attachment-740x740 size-740x740 wp-post-image\" alt=\"sites doivent visiter dans Alexandrie\" srcset=\"https:\/\/www.exploreegypttours.com\/wp-content\/uploads\/2023\/07\/Alexandrie-La-Perle-de-la-Mediterranee-740x740.jpg 740w, https:\/\/www.exploreegypttours.com\/wp-content\/uploads\/2023\/07\/Alexandrie-La-Perle-de-la-Mediterranee-300x300.jpg 300w, https:\/\/www.exploreegypttours.com\/wp-content\/uploads\/2023\/07\/Alexandrie-La-Perle-de-la-Mediterranee-1024x1024.jpg 1024w, https:\/\/www.exploreegypttours.com\/wp-content\/uploads\/2023\/07\/Alexandrie-La-Perle-de-la-Mediterranee-150x150.jpg 150w, https:\/\/www.exploreegypttours.com\/wp-content\/uploads\/2023\/07\/Alexandrie-La-Perle-de-la-Mediterranee-1536x1536.jpg 1536w, https:\/\/www.exploreegypttours.com\/wp-content\/uploads\/2023\/07\/Alexandrie-La-Perle-de-la-Mediterranee-2048x2048.jpg 2048w, https:\/\/www.exploreegypttours.com\/wp-content\/uploads\/2023\/07\/Alexandrie-La-Perle-de-la-Mediterranee-266x266.jpg 266w\" sizes=\"(max-width: 740px) 100vw, 740px\" \/>        <\/a>\r\n    <\/div>\r\n    <div class=\"thumb-caption \">\r\n        <p class=\"title f18\"><a href=\"https:\/\/www.exploreegypttours.com\/fr\/sites-doivent-visiter-dans-alexandrie\/\">6 sites doivent visiter dans Alexandrie<\/a><\/p>\r\n        <p class=\"date\"><\/p>\r\n    <\/div>\r\n<\/div><div class=\"col-md-3 col-sm-6 col-xs-12\">\r\n    <div class=\"thumb text-center\">\r\n        <a class=\"hover-img curved\" href=\"https:\/\/www.exploreegypttours.com\/fr\/abou-simbel-visitez-abou-simbel-%C3%A0-assouan\/\">\r\n            <img decoding=\"async\" width=\"740\" height=\"740\" src=\"https:\/\/www.exploreegypttours.com\/wp-content\/uploads\/2023\/07\/Abou-Simbel--740x740.jpg\" class=\"attachment-740x740 size-740x740 wp-post-image\" alt=\"Abou Simbel \u00e0 Assouan\" srcset=\"https:\/\/www.exploreegypttours.com\/wp-content\/uploads\/2023\/07\/Abou-Simbel--740x740.jpg 740w, https:\/\/www.exploreegypttours.com\/wp-content\/uploads\/2023\/07\/Abou-Simbel--300x300.jpg 300w, https:\/\/www.exploreegypttours.com\/wp-content\/uploads\/2023\/07\/Abou-Simbel--1024x1024.jpg 1024w, https:\/\/www.exploreegypttours.com\/wp-content\/uploads\/2023\/07\/Abou-Simbel--150x150.jpg 150w, https:\/\/www.exploreegypttours.com\/wp-content\/uploads\/2023\/07\/Abou-Simbel--1536x1536.jpg 1536w, https:\/\/www.exploreegypttours.com\/wp-content\/uploads\/2023\/07\/Abou-Simbel--2048x2048.jpg 2048w, https:\/\/www.exploreegypttours.com\/wp-content\/uploads\/2023\/07\/Abou-Simbel--266x266.jpg 266w\" sizes=\"(max-width: 740px) 100vw, 740px\" \/>        <\/a>\r\n    <\/div>\r\n    <div class=\"thumb-caption \">\r\n        <p class=\"title f18\"><a href=\"https:\/\/www.exploreegypttours.com\/fr\/abou-simbel-visitez-abou-simbel-%C3%A0-assouan\/\">Abou Simbel: visitez Abou Simbel \u00e0 Assouan<\/a><\/p>\r\n        <p class=\"date\"><\/p>\r\n    <\/div>\r\n<\/div><div class=\"col-md-3 col-sm-6 col-xs-12\">\r\n    <div class=\"thumb text-center\">\r\n        <a class=\"hover-img curved\" href=\"https:\/\/www.exploreegypttours.com\/fr\/le-sphinx-de-gizeh-gardien-mysterieux-de-legypte-ancienne\/\">\r\n            <img decoding=\"async\" width=\"740\" height=\"740\" src=\"https:\/\/www.exploreegypttours.com\/wp-content\/uploads\/2023\/07\/Le-Sphinx-de-Gizeh-Gardien-Mysterieux-de-lEgypte-Ancienne-740x740.jpg\" class=\"attachment-740x740 size-740x740 wp-post-image\" alt=\"Le Sphinx de Gizeh\" srcset=\"https:\/\/www.exploreegypttours.com\/wp-content\/uploads\/2023\/07\/Le-Sphinx-de-Gizeh-Gardien-Mysterieux-de-lEgypte-Ancienne-740x740.jpg 740w, https:\/\/www.exploreegypttours.com\/wp-content\/uploads\/2023\/07\/Le-Sphinx-de-Gizeh-Gardien-Mysterieux-de-lEgypte-Ancienne-300x300.jpg 300w, https:\/\/www.exploreegypttours.com\/wp-content\/uploads\/2023\/07\/Le-Sphinx-de-Gizeh-Gardien-Mysterieux-de-lEgypte-Ancienne-1024x1024.jpg 1024w, https:\/\/www.exploreegypttours.com\/wp-content\/uploads\/2023\/07\/Le-Sphinx-de-Gizeh-Gardien-Mysterieux-de-lEgypte-Ancienne-150x150.jpg 150w, https:\/\/www.exploreegypttours.com\/wp-content\/uploads\/2023\/07\/Le-Sphinx-de-Gizeh-Gardien-Mysterieux-de-lEgypte-Ancienne-1536x1536.jpg 1536w, https:\/\/www.exploreegypttours.com\/wp-content\/uploads\/2023\/07\/Le-Sphinx-de-Gizeh-Gardien-Mysterieux-de-lEgypte-Ancienne-2048x2048.jpg 2048w, https:\/\/www.exploreegypttours.com\/wp-content\/uploads\/2023\/07\/Le-Sphinx-de-Gizeh-Gardien-Mysterieux-de-lEgypte-Ancienne-266x266.jpg 266w\" sizes=\"(max-width: 740px) 100vw, 740px\" \/>        <\/a>\r\n    <\/div>\r\n    <div class=\"thumb-caption \">\r\n        <p class=\"title f18\"><a href=\"https:\/\/www.exploreegypttours.com\/fr\/le-sphinx-de-gizeh-gardien-mysterieux-de-legypte-ancienne\/\">Le Sphinx de Gizeh: Gardien Myst\u00e9rieux de l&rsquo;\u00c9gypte Ancienne<\/a><\/p>\r\n        <p class=\"date\"><\/p>\r\n    <\/div>\r\n<\/div><div class=\"col-md-3 col-sm-6 col-xs-12\">\r\n    <div class=\"thumb text-center\">\r\n        <a class=\"hover-img curved\" href=\"https:\/\/www.exploreegypttours.com\/fr\/les-principales-attractions-en-egypte-un-guide-detaille\/\">\r\n            <img decoding=\"async\" width=\"740\" height=\"740\" src=\"https:\/\/www.exploreegypttours.com\/wp-content\/uploads\/2023\/07\/Dive-Climb-and-Soar-The-Ultimate-Guide-to-Adventure-Trips-in-Egypt-740x740.jpg\" class=\"attachment-740x740 size-740x740 wp-post-image\" alt=\"\u00c9gypte\" \/>        <\/a>\r\n    <\/div>\r\n    <div class=\"thumb-caption \">\r\n        <p class=\"title f18\"><a href=\"https:\/\/www.exploreegypttours.com\/fr\/les-principales-attractions-en-egypte-un-guide-detaille\/\">Les Principales Attractions en \u00c9gypte : Un Guide D\u00e9taill\u00e9<\/a><\/p>\r\n        <p class=\"date\"><\/p>\r\n    <\/div>\r\n<\/div>\r\n               <\/div>[\/vc_column][\/vc_row]<\/p>\n<\/div>","protected":false},"excerpt":{"rendered":"<p>[vc_row][vc_column][\/vc_column][\/vc_row]<\/p>\n","protected":false},"author":28,"featured_media":48630,"parent":0,"menu_order":0,"comment_status":"closed","ping_status":"closed","template":"","meta":{"_acf_changed":false,"footnotes":""},"class_list":["post-48943","page","type-page","status-publish","has-post-thumbnail","hentry"],"acf":[],"_links":{"self":[{"href":"https:\/\/www.exploreegypttours.com\/fr\/wp-json\/wp\/v2\/pages\/48943","targetHints":{"allow":["GET"]}}],"collection":[{"href":"https:\/\/www.exploreegypttours.com\/fr\/wp-json\/wp\/v2\/pages"}],"about":[{"href":"https:\/\/www.exploreegypttours.com\/fr\/wp-json\/wp\/v2\/types\/page"}],"author":[{"embeddable":true,"href":"https:\/\/www.exploreegypttours.com\/fr\/wp-json\/wp\/v2\/users\/28"}],"replies":[{"embeddable":true,"href":"https:\/\/www.exploreegypttours.com\/fr\/wp-json\/wp\/v2\/comments?post=48943"}],"version-history":[{"count":0,"href":"https:\/\/www.exploreegypttours.com\/fr\/wp-json\/wp\/v2\/pages\/48943\/revisions"}],"wp:featuredmedia":[{"embeddable":true,"href":"https:\/\/www.exploreegypttours.com\/fr\/wp-json\/wp\/v2\/media\/48630"}],"wp:attachment":[{"href":"https:\/\/www.exploreegypttours.com\/fr\/wp-json\/wp\/v2\/media?parent=48943"}],"curies":[{"name":"wp","href":"https:\/\/api.w.org\/{rel}","templated":true}]}}