{"id":28707,"date":"2022-01-14T09:04:08","date_gmt":"2022-01-14T09:04:08","guid":{"rendered":"https:\/\/touregyptclub.com\/travelers-survival-kit-in-egypt\/"},"modified":"2022-08-22T13:24:27","modified_gmt":"2022-08-22T13:24:27","slug":"travelers-survival-kit-in-egypt","status":"publish","type":"page","link":"https:\/\/www.exploreegypttours.com\/pt-br\/kit-de-sobreviv%C3%AAncia-do-viajante-no-egito\/","title":{"rendered":"Kit de sobreviv\u00eancia do viajante no Egito"},"content":{"rendered":"\n<div class=\"wp-block-group is-vertical is-layout-flex wp-container-core-group-is-layout-8cf370e7 wp-block-group-is-layout-flex\">\n<div class=\"wp-block-group is-vertical is-layout-flex wp-container-core-group-is-layout-8cf370e7 wp-block-group-is-layout-flex\">\n<div class=\"wp-block-group is-vertical is-layout-flex wp-container-core-group-is-layout-8cf370e7 wp-block-group-is-layout-flex\">\n<p>Kit de sobreviv\u00eancia do viajante no Egito:<br>O Egito \u00e9 um pa\u00eds sofisticado e moderno, e quase tudo que voc\u00ea precisa pode ser comprado no Egito. Mas desde que voc\u00ea n\u00e3o queira comprar coisas como sapatos no Egito, e que outros itens possam ser dif\u00edceis de encontrar, ou muito caros, compilamos uma lista de alguns dos itens mais importantes que voc\u00ea pode querer levar com voc\u00ea. Esta lista pode parecer rudimentar para o viajante experiente, mas para muitos que fazem uma primeira viagem ao Egito, pode evitar problemas.<br>Lutando com o Sol e o Calor:<br>Chap\u00e9us e outras coberturas: chap\u00e9us de abas grandes que fornecem n\u00e3o apenas uma cobertura para a cabe\u00e7a, mas tamb\u00e9m uma certa quantidade de sombra ser\u00e3o muito \u00fateis no sol quente do Egito. Al\u00e9m disso, as mulheres ser\u00e3o mais aceit\u00e1veis \u200b\u200bao visitar igrejas e mesquitas antigas se estiverem usando algum tipo de cobertura para a cabe\u00e7a. Al\u00e9m disso, len\u00e7os ou outras roupas devem ser levados para cobrir ombros e bra\u00e7os, e novamente, ou n\u00e3o apenas importante para visitar locais religiosos, mas tamb\u00e9m para manter o sol durante as caminhadas. Em climas muito quentes, um chap\u00e9u ou len\u00e7o de pano que possa ser encharcado tamb\u00e9m ajudar\u00e1 a manter a cabe\u00e7a fresca.<br>\u201cSqueeze Breathe\u201d \u00e9 uma garrafa de \u00e1gua com um pulverizador e um ventilador a bateria, que est\u00e1 dispon\u00edvel em lojas como Wal-Mart nos EUA. Este item literalmente impediu nossa Editora S\u00eanior, Mary Kay Radnich, de bater no conv\u00e9s no calor de 104F na Cisjord\u00e2nia, tarde de uma manh\u00e3.<br>Se voc\u00ea puder encontrar algo assim entre os brinquedos de praia neste ver\u00e3o, pegue-o.<br>Protetor solar: Embora os protetores solares possam ser comprados no Egito, voc\u00ea pode preferir trazer sua pr\u00f3pria marca favorita, mas traga-a. Muitas vezes, e gostaria de enfatizar, muitas vezes, vimos turistas com queimaduras solares dolorosas depois de um dia inteiro de passeios tur\u00edsticos.<br>\u00d3culos de sol: Outro item que pode ser comprado no Egito s\u00e3o os \u00f3culos de sol, mas, novamente, muitas pessoas preferem trazer os seus pr\u00f3prios. Haver\u00e1 muitas vezes que os turistas se encontrar\u00e3o em uma paisagem estridente, de areia e deserto e n\u00e3o h\u00e1 nada melhor do que um bom par de \u00f3culos de sol, com a maior classifica\u00e7\u00e3o UV que voc\u00ea pode encontrar.<br>Cantina ou bebedouro: Manter-se hidratado far\u00e1 a diferen\u00e7a entre um passeio confort\u00e1vel e um que pode acabar com problemas. A maioria das pessoas aprende rapidamente a carregar uma garrafa de \u00e1gua com eles, e a \u00e1gua engarrafada \u00e9 facilmente acess\u00edvel. No entanto, carregar uma garrafa de \u00e1gua na m\u00e3o pode ser cansativo. \u00c9 muito melhor trazer uma cantina ou algum outro utens\u00edlio que permita carregar a garrafa de \u00e1gua na cintura ou no ombro. Fanny packs ou mochilas com suportes para garrafas de \u00e1gua e, para as mulheres, at\u00e9 uma bolsa tipo bolsa de ombro tornar\u00e1 isso mais conveniente.<\/p>\n<\/div>\n<\/div>\n<\/div>\n","protected":false},"excerpt":{"rendered":"<p>Kit de sobreviv\u00eancia do viajante no Egito:O Egito \u00e9 um pa\u00eds sofisticado e moderno, e quase tudo que voc\u00ea precisa pode ser comprado no Egito. Mas desde que voc\u00ea n\u00e3o queira comprar coisas como sapatos no Egito, e que outros itens possam ser dif\u00edceis de encontrar, ou muito caros, compilamos uma lista de alguns dos [&hellip;]<\/p>\n","protected":false},"author":1,"featured_media":48629,"parent":0,"menu_order":0,"comment_status":"closed","ping_status":"closed","template":"template-home-modern.php","meta":{"_acf_changed":false,"footnotes":""},"class_list":["post-28707","page","type-page","status-publish","has-post-thumbnail","hentry"],"acf":[],"_links":{"self":[{"href":"https:\/\/www.exploreegypttours.com\/pt-br\/wp-json\/wp\/v2\/pages\/28707","targetHints":{"allow":["GET"]}}],"collection":[{"href":"https:\/\/www.exploreegypttours.com\/pt-br\/wp-json\/wp\/v2\/pages"}],"about":[{"href":"https:\/\/www.exploreegypttours.com\/pt-br\/wp-json\/wp\/v2\/types\/page"}],"author":[{"embeddable":true,"href":"https:\/\/www.exploreegypttours.com\/pt-br\/wp-json\/wp\/v2\/users\/1"}],"replies":[{"embeddable":true,"href":"https:\/\/www.exploreegypttours.com\/pt-br\/wp-json\/wp\/v2\/comments?post=28707"}],"version-history":[{"count":0,"href":"https:\/\/www.exploreegypttours.com\/pt-br\/wp-json\/wp\/v2\/pages\/28707\/revisions"}],"wp:featuredmedia":[{"embeddable":true,"href":"https:\/\/www.exploreegypttours.com\/pt-br\/wp-json\/wp\/v2\/media\/48629"}],"wp:attachment":[{"href":"https:\/\/www.exploreegypttours.com\/pt-br\/wp-json\/wp\/v2\/media?parent=28707"}],"curies":[{"name":"wp","href":"https:\/\/api.w.org\/{rel}","templated":true}]}}