{"id":28714,"date":"2022-01-14T09:04:27","date_gmt":"2022-01-14T09:04:27","guid":{"rendered":"https:\/\/touregyptclub.com\/tours-in-egypt\/"},"modified":"2024-01-04T08:16:04","modified_gmt":"2024-01-04T08:16:04","slug":"passeios-no-egito","status":"publish","type":"page","link":"https:\/\/www.exploreegypttours.com\/pt-br\/egito-turismo-pacotes-de-viagens-passeios-egito-viagem-baratos\/","title":{"rendered":"Pesquisar Viagem Egito"},"content":{"rendered":"<div class=\"wpb-content-wrapper\"><p>[vc_row][vc_column][vc_empty_space][\/vc_column][\/vc_row][vc_row][vc_column][vc_column_text]<strong>Turismo no Egito<\/strong>, n\u00e3o importa onde voc\u00ea esteja dentro do Egito estamos comprometidos em ajud\u00e1-lo a aproveitar ao m\u00e1ximo\u00a0 seu tempo para aproveitar mais suas f\u00e9rias no Egito, voc\u00ea pode confira os passeios e atividades tur\u00edsticas para escolher.<\/p>\n<p><strong>Excurs\u00f5es Terrestres, <\/strong>desfrute de uma experi\u00eancia inesquec\u00edvel de Excurs\u00f5es Terrestres e tenha a oportunidade de ver mais do que voc\u00ea imagina, pode fazer visitas no Egito apartir dos portos eg\u00edpcios, saindo do seu navio no porto para ir ao destino tur\u00edstico.<\/p>\n<p><strong>Excurs\u00e3o de um dia,<\/strong> se voc\u00ea ficar no Egito e tiver um dia de folga ou transitar nos aeroportos do Egito voc\u00ea pode escolher entre de passeios opcionais e passeios de um dia. pode visitar as cidades mais maravelhosas como cairo, Aswan, Luxor e Alexandria.<\/p>\n<p><strong>Cruzeiros no Nilo e Dahabiya<\/strong>, pode reservar o cruzeiro com Explore Egypt Tours para aproveitar 4 ou 5 dias em cruzeiro ou dahabiya no centro do Rio Nilo, visitando os templos mais famosos al\u00e9m de navegar entre as margens verdes e paisagens naturais.<\/p>\n<p><strong>Viagens para o Egito e Passeios no Egito,<\/strong>\u00a0a sua viagem de uma vida ser\u00e1 real, se voc\u00ea escolher um pacote para percorrer todo o Egito e fazer um cruzeiro no Nilo indo para o Mar Vermelho e a maioria dos lugares mais interessantes do Egito que oferecemos em nossos pacotes que incluem tudo o que voc\u00ea precisa.<\/p>\n<p><strong>Turismo de Luxo<\/strong>, temos ofertas Especiais de Passeios e Viagens, lhe daremos a op\u00e7\u00e3o se voc\u00ea quiser ter uma viagem inesquec\u00edvel e especial com as ofertas mais atualizadas.<\/p>\n<p>N\u00e3o hesite em contactar-nos para preparar a sua viagem de vida.[\/vc_column_text][\/vc_column][\/vc_row]<\/p>\n<\/div>","protected":false},"excerpt":{"rendered":"<p>[vc_row][vc_column][vc_empty_space][\/vc_column][\/vc_row][vc_row][vc_column][vc_column_text]Turismo no Egito, n\u00e3o importa onde voc\u00ea esteja dentro do Egito estamos comprometidos em ajud\u00e1-lo a aproveitar ao m\u00e1ximo\u00a0 seu tempo para aproveitar mais suas f\u00e9rias no Egito, voc\u00ea pode confira os passeios e atividades tur\u00edsticas para escolher. Excurs\u00f5es Terrestres, desfrute de uma experi\u00eancia inesquec\u00edvel de Excurs\u00f5es Terrestres e tenha a oportunidade de ver mais [&hellip;]<\/p>\n","protected":false},"author":1,"featured_media":47328,"parent":0,"menu_order":0,"comment_status":"closed","ping_status":"closed","template":"template-tour-search.php","meta":{"_acf_changed":false,"footnotes":""},"class_list":["post-28714","page","type-page","status-publish","has-post-thumbnail","hentry"],"acf":[],"_links":{"self":[{"href":"https:\/\/www.exploreegypttours.com\/pt-br\/wp-json\/wp\/v2\/pages\/28714","targetHints":{"allow":["GET"]}}],"collection":[{"href":"https:\/\/www.exploreegypttours.com\/pt-br\/wp-json\/wp\/v2\/pages"}],"about":[{"href":"https:\/\/www.exploreegypttours.com\/pt-br\/wp-json\/wp\/v2\/types\/page"}],"author":[{"embeddable":true,"href":"https:\/\/www.exploreegypttours.com\/pt-br\/wp-json\/wp\/v2\/users\/1"}],"replies":[{"embeddable":true,"href":"https:\/\/www.exploreegypttours.com\/pt-br\/wp-json\/wp\/v2\/comments?post=28714"}],"version-history":[{"count":0,"href":"https:\/\/www.exploreegypttours.com\/pt-br\/wp-json\/wp\/v2\/pages\/28714\/revisions"}],"wp:featuredmedia":[{"embeddable":true,"href":"https:\/\/www.exploreegypttours.com\/pt-br\/wp-json\/wp\/v2\/media\/47328"}],"wp:attachment":[{"href":"https:\/\/www.exploreegypttours.com\/pt-br\/wp-json\/wp\/v2\/media?parent=28714"}],"curies":[{"name":"wp","href":"https:\/\/api.w.org\/{rel}","templated":true}]}}