{"id":28722,"date":"2022-01-14T09:07:41","date_gmt":"2022-01-14T09:07:41","guid":{"rendered":"https:\/\/touregyptclub.com\/about-egypt\/"},"modified":"2022-08-22T12:15:25","modified_gmt":"2022-08-22T12:15:25","slug":"about-egypt","status":"publish","type":"page","link":"https:\/\/www.exploreegypttours.com\/pt-br\/sobre-o-egito\/","title":{"rendered":"Sobre o Egito"},"content":{"rendered":"<div class=\"wpb-content-wrapper\"><p>[vc_row][vc_column][vc_column_text]<\/p>\n<section class=\"col-md-9\">\n<div id=\"main\" class=\"clearfix \">\n<div id=\"content-wrapper\">\n<div class=\"region region-content\">\n<div id=\"block-system-main\" class=\"block block-system clearfix\">\n<div class=\"content\">\n<article id=\"node-40\" class=\"node node-page clearfix\">\n<div class=\"content\">\n<div class=\"field field-name-body field-type-text-with-summary field-label-hidden\">\n<div class=\"field-items\">\n<div class=\"field-item even\">\n<p>Egito (Rep\u00fablica \u00c1rabe do Egito)<\/p>\n<p>Fundo:<\/p>\n<p>A regularidade e riqueza das cheias anuais do rio Nilo, aliadas ao semi-isolamento proporcionado pelos desertos a leste e oeste, permitiram o desenvolvimento de uma das grandes civiliza\u00e7\u00f5es do mundo. Um Reino unificado surgiu por volta de 3200 a.C. e uma s\u00e9rie de dinastias governaram o Egito pelos pr\u00f3ximos tr\u00eas mil\u00eanios. A \u00faltima dinastia nativa caiu para os persas em 341 a.C. que por sua vez foram substitu\u00eddos pelos gregos, romanos e bizantinos. Foram os \u00e1rabes que introduziram o Isl\u00e3 e a l\u00edngua \u00e1rabe no s\u00e9culo VII e que governaram pelos pr\u00f3ximos seis s\u00e9culos. Uma casta militar local, os mamelucos assumiram o controle por volta de 1250 e continuaram a governar ap\u00f3s a conquista do Egito pelos turcos otomanos em 1517. Ap\u00f3s a conclus\u00e3o do Canal de Suez em 1869, o Egito tornou-se um importante centro de transporte mundial, mas tamb\u00e9m caiu fortemente em d\u00edvida. A Gr\u00e3-Bretanha assumiu o controle do governo do Egito em 1882, mas a fidelidade nominal ao Imp\u00e9rio Otomano continuou at\u00e9 1914. Parcialmente independente do Reino Unido em 1922, o Egito adquiriu plena soberania com a derrubada da monarquia apoiada pelos brit\u00e2nicos em 1952. A conclus\u00e3o do Alto de Aswan A barragem em 1971 e o resultante Lago Nasser alteraram o lugar consagrado pelo tempo do rio Nilo na agricultura e ecologia do Egito. Uma popula\u00e7\u00e3o em r\u00e1pido crescimento (a maior do mundo \u00e1rabe), terras ar\u00e1veis \u200b\u200blimitadas e depend\u00eancia do Nilo continuam sobrecarregando os recursos e estressando a sociedade. O governo tem lutado para atender \u00e0s demandas da crescente popula\u00e7\u00e3o do Egito por meio de reformas econ\u00f4micas e investimentos maci\u00e7os em comunica\u00e7\u00f5es e infraestrutura f\u00edsica.<\/p>\n<p>Geografia:<\/p>\n<p>Localiza\u00e7\u00e3o:<\/p>\n<p>Norte da \u00c1frica, na fronteira com o Mar Mediterr\u00e2neo, entre a L\u00edbia e a faixa de Gaza, e o Mar Vermelho ao norte do Sud\u00e3o e inclui a Pen\u00ednsula do Sinai asi\u00e1tica.<\/p>\n<p>Coordenadas geogr\u00e1ficas:<\/p>\n<p>27 00 N, 30 00 E<\/p>\n<p>\u00c1rea:<\/p>\n<p>Total:<\/p>\n<p>1.001.450 km\u00b2<\/p>\n<p>Terra:<\/p>\n<p>995.450 quil\u00f4metros quadrados<\/p>\n<p>\u00c1gua:<\/p>\n<p>6.000 km\u00b2<\/p>\n<p>Limites de territ\u00f3rio:<\/p>\n<p>Total:<\/p>\n<p>2.665 quil\u00f4metros<\/p>\n<p>Pa\u00edses fronteiri\u00e7os:<\/p>\n<p>Faixa de Gaza 11 km, Israel 266 km, L\u00edbia 1.115 km, Sud\u00e3o 1.273 km.<\/p>\n<p>Litoral:<\/p>\n<p>2.450 quil\u00f4metros<\/p>\n<p>Clima:<\/p>\n<p>Deserto; ver\u00f5es quentes e secos com invernos moderados.<\/p>\n<p>Terreno:<\/p>\n<p>Vasto planalto des\u00e9rtico interrompido pelo vale do Nilo e delta.<\/p>\n<p>Extremos de eleva\u00e7\u00e3o:<\/p>\n<p>Ponto mais baixo:<\/p>\n<p>Depress\u00e3o de Qattara -133 m<\/p>\n<p>Ponto mais alto:<\/p>\n<p>Monte Catarina 2.629 m<\/p>\n<p>Recursos naturais:<\/p>\n<p>Petr\u00f3leo, g\u00e1s natural, min\u00e9rio de ferro, fosfatos, mangan\u00eas, calc\u00e1rio, gesso, talco, amianto, chumbo, zinco.<\/p>\n<p>Meio Ambiente \u2013 Problemas atuais:<\/p>\n<p>Terras agr\u00edcolas sendo perdidas para urbaniza\u00e7\u00e3o e areias levadas pelo vento; aumento da saliniza\u00e7\u00e3o do solo abaixo da represa de Aswan; desertifica\u00e7\u00e3o; polui\u00e7\u00e3o por \u00f3leo amea\u00e7a recifes de corais, praias e habitats marinhos; outra polui\u00e7\u00e3o da \u00e1gua por pesticidas agr\u00edcolas, esgoto bruto e efluentes industriais; recursos naturais de \u00e1gua doce limitados longe do Nilo, que \u00e9 o \u00fanico recurso h\u00eddrico perene; r\u00e1pido crescimento da popula\u00e7\u00e3o sobrecarregando o Nilo e os recursos naturais.<\/p>\n<p>Meio Ambiente \u2013 acordos internacionais:<\/p>\n<p>Parte para:<\/p>\n<p>Biodiversidade, Mudan\u00e7a Clim\u00e1tica, Mudan\u00e7a Clim\u00e1tica-Protocolo de Kyoto, Desertifica\u00e7\u00e3o, Esp\u00e9cies Amea\u00e7adas, Modifica\u00e7\u00e3o Ambiental, Res\u00edduos Perigosos, Lei do Mar, Despejo Marinho, Prote\u00e7\u00e3o da Camada de Oz\u00f4nio, Polui\u00e7\u00e3o de Navios, Madeira Tropical 83, Madeira Tropical 94, Zonas H\u00famidas.<\/p>\n<p>Pessoas:-<\/p>\n<p>Popula\u00e7\u00e3o:<\/p>\n<p>83.082.869 (julho de 2009 est.)<\/p>\n<p>Estrutura et\u00e1ria:<\/p>\n<p>0-14 anos:<\/p>\n<p>31,4% (masculino 13.345.500\/feminino 12.743.878)<\/p>\n<p>15-64 anos:<\/p>\n<p>63,8% (masculino 26.823.127\/feminino 26.169.421)<\/p>\n<p>65 anos ou mais:<\/p>\n<p>4,8% (masculino 1.701.068\/feminino 2.299.875)<\/p>\n<p>(est. 2009)<\/p>\n<p>Taxa de crescimento populacional:<\/p>\n<p>1,642% (2009 est.)<\/p>\n<p>Taxa de natalidade:<\/p>\n<p>22,12 nascimentos\/1.000 habitantes (2008 est.)<\/p>\n<p>\u00cdndice de mortalidade:<\/p>\n<p>5,09 mortes\/1.000 habitantes (2008 est.)<\/p>\n<p>Taxa de migra\u00e7\u00e3o l\u00edquida:<\/p>\n<p>-0,2 migrante(s)\/1.000 habitantes (2009 est.)<\/p>\n<p>Urbaniza\u00e7\u00e3o:<\/p>\n<p>Popula\u00e7\u00e3o urbana:<\/p>\n<p>43% da popula\u00e7\u00e3o total (2008)<\/p>\n<p>Taxa de Urbaniza\u00e7\u00e3o:<\/p>\n<p>Taxa de varia\u00e7\u00e3o anual de 1,8% (2005-2010)<\/p>\n<p>Propor\u00e7\u00e3o de sexo:<\/p>\n<p>No nascimento:<\/p>\n<p>1,05 macho(s)\/f\u00eamea<\/p>\n<p>Menores de 15 anos: 1,05 homem(s)\/mulher<\/p>\n<p>15-64 anos:<\/p>\n<p>1,02 macho(s)\/f\u00eamea<\/p>\n<p>65 anos ou mais:<\/p>\n<p>0,74 homem(s)\/mulher<\/p>\n<p>Popula\u00e7\u00e3o total:<\/p>\n<p>1,02 macho(s)\/f\u00eamea (2009 est.)<\/p>\n<p>Expectativa de vida no nascimento:<\/p>\n<p>Popula\u00e7\u00e3o total:<\/p>\n<p>72,12 anos<\/p>\n<p>Macho:<\/p>\n<p>69,56<\/p>\n<p>F\u00eamea:<\/p>\n<p>74,81 anos (2009 est)<\/p>\n<p>Taxa de fertilidade total:<\/p>\n<p>2,66 filhos nascidos\/mulher (2009 est.)<\/p>\n<p>Taxa de preval\u00eancia de HIV\/AIDS em adultos:<\/p>\n<p>Menos de 0,1% (2001 est.)<\/p>\n<p>HIV\/AIDS- pessoas vivendo com HIV\/AIDS:<\/p>\n<p>9.200 (est. 2007)<\/p>\n<p>Nacionalidade:<\/p>\n<p>Substantivo:<\/p>\n<p>eg\u00edpcio(s)<\/p>\n<p>Adjetivo:<\/p>\n<p>eg\u00edpcio<\/p>\n<p>Grupos \u00e9tnicos:<\/p>\n<p>Eg\u00edpcio 99,6%, outros 0,4% (censo de 2006)<\/p>\n<p>Religi\u00f5es:<\/p>\n<p>Mu\u00e7ulmanos (principalmente sunitas) 90%, coptas 9%, outros crist\u00e3os 1%<\/p>\n<p>L\u00ednguas:<\/p>\n<p>\u00c1rabe (oficial), ingl\u00eas e franc\u00eas amplamente compreendidos por classes educadas<\/p>\n<p>Alfabetiza\u00e7\u00e3o:<\/p>\n<p>Defini\u00e7\u00e3o:<\/p>\n<p>A partir dos 15 anos sabe ler e escrever.<\/p>\n<p>Popula\u00e7\u00e3o total:<\/p>\n<p>71,4%<\/p>\n<p>Macho:<\/p>\n<p>83%<\/p>\n<p>F\u00eamea:<\/p>\n<p>59,4% (est. 2005)<\/p>\n<p>Despesas educacionais:<\/p>\n<p>4,2 do PIB (2006)<\/p>\n<p>Governo:-<\/p>\n<p>Nome do pa\u00eds:<\/p>\n<p>Formato longo convencional:<\/p>\n<p>Rep\u00fablica \u00c1rabe do Egito<\/p>\n<p>Forma curta convencional:<\/p>\n<p>Egito<\/p>\n<p>Forma longa local:<\/p>\n<p>Jumhuriyat Misr al-Arabiyah<\/p>\n<p>Forma curta local:<\/p>\n<p>Senhor<\/p>\n<p>Antigo:<\/p>\n<p>United A<\/p>\n<\/div>\n<\/div>\n<\/div>\n<\/div>\n<\/article>\n<\/div>\n<\/div>\n<\/div>\n<\/div>\n<\/div>\n<\/section>\n<p>[\/vc_column_text][\/vc_column][\/vc_row]<\/p>\n<\/div>","protected":false},"excerpt":{"rendered":"<p>[vc_row][vc_column][vc_column_text] Egito (Rep\u00fablica \u00c1rabe do Egito) Fundo: A regularidade e riqueza das cheias anuais do rio Nilo, aliadas ao semi-isolamento proporcionado pelos desertos a leste e oeste, permitiram o desenvolvimento de uma das grandes civiliza\u00e7\u00f5es do mundo. Um Reino unificado surgiu por volta de 3200 a.C. e uma s\u00e9rie de dinastias governaram o Egito pelos [&hellip;]<\/p>\n","protected":false},"author":1,"featured_media":48629,"parent":0,"menu_order":0,"comment_status":"closed","ping_status":"closed","template":"template-home-modern.php","meta":{"_acf_changed":false,"footnotes":""},"class_list":["post-28722","page","type-page","status-publish","has-post-thumbnail","hentry"],"acf":[],"_links":{"self":[{"href":"https:\/\/www.exploreegypttours.com\/pt-br\/wp-json\/wp\/v2\/pages\/28722","targetHints":{"allow":["GET"]}}],"collection":[{"href":"https:\/\/www.exploreegypttours.com\/pt-br\/wp-json\/wp\/v2\/pages"}],"about":[{"href":"https:\/\/www.exploreegypttours.com\/pt-br\/wp-json\/wp\/v2\/types\/page"}],"author":[{"embeddable":true,"href":"https:\/\/www.exploreegypttours.com\/pt-br\/wp-json\/wp\/v2\/users\/1"}],"replies":[{"embeddable":true,"href":"https:\/\/www.exploreegypttours.com\/pt-br\/wp-json\/wp\/v2\/comments?post=28722"}],"version-history":[{"count":0,"href":"https:\/\/www.exploreegypttours.com\/pt-br\/wp-json\/wp\/v2\/pages\/28722\/revisions"}],"wp:featuredmedia":[{"embeddable":true,"href":"https:\/\/www.exploreegypttours.com\/pt-br\/wp-json\/wp\/v2\/media\/48629"}],"wp:attachment":[{"href":"https:\/\/www.exploreegypttours.com\/pt-br\/wp-json\/wp\/v2\/media?parent=28722"}],"curies":[{"name":"wp","href":"https:\/\/api.w.org\/{rel}","templated":true}]}}