{"id":28762,"date":"2022-01-14T09:18:49","date_gmt":"2022-01-14T09:18:49","guid":{"rendered":"https:\/\/touregyptclub.com\/entrance-fees-in-egypt-for-major-monuments\/"},"modified":"2022-08-22T13:32:42","modified_gmt":"2022-08-22T13:32:42","slug":"entrance-fees-in-egypt-for-major-monuments","status":"publish","type":"page","link":"https:\/\/www.exploreegypttours.com\/pt-br\/taxas-de-entrada-no-egito-para-os-principais-monumentos\/","title":{"rendered":"Taxas de entrada no Egito para os principais monumentos"},"content":{"rendered":"\n<div class=\"wp-block-group is-vertical is-layout-flex wp-container-core-group-is-layout-8cf370e7 wp-block-group-is-layout-flex\">\n<p>Aqui est\u00e1 uma lista de taxas de entrada no Egito para os principais monumentos, templos, t\u00famulos e museus:\u200e<br>Os pre\u00e7os s\u00e3o exibidos em libras eg\u00edpcias &#8211; salvo indica\u00e7\u00e3o em contr\u00e1rio, a moeda eg\u00edpcia s\u00e3o as libras que s\u00e3o chamadas de L.E \u200esignifica Livere Egyptien, ou EGP significa Libra Eg\u00edpcia. \u00c9 obrigat\u00f3rio no Egito usar Libra Eg\u00edpcia na compra das taxas de admiss\u00e3o, ent\u00e3o esteja preparado! Os pre\u00e7os est\u00e3o sujeitos a altera\u00e7\u00f5es, fazemos o poss\u00edvel para manter esses pre\u00e7os atualizados.<\/p>\n\n\n\n<p>Nota: A maioria dos t\u00famulos n\u00e3o permite fotografia com flash.<br>N\u00e3o inclu\u00edmos taxas de entrada em nossos pre\u00e7os de excurs\u00e3o. Porque h\u00e1 um n\u00famero de pessoas que n\u00e3o querem se sentir obrigadas a visitar um site. Deixamos a decis\u00e3o para o viajante individual quando ele est\u00e1 realmente no local \u201csim ou n\u00e3o\u201d. Muitos que viajam conosco preferem n\u00e3o ficar \u200epresos ao \u201ctem que ver, porque est\u00e1 pago\u201d.<\/p>\n\n\n\n<p>Nome do Site Pre\u00e7o Adulto Pre\u00e7o Estudante \u200ePre\u00e7o Est\u00e1tico \/ V\u00eddeo \/ \u200eFoto &#8211; Notas Cairo &amp; Giz\u00e9 Citadel 50.00 L.E 25,00 Museu Copta 50.00 25,00 No Museu de Antiguidades Eg\u00edpcias 60.00 30.00 No Antiguidades Museu Mummies Hall 100.00 60.00 NO GAYER ANDERSON HOUSE 35.00 20.00 Museu de Arte Isl\u00e2mica \u200e40.00\u200e \u200e20.00\u200e N\u00c3O Museu Mahmud Khalil \u200e25.00\u200e Museu Nacional de Arte Moderna Eg\u00edpcia \u200e20.00\u200e N\u00c3O Panorama da Guerra de Outubro \u200e20.00\u200e Mesquita Sultan Hassan \u200e25.00\u200e \u200e15.00 Mesquita Al-Refai \u200e25.00.00 Torre do Cairo \u200e25.060.00 \u200e \u200e Manial Palace \u200e35.00\u200e \u200e25.00\u200e Bayt El-Suhaymy \u200e30.00\u200e \u200e15.00\u200e Hosh El-Basha \u200e15.00\u200e Planalto de Giz\u00e9 \u200e60.00\u200e \u200e30.00\u200e N\u00c3O Entrando na Pir\u00e2mide de Khufu \u200e100.00<\/p>\n<\/div>\n","protected":false},"excerpt":{"rendered":"<p>Aqui est\u00e1 uma lista de taxas de entrada no Egito para os principais monumentos, templos, t\u00famulos e museus:\u200eOs pre\u00e7os s\u00e3o exibidos em libras eg\u00edpcias &#8211; salvo indica\u00e7\u00e3o em contr\u00e1rio, a moeda eg\u00edpcia s\u00e3o as libras que s\u00e3o chamadas de L.E \u200esignifica Livere Egyptien, ou EGP significa Libra Eg\u00edpcia. \u00c9 obrigat\u00f3rio no Egito usar Libra Eg\u00edpcia [&hellip;]<\/p>\n","protected":false},"author":1,"featured_media":0,"parent":0,"menu_order":0,"comment_status":"closed","ping_status":"closed","template":"template-home-modern.php","meta":{"_acf_changed":false,"footnotes":""},"class_list":["post-28762","page","type-page","status-publish","has-post-thumbnail","hentry"],"acf":[],"_links":{"self":[{"href":"https:\/\/www.exploreegypttours.com\/pt-br\/wp-json\/wp\/v2\/pages\/28762","targetHints":{"allow":["GET"]}}],"collection":[{"href":"https:\/\/www.exploreegypttours.com\/pt-br\/wp-json\/wp\/v2\/pages"}],"about":[{"href":"https:\/\/www.exploreegypttours.com\/pt-br\/wp-json\/wp\/v2\/types\/page"}],"author":[{"embeddable":true,"href":"https:\/\/www.exploreegypttours.com\/pt-br\/wp-json\/wp\/v2\/users\/1"}],"replies":[{"embeddable":true,"href":"https:\/\/www.exploreegypttours.com\/pt-br\/wp-json\/wp\/v2\/comments?post=28762"}],"version-history":[{"count":0,"href":"https:\/\/www.exploreegypttours.com\/pt-br\/wp-json\/wp\/v2\/pages\/28762\/revisions"}],"wp:attachment":[{"href":"https:\/\/www.exploreegypttours.com\/pt-br\/wp-json\/wp\/v2\/media?parent=28762"}],"curies":[{"name":"wp","href":"https:\/\/api.w.org\/{rel}","templated":true}]}}