{"id":37608,"date":"2022-07-20T08:25:14","date_gmt":"2022-07-20T08:25:14","guid":{"rendered":"https:\/\/2022.exploreegypttours.com\/tour-package\/"},"modified":"2022-11-16T15:14:16","modified_gmt":"2022-11-16T15:14:16","slug":"best-egypt-travel-vacation-packages","status":"publish","type":"page","link":"https:\/\/www.exploreegypttours.com\/pt-br\/as-melhores-viagens-para-o-gito-viagem-roteiro\/","title":{"rendered":"Pacotes de viagem para o Egito"},"content":{"rendered":"<div class=\"wpb-content-wrapper\"><p>[vc_row][vc_column][vc_column_text]<strong>Pacotes de viagem para o Egito<\/strong><\/p>\n<p>Um conjunto de servi\u00e7os oferecidos por nossa agencia, inclui alojamento no hotel, as visitas dentro do pais e os\u00a0 transportes, reservar em online. J\u00e1 a aquisi\u00e7\u00e3o em pontos f\u00edsicos costumam j\u00e1 possuir datas e benef\u00edcios inclusos para informar ao cliente no ato da compra.<\/p>\n<p>Em nossa p\u00e1gina temos uma grande variedade de ofertas para satisfazer todas as necessidades com os pre\u00e7os mais acess\u00edveis para todos os gostos e todos os tipos de bolsos. Somos especialistas em passeios no Egito e toda a nossa equipe toma todas as medidas para garantir que voc\u00ea tenha o melhor passeio de todos os tempos com total seguran\u00e7a. Confie em n\u00f3s e comece a reservar para ter a sua viagem da sua vida. \u00a0\u00a1N\u00e3o deixe que eles lhe digam!<\/p>\n<p><strong>\u201cO MUNDO \u00c9 UM LIVRO E QUEM N\u00c3O VIAJA L\u00ca APENAS UMA P\u00c1GINA\u201d. <\/strong><strong>\u00a0SANTO AGOSTO<\/strong>[\/vc_column_text][\/vc_column][\/vc_row]<\/p>\n<\/div>","protected":false},"excerpt":{"rendered":"<p>[vc_row][vc_column][vc_column_text]Pacotes de viagem para o Egito Um conjunto de servi\u00e7os oferecidos por nossa agencia, inclui alojamento no hotel, as visitas dentro do pais e os\u00a0 transportes, reservar em online. J\u00e1 a aquisi\u00e7\u00e3o em pontos f\u00edsicos costumam j\u00e1 possuir datas e benef\u00edcios inclusos para informar ao cliente no ato da compra. Em nossa p\u00e1gina temos uma [&hellip;]<\/p>\n","protected":false},"author":1,"featured_media":0,"parent":0,"menu_order":0,"comment_status":"closed","ping_status":"closed","template":"template-tour-search.php","meta":{"_acf_changed":false,"footnotes":""},"class_list":["post-37608","page","type-page","status-publish","has-post-thumbnail","hentry"],"acf":[],"_links":{"self":[{"href":"https:\/\/www.exploreegypttours.com\/pt-br\/wp-json\/wp\/v2\/pages\/37608","targetHints":{"allow":["GET"]}}],"collection":[{"href":"https:\/\/www.exploreegypttours.com\/pt-br\/wp-json\/wp\/v2\/pages"}],"about":[{"href":"https:\/\/www.exploreegypttours.com\/pt-br\/wp-json\/wp\/v2\/types\/page"}],"author":[{"embeddable":true,"href":"https:\/\/www.exploreegypttours.com\/pt-br\/wp-json\/wp\/v2\/users\/1"}],"replies":[{"embeddable":true,"href":"https:\/\/www.exploreegypttours.com\/pt-br\/wp-json\/wp\/v2\/comments?post=37608"}],"version-history":[{"count":0,"href":"https:\/\/www.exploreegypttours.com\/pt-br\/wp-json\/wp\/v2\/pages\/37608\/revisions"}],"wp:attachment":[{"href":"https:\/\/www.exploreegypttours.com\/pt-br\/wp-json\/wp\/v2\/media?parent=37608"}],"curies":[{"name":"wp","href":"https:\/\/api.w.org\/{rel}","templated":true}]}}