{"id":37617,"date":"2022-07-20T08:26:58","date_gmt":"2022-07-20T08:26:58","guid":{"rendered":"https:\/\/2022.exploreegypttours.com\/special-tours\/"},"modified":"2022-11-17T11:32:42","modified_gmt":"2022-11-17T11:32:42","slug":"special-tours","status":"publish","type":"page","link":"https:\/\/www.exploreegypttours.com\/pt-br\/as-melhores-visites-sp%C3%A9ciales-offres-de-voyages-en-egypte\/","title":{"rendered":"Visitas e ofertas espiciais no Egito"},"content":{"rendered":"<div class=\"wpb-content-wrapper\"><p>[vc_row][vc_column][vc_column_text]<strong>Visitas e ofertas espiciais no Egito<\/strong><\/p>\n<p>Explore Egypt Tours planejar\u00e1 os passeios VIP a maneira mais eficiente e agrad\u00e1vel para grupos de at\u00e9 10 convidados verem e fazerem as coisas da sua lista. Basta nos dizer o que voc\u00ea gostaria de ver e eles personalizar\u00e3o seu dia de acordo com seu desejo.<\/p>\n<p>Depois de ser buscado em suas acomoda\u00e7\u00f5es em um ve\u00edculo particular, desfrute de uma hospitalidade incompar\u00e1vel e conhe\u00e7a algumas de suas atra\u00e7\u00f5es favoritas ao lado de um guia tur\u00edstico VIP.<\/p>\n<p>EXPERI\u00caNCIAS VIP EXCLUSIVAS<\/p>\n<p>-Entrada privada para o planteau de Giza: Visite o local hist\u00f3rico mais ic\u00f4nico do mundo fora do hor\u00e1rio normal para uma experi\u00eancia \u00edntima e sem multid\u00f5es.<\/p>\n<p>-Entrada privada para a gran pir\u00e2mide : Explore a Pir\u00e2mide de Khufu &#8211; incluindo duas c\u00e2maras fechadas ao p\u00fablico &#8211; sem outros turistas.<\/p>\n<p>-Entrada privada para o templo de Luxor : Descubre o templo famoso ao ar livre.[\/vc_column_text][\/vc_column][\/vc_row]<\/p>\n<\/div>","protected":false},"excerpt":{"rendered":"<p>[vc_row][vc_column][vc_column_text]Visitas e ofertas espiciais no Egito Explore Egypt Tours planejar\u00e1 os passeios VIP a maneira mais eficiente e agrad\u00e1vel para grupos de at\u00e9 10 convidados verem e fazerem as coisas da sua lista. Basta nos dizer o que voc\u00ea gostaria de ver e eles personalizar\u00e3o seu dia de acordo com seu desejo. Depois de ser [&hellip;]<\/p>\n","protected":false},"author":1,"featured_media":0,"parent":0,"menu_order":0,"comment_status":"closed","ping_status":"closed","template":"template-tour-search.php","meta":{"_acf_changed":false,"footnotes":""},"class_list":["post-37617","page","type-page","status-publish","has-post-thumbnail","hentry"],"acf":[],"_links":{"self":[{"href":"https:\/\/www.exploreegypttours.com\/pt-br\/wp-json\/wp\/v2\/pages\/37617","targetHints":{"allow":["GET"]}}],"collection":[{"href":"https:\/\/www.exploreegypttours.com\/pt-br\/wp-json\/wp\/v2\/pages"}],"about":[{"href":"https:\/\/www.exploreegypttours.com\/pt-br\/wp-json\/wp\/v2\/types\/page"}],"author":[{"embeddable":true,"href":"https:\/\/www.exploreegypttours.com\/pt-br\/wp-json\/wp\/v2\/users\/1"}],"replies":[{"embeddable":true,"href":"https:\/\/www.exploreegypttours.com\/pt-br\/wp-json\/wp\/v2\/comments?post=37617"}],"version-history":[{"count":0,"href":"https:\/\/www.exploreegypttours.com\/pt-br\/wp-json\/wp\/v2\/pages\/37617\/revisions"}],"wp:attachment":[{"href":"https:\/\/www.exploreegypttours.com\/pt-br\/wp-json\/wp\/v2\/media?parent=37617"}],"curies":[{"name":"wp","href":"https:\/\/api.w.org\/{rel}","templated":true}]}}