{"id":45419,"date":"2022-11-28T10:23:29","date_gmt":"2022-11-28T10:23:29","guid":{"rendered":"https:\/\/2022.exploreegypttours.com\/?page_id=45419"},"modified":"2022-12-06T11:17:45","modified_gmt":"2022-12-06T11:17:45","slug":"viagens-para-o-egito","status":"publish","type":"page","link":"https:\/\/www.exploreegypttours.com\/pt-br\/melhores-pacotes-viagens-para-o-egito-ferias-no-egito\/","title":{"rendered":"Viagens para o Egito"},"content":{"rendered":"<p><strong>Os melhores pacotes de viagem para o Egito 2023<\/strong><\/p>\n<p>Um conjunto de servi\u00e7os oferecidos pela nossa ag\u00eancia, incluindo alojamento em hotel, visitas dentro do pa\u00eds e transportes, reserve online. Compras em pontos f\u00edsicos geralmente j\u00e1 possuem datas e benef\u00edcios inclusos para informar o cliente na hora da compra.<\/p>\n<p><strong>f\u00e9rias no Egito<\/strong><\/p>\n<p>Egypt Travel, n\u00e3o importa onde voc\u00ea esteja dentro ou fora do Egito, estamos empenhados em ajud\u00e1-lo a aproveitar ao m\u00e1ximo seu tempo para aproveitar ao m\u00e1ximo suas f\u00e9rias no Egito, voc\u00ea pode conferir os passeios e atividades tur\u00edsticas para escolher.<\/p>\n<p>&#8220;O MUNDO \u00c9 UM LIVRO E QUEM N\u00c3O VIAJA L\u00ca APENAS UMA P\u00c1GINA&#8221;. ~ SANTO AGOSTO<\/p>\n","protected":false},"excerpt":{"rendered":"<p>Os melhores pacotes de viagem para o Egito 2023 Um conjunto de servi\u00e7os oferecidos pela nossa ag\u00eancia, incluindo alojamento em hotel, visitas dentro do pa\u00eds e transportes, reserve online. Compras em pontos f\u00edsicos geralmente j\u00e1 possuem datas e benef\u00edcios inclusos para informar o cliente na hora da compra. f\u00e9rias no Egito Egypt Travel, n\u00e3o importa [&hellip;]<\/p>\n","protected":false},"author":28,"featured_media":0,"parent":0,"menu_order":0,"comment_status":"closed","ping_status":"closed","template":"template-tour-search.php","meta":{"_acf_changed":false,"footnotes":""},"class_list":["post-45419","page","type-page","status-publish","has-post-thumbnail","hentry"],"acf":[],"_links":{"self":[{"href":"https:\/\/www.exploreegypttours.com\/pt-br\/wp-json\/wp\/v2\/pages\/45419","targetHints":{"allow":["GET"]}}],"collection":[{"href":"https:\/\/www.exploreegypttours.com\/pt-br\/wp-json\/wp\/v2\/pages"}],"about":[{"href":"https:\/\/www.exploreegypttours.com\/pt-br\/wp-json\/wp\/v2\/types\/page"}],"author":[{"embeddable":true,"href":"https:\/\/www.exploreegypttours.com\/pt-br\/wp-json\/wp\/v2\/users\/28"}],"replies":[{"embeddable":true,"href":"https:\/\/www.exploreegypttours.com\/pt-br\/wp-json\/wp\/v2\/comments?post=45419"}],"version-history":[{"count":0,"href":"https:\/\/www.exploreegypttours.com\/pt-br\/wp-json\/wp\/v2\/pages\/45419\/revisions"}],"wp:attachment":[{"href":"https:\/\/www.exploreegypttours.com\/pt-br\/wp-json\/wp\/v2\/media?parent=45419"}],"curies":[{"name":"wp","href":"https:\/\/api.w.org\/{rel}","templated":true}]}}