{"id":45420,"date":"2022-11-28T10:26:41","date_gmt":"2022-11-28T10:26:41","guid":{"rendered":"https:\/\/2022.exploreegypttours.com\/?page_id=45420"},"modified":"2022-11-30T08:02:21","modified_gmt":"2022-11-30T08:02:21","slug":"cruzeiro-no-nilo-dahabiya-e-felucca","status":"publish","type":"page","link":"https:\/\/www.exploreegypttours.com\/pt-br\/melhores-cruzeiros-no-nilo-dahabiya-lago-nasser-felucca-rio-nilo\/","title":{"rendered":"Cruzeiro no Nilo, Dahabiya e Felucca"},"content":{"rendered":"<p><strong>Cruzeiro no Nilo, Dahabiya e Felucca<\/strong><\/p>\n<p>Este tipo de viagens \u00e9 mais melhor quando emparque num navio tradicional e passa seus passeios no centro de agua entre margens verdes e paisagens naturais.<\/p>\n<p>Seu navio que cruza o Rio Nilo para visitar os monumentos atra\u00e7\u00f5es que ficam cercanos das margens do Nilo por esso voc\u00ea tem aventuras tudos os dias.<\/p>\n<p><strong>Dahabiya<\/strong> \u00e9 um cruzeiro no Nilo muito conhecido, est\u00e0 luxo e bem op\u00e7\u00e3o para grupos de amigos que querem divers\u00e3o sem tr\u00e9gua, fam\u00edlias com crian\u00e7as pequenas e casais que buscam conheciment a bordo ou aventuras. pegue a maneira cl\u00e1ssica de ver o Nilo e volte no tempo.<\/p>\n<p><strong>O Cruzeiro<\/strong> esta uma maneira b\u00f5a para explorar mais atrac\u00f5es no ritmo calmo de Luxor a Aswan ou de Aswan a Luxor. A bordo tem um baneiro privativo, terra\u00e7o e cabines luxuosas, al\u00e9m de uma cozinha onde cuzena seu chefe excelente, como est\u00e1 na sua casa durante os passeios.<\/p>\n<p><strong>Cruzeiros do lago de Nasser<\/strong> que foi construida por a barragem de Aswan, este tipo de cruzeiros esta muito luxo e come\u00e7a de Aswan a Abu Sembel passando por templo de Amada, Qasr Ibrim, vale de Sebou ate templo de Abu Sembel. Outro cruzeiro come\u00e7a de Abu Sembel a Aswan.<\/p>\n<p><strong>Cruzeiro Largo<\/strong> que come\u00e7a do Cairo a Aswan, passando por mais atrac\u00f5es nas cidades maravelhosas.<\/p>\n<p><strong>Feluca no Nilo<\/strong> Pode passar 3 dias em felucca no Rio Nilo cruza por centro do rio enquanto desfrute de visitar os templos de Aswan at\u00e9 \u00a0Kom Ombo. \u00a0Aproveite as margens verdes do Nilo e o ritmo calmo d&#8217; \u00e1gua.<\/p>\n","protected":false},"excerpt":{"rendered":"<p>Cruzeiro no Nilo, Dahabiya e Felucca Este tipo de viagens \u00e9 mais melhor quando emparque num navio tradicional e passa seus passeios no centro de agua entre margens verdes e paisagens naturais. Seu navio que cruza o Rio Nilo para visitar os monumentos atra\u00e7\u00f5es que ficam cercanos das margens do Nilo por esso voc\u00ea tem [&hellip;]<\/p>\n","protected":false},"author":28,"featured_media":0,"parent":0,"menu_order":0,"comment_status":"closed","ping_status":"closed","template":"template-tour-search.php","meta":{"_acf_changed":false,"footnotes":""},"class_list":["post-45420","page","type-page","status-publish","has-post-thumbnail","hentry"],"acf":[],"_links":{"self":[{"href":"https:\/\/www.exploreegypttours.com\/pt-br\/wp-json\/wp\/v2\/pages\/45420","targetHints":{"allow":["GET"]}}],"collection":[{"href":"https:\/\/www.exploreegypttours.com\/pt-br\/wp-json\/wp\/v2\/pages"}],"about":[{"href":"https:\/\/www.exploreegypttours.com\/pt-br\/wp-json\/wp\/v2\/types\/page"}],"author":[{"embeddable":true,"href":"https:\/\/www.exploreegypttours.com\/pt-br\/wp-json\/wp\/v2\/users\/28"}],"replies":[{"embeddable":true,"href":"https:\/\/www.exploreegypttours.com\/pt-br\/wp-json\/wp\/v2\/comments?post=45420"}],"version-history":[{"count":0,"href":"https:\/\/www.exploreegypttours.com\/pt-br\/wp-json\/wp\/v2\/pages\/45420\/revisions"}],"wp:attachment":[{"href":"https:\/\/www.exploreegypttours.com\/pt-br\/wp-json\/wp\/v2\/media?parent=45420"}],"curies":[{"name":"wp","href":"https:\/\/api.w.org\/{rel}","templated":true}]}}