{"id":45421,"date":"2022-11-28T10:32:40","date_gmt":"2022-11-28T10:32:40","guid":{"rendered":"https:\/\/2022.exploreegypttours.com\/?page_id=45421"},"modified":"2022-11-30T08:35:36","modified_gmt":"2022-11-30T08:35:36","slug":"turismo-no-egito","status":"publish","type":"page","link":"https:\/\/www.exploreegypttours.com\/pt-br\/melhores-turismo-no-egito-passeio-excurs%C3%B5es\/","title":{"rendered":"Turismo no Egito"},"content":{"rendered":"<p><strong>Turismo no Egito<\/strong><\/p>\n<p>O pa\u00eds est\u00e1 entre um dos mais seguros do Oreinte M\u00e9dio, al\u00e9m tem muitos lugares para conhecer, entre mais atra\u00e7\u00f5es s\u00e3o as pir\u00e2mides, Museu Eg\u00edpcio e monumentos de Luxor, Aswan e Alexandria.<\/p>\n<p>Nosso operador tur\u00edstico local profissional no Egito esperando para ajud\u00e1-lo a crie e reserve on-line sua excurs\u00e3o de um dia, mesmo no \u00faltimo minuto, com mais flexibilidade para atender \u00e0s suas necessidades, capture as belas lembran\u00e7as com sua fam\u00edlia e amigo.<\/p>\n","protected":false},"excerpt":{"rendered":"<p>Turismo no Egito O pa\u00eds est\u00e1 entre um dos mais seguros do Oreinte M\u00e9dio, al\u00e9m tem muitos lugares para conhecer, entre mais atra\u00e7\u00f5es s\u00e3o as pir\u00e2mides, Museu Eg\u00edpcio e monumentos de Luxor, Aswan e Alexandria. Nosso operador tur\u00edstico local profissional no Egito esperando para ajud\u00e1-lo a crie e reserve on-line sua excurs\u00e3o de um dia, [&hellip;]<\/p>\n","protected":false},"author":28,"featured_media":0,"parent":0,"menu_order":0,"comment_status":"closed","ping_status":"closed","template":"template-tour-search.php","meta":{"_acf_changed":false,"footnotes":""},"class_list":["post-45421","page","type-page","status-publish","has-post-thumbnail","hentry"],"acf":[],"_links":{"self":[{"href":"https:\/\/www.exploreegypttours.com\/pt-br\/wp-json\/wp\/v2\/pages\/45421","targetHints":{"allow":["GET"]}}],"collection":[{"href":"https:\/\/www.exploreegypttours.com\/pt-br\/wp-json\/wp\/v2\/pages"}],"about":[{"href":"https:\/\/www.exploreegypttours.com\/pt-br\/wp-json\/wp\/v2\/types\/page"}],"author":[{"embeddable":true,"href":"https:\/\/www.exploreegypttours.com\/pt-br\/wp-json\/wp\/v2\/users\/28"}],"replies":[{"embeddable":true,"href":"https:\/\/www.exploreegypttours.com\/pt-br\/wp-json\/wp\/v2\/comments?post=45421"}],"version-history":[{"count":0,"href":"https:\/\/www.exploreegypttours.com\/pt-br\/wp-json\/wp\/v2\/pages\/45421\/revisions"}],"wp:attachment":[{"href":"https:\/\/www.exploreegypttours.com\/pt-br\/wp-json\/wp\/v2\/media?parent=45421"}],"curies":[{"name":"wp","href":"https:\/\/api.w.org\/{rel}","templated":true}]}}