{"id":45422,"date":"2022-11-28T10:41:04","date_gmt":"2022-11-28T10:41:04","guid":{"rendered":"https:\/\/2022.exploreegypttours.com\/?page_id=45422"},"modified":"2022-11-30T08:37:16","modified_gmt":"2022-11-30T08:37:16","slug":"excursoes-terrestres","status":"publish","type":"page","link":"https:\/\/www.exploreegypttours.com\/pt-br\/melhores-excursoes-terrestres-turismo-no-egito-passeio-de-cruzeiro\/","title":{"rendered":"Excurs\u00f5es Terrestres"},"content":{"rendered":"<p><strong>Excurs\u00f5es Terrestres<\/strong><\/p>\n<p>Que vai esculhar depois de reservar seu cruzeiro ? voc\u00ea precisa escolhar seu excurs\u00e3o com Explore Egypt Tours. O passseio come\u00e7a do porto em direc\u00e7\u00e3o ao Cairo ou a outra cidade seg\u00fan o destino.<\/p>\n<p>N\u00e3o pense duas vezes, reserve suas excurs\u00f5es de cruzeiro conosco.<\/p>\n<p>Explore as cidades eg\u00edpcias\u00a0 mais maravelhosas donde est\u00e3o os portos : Por Said, Alexandria, Sharm, Safaga e Sokhna gra\u00e7as \u00e0s excurs\u00f5es para passageiros de cruzeiros que oferecemos.<\/p>\n<p>O excurs\u00e3o do porto de Said est\u00e1 no cairo, o excurs\u00e3o do porto de Alexandria est\u00e1 na mesma cidade ou no Cairo, o excurs\u00e3o do porto de Sharm est\u00e1 em Sharm, o excurs\u00e3o do porto de Safaga est\u00e1 em Luxor ou Hurgada e o excurs\u00e3o do porto de Sokhna est\u00e1 no Cairo.<\/p>\n<p>Somos uma ag\u00eancia online especializada na organiza\u00e7\u00e3o de excurs\u00f5es para navios de cruzeiro.<\/p>\n<p>Encontre as\u00a0excurs\u00f5es para o seu cruzeiro\u00a0ao melhor pre\u00e7o e desfrute de uma experi\u00eancia inesquec\u00edvel.<\/p>\n","protected":false},"excerpt":{"rendered":"<p>Excurs\u00f5es Terrestres Que vai esculhar depois de reservar seu cruzeiro ? voc\u00ea precisa escolhar seu excurs\u00e3o com Explore Egypt Tours. O passseio come\u00e7a do porto em direc\u00e7\u00e3o ao Cairo ou a outra cidade seg\u00fan o destino. N\u00e3o pense duas vezes, reserve suas excurs\u00f5es de cruzeiro conosco. Explore as cidades eg\u00edpcias\u00a0 mais maravelhosas donde est\u00e3o os [&hellip;]<\/p>\n","protected":false},"author":28,"featured_media":0,"parent":0,"menu_order":0,"comment_status":"closed","ping_status":"closed","template":"template-tour-search.php","meta":{"_acf_changed":false,"footnotes":""},"class_list":["post-45422","page","type-page","status-publish","has-post-thumbnail","hentry"],"acf":[],"_links":{"self":[{"href":"https:\/\/www.exploreegypttours.com\/pt-br\/wp-json\/wp\/v2\/pages\/45422","targetHints":{"allow":["GET"]}}],"collection":[{"href":"https:\/\/www.exploreegypttours.com\/pt-br\/wp-json\/wp\/v2\/pages"}],"about":[{"href":"https:\/\/www.exploreegypttours.com\/pt-br\/wp-json\/wp\/v2\/types\/page"}],"author":[{"embeddable":true,"href":"https:\/\/www.exploreegypttours.com\/pt-br\/wp-json\/wp\/v2\/users\/28"}],"replies":[{"embeddable":true,"href":"https:\/\/www.exploreegypttours.com\/pt-br\/wp-json\/wp\/v2\/comments?post=45422"}],"version-history":[{"count":0,"href":"https:\/\/www.exploreegypttours.com\/pt-br\/wp-json\/wp\/v2\/pages\/45422\/revisions"}],"wp:attachment":[{"href":"https:\/\/www.exploreegypttours.com\/pt-br\/wp-json\/wp\/v2\/media?parent=45422"}],"curies":[{"name":"wp","href":"https:\/\/api.w.org\/{rel}","templated":true}]}}